{"id":13791,"date":"2025-12-15T11:15:33","date_gmt":"2025-12-15T11:15:33","guid":{"rendered":"https:\/\/benimarkt.at\/?post_type=product&#038;p=13791"},"modified":"2026-03-06T12:56:54","modified_gmt":"2026-03-06T12:56:54","slug":"honda-hss-1380a-td-raupenlaufwerk-schneefraese-mit-honda-motor","status":"publish","type":"product","link":"https:\/\/benimarkt.at\/?product=honda-hss-1380a-td-raupenlaufwerk-schneefraese-mit-honda-motor","title":{"rendered":"HONDA HSS 1380A TD Raupenlaufwerk Schneefr\u00e4se mit Honda motor"},"content":{"rendered":"<ul>\n<li class=\"opened\"><a><span class=\"title\">Motor<\/span><\/a>\n<div class=\"content\">\n<table>\n<tbody>\n<tr>\n<td class=\"title\">Geschwindigkeit (km\/h)<\/td>\n<td class=\"result\">0 -3,60<\/td>\n<\/tr>\n<tr>\n<td class=\"title\">Motor<\/td>\n<td class=\"result\">GX 390<\/td>\n<\/tr>\n<tr>\n<td class=\"title\">Nennleistung (kW\/rpm)<\/td>\n<td class=\"result\">8,7\/3.600<\/td>\n<\/tr>\n<tr>\n<td class=\"title\">Tankvolumen (l)<\/td>\n<td class=\"result\">5,7<\/td>\n<\/tr>\n<tr>\n<td class=\"title\">Betriebsdauer (Std.)<\/td>\n<td class=\"result\">2,2<\/td>\n<\/tr>\n<tr>\n<td class=\"title\">Schallpegel (dB(A))<\/td>\n<td class=\"result\">102<\/td>\n<\/tr>\n<tr>\n<td class=\"title\">Startsystem<\/td>\n<td class=\"result\">Super-Leichtstart \/ Elektrostart<\/td>\n<\/tr>\n<tr>\n<td class=\"title\">Arbeitsstufen<\/td>\n<td class=\"result\">Zwei<\/td>\n<\/tr>\n<\/tbody>\n<\/table>\n<p>&nbsp;<\/p>\n<\/div>\n<\/li>\n<li class=\"opened\"><a><span class=\"title\">Funktion<\/span><\/a>\n<div class=\"content\">\n<table>\n<tbody>\n<tr>\n<td class=\"title\">R\u00e4umbreite (cm)<\/td>\n<td class=\"result\">81<\/td>\n<\/tr>\n<tr>\n<td class=\"title\">R\u00e4umh\u00f6he (cm)<\/td>\n<td class=\"result\">55<\/td>\n<\/tr>\n<tr>\n<td class=\"title\">R\u00e4umleistung (t\/Std.)<\/td>\n<td class=\"result\">75<\/td>\n<\/tr>\n<tr>\n<td class=\"title\">Auswurfweite (m)<\/td>\n<td class=\"result\">17<\/td>\n<\/tr>\n<tr>\n<td class=\"title\">Auswurfkamineinstellung<\/td>\n<td class=\"result\">2-stufig elektrisch<\/td>\n<\/tr>\n<tr>\n<td class=\"title\">Antrieb<\/td>\n<td class=\"result\">Stufenlos (Hydrostat)<\/td>\n<\/tr>\n<tr>\n<td class=\"title\">Fahrwerk<\/td>\n<td class=\"result\">Raupenlaufwerk<\/td>\n<\/tr>\n<tr>\n<td class=\"title\">Tankanzeige<\/td>\n<td class=\"result\">ja<\/td>\n<\/tr>\n<tr>\n<td class=\"title\">Besonderheiten<\/td>\n<td class=\"result\">Scheinwerfer, 2 doppelseitig nutzbare Gleitkufen, \u00dcberlastschutzkupplung, Betriebsstundenz\u00e4hler<\/td>\n<\/tr>\n<\/tbody>\n<\/table>\n<p>&nbsp;<\/p>\n<\/div>\n<\/li>\n<li class=\"opened\"><a><span class=\"title\">Abmessungen<\/span><\/a>\n<div class=\"content\">\n<table>\n<tbody>\n<tr>\n<td class=\"title\">Ma\u00dfe (L) (cm)<\/td>\n<td class=\"result\">148,5<\/td>\n<\/tr>\n<tr>\n<td class=\"title\">Ma\u00dfe (B) (cm)<\/td>\n<td class=\"result\">83,5<\/td>\n<\/tr>\n<tr>\n<td class=\"title\">Ma\u00dfe (H) (cm)<\/td>\n<td class=\"result\">123<\/td>\n<\/tr>\n<tr>\n<td class=\"title\">Gewicht (kg)<\/td>\n<td class=\"result\">135<\/td>\n<\/tr>\n<\/tbody>\n<\/table>\n<\/div>\n<\/li>\n<\/ul>\n","protected":false},"excerpt":{"rendered":"<p><strong>Honda HSS 1380A TD Schneefr\u00e4se: <\/strong><\/p>\n<ul>\n<li><strong>E-Start, traktionsstarkem <\/strong><\/li>\n<li><strong>Raupenlaufwerk<\/strong><\/li>\n<li><strong>Hydrostat-Antrieb<\/strong><\/li>\n<\/ul>\n<p>Die Honda Schneefr\u00e4se\u00a0HSS1380A TD\u00a0ist ideal geeignet f\u00fcr den gewerblichen bzw. professionellen Einsatz. Mit einer\u00a0R\u00e4umleistung von stolzen 75 Tonnen pro Stunde\u00a0und einer\u00a0R\u00e4umbreite von 81 cm\u00a0ist sie f\u00fcr die schnelle R\u00e4umung gro\u00dfer Fl\u00e4chen bestens geeignet. Mit dem zuverl\u00e4ssigen\u00a08,7 kW starken GX390-4-Takt-Motor\u00a0ist die HSS1380A TD extrem leistungsstark und dabei dennoch leise, vibrations- und emissionsarm. Dank\u00a0Hydrostat-Antrieb\u00a0kann die Geschwindigkeit \u00fcber einen Hebel\u00a0stufenlos\u00a0geregelt werden. So l\u00e4sst sich die Arbeitsgeschwindigkeit problemlos an alle Schnee- und Bodenbeschaffenheiten anpassen. Zudem verf\u00fcgt die HSS1380A TD \u00fcber ein\u00a0traktionsstarkes Raupenlaufwerk\u00a0was f\u00fcr noch mehr Bedienkomfort und h\u00f6here Flexibilit\u00e4t sorgt. Durch den joystickgesteuerten elektrischen Auswurfkamin k\u00f6nnen Sie exakt bestimmen, wohin der Schnee ausgeworfen wird. Dank\u00a0E-Start\u00a0l\u00e4sst sich der Motor ohne Anstrengung starten.<\/p>\n<p>Die Modelle der 13er Serie sind f\u00fcr die R\u00e4umung gro\u00dfer Fl\u00e4chen gebaut und bieten eine ideale Kombination aus kraftvollem Motor, Hydrostat-Antrieb, leichter Fr\u00e4sh\u00f6heneinstellung und joystickgesteuertem Auswurfkamin das punktgenaue Auswerfen des Schnees. Selbstverst\u00e4ndlich sind alle Modelle der 13er Serie mit der einzigartigen \u00dcberlastschutzkupplung ausgestattet. Somit k\u00f6nnen auch Stellen, die aufgrund der Bodenbeschaffenheit schwer erreichbar sind, leicht vom Schnee befreit werden.<\/p>\n<div class=\"titleArea\">\n<h2>\u00dcberlastschutzkupplung<\/h2>\n<\/div>\n<div class=\"description\">\n<p>Die \u00dcberlastschutzkupplung ist eine einzigartige Funktion bei Honda Schneefr\u00e4sen. Trifft die Fr\u00e4se auf ein Hindernis wird der Motor wird gestoppt und das Fr\u00e4swerk ausgekuppelt. Die Fr\u00e4sschnecke wird somit nicht besch\u00e4digt und die Scherbolzen m\u00fcssen nicht so oft ausgetauscht werden. Nur bei Modellen mit Elektrostart verf\u00fcgbar.<\/p>\n<div class=\"titleArea\">\n<h2>Scheinwerfer als Standard<\/h2>\n<\/div>\n<div class=\"description\">\n<p>Ein leistungsstarker und einstellbarer Arbeitsscheinwerfer erleichtert die Bedienung der Schneefr\u00e4se, insbesondere bei Dunkelheit.<\/p>\n<div class=\"titleArea\">\n<h2>Modell mit Raupenlaufwerk<\/h2>\n<\/div>\n<div class=\"description\">\n<p>Die Raupenlaufwerke bieten bessere Traktion bei den meisten Schneebedingungen sowie auf unebenem Untergrund und Kieswegen. Auch an steilen H\u00e4ngen halten sie die Spur, so dass Sie die Maschine voll unter Kontrolle haben.<\/p>\n<div class=\"titleArea\">\n<h2>Elektrostart<\/h2>\n<\/div>\n<div class=\"description\">\n<p>Der integrierte Elektrostart gew\u00e4hrleistet ein m\u00fcheloses Starten der Schneefr\u00e4se.<\/p>\n<div class=\"titleArea\">\n<h2>Betriebsstundenz\u00e4hler<\/h2>\n<\/div>\n<div class=\"description\">\n<p>Der praktische Betriebsstundenz\u00e4hler gibt einen \u00dcberblick \u00fcber die geleisteten Betriebsstunden, um sicherzustellen, dass die Wartung zum richtigen Zeitpunkt ausgef\u00fchrt wird.<\/p>\n<div class=\"titleArea\">\n<h2>Elektrische Auswurfkamineinstellung<\/h2>\n<\/div>\n<div class=\"description\">\n<p>Werfen Sie den Schnee dorthin, wo Sie ihn haben wollen. Die Richtung und Auswurfwinkel einfach per Joystick bestimmen. Bei anderen Modellen erfolgt die Einstellung manuell.<\/p>\n<div class=\"titleArea\">\n<h2>Fr\u00e4sh\u00f6heneinstellung<\/h2>\n<\/div>\n<div class=\"description\">\n<p>Die nur bei Honda erh\u00e4ltliche Fr\u00e4sh\u00f6heneinstellung erm\u00f6glicht die stufenlose Verstellung des Fr\u00e4sgeh\u00e4uses zur Anpassung an unterschiedliche Schneebedingungen. Nur f\u00fcr Maschinen mit Raupenlaufwerk.<\/p>\n<\/div>\n<\/div>\n<div class=\"titleArea\">\n<h2>Hydrostat-Antrieb<\/h2>\n<\/div>\n<div class=\"description\">\n<p>Der stufenlose Hydrostat erm\u00f6glicht die Einstellung unterschiedlicher Geschwindigkeiten, ohne dass sich dabei die Drehzahl der Fr\u00e4sschnecke \u00e4ndert.<\/p>\n<\/div>\n<\/div>\n<\/div>\n<\/div>\n<\/div>\n<\/div>\n","protected":false},"featured_media":13793,"comment_status":"open","ping_status":"closed","template":"","meta":[],"product_brand":[296],"product_cat":[138],"product_tag":[520,189,325],"class_list":{"0":"post-13791","1":"product","2":"type-product","3":"status-publish","4":"has-post-thumbnail","6":"product_brand-honda","7":"product_cat-schneefraesen","8":"product_tag-520","9":"product_tag-honda","10":"product_tag-schneefraesen","12":"first","13":"outofstock","14":"taxable","15":"shipping-taxable","16":"product-type-simple"},"_links":{"self":[{"href":"https:\/\/benimarkt.at\/index.php?rest_route=\/wp\/v2\/product\/13791","targetHints":{"allow":["GET"]}}],"collection":[{"href":"https:\/\/benimarkt.at\/index.php?rest_route=\/wp\/v2\/product"}],"about":[{"href":"https:\/\/benimarkt.at\/index.php?rest_route=\/wp\/v2\/types\/product"}],"replies":[{"embeddable":true,"href":"https:\/\/benimarkt.at\/index.php?rest_route=%2Fwp%2Fv2%2Fcomments&post=13791"}],"version-history":[{"count":1,"href":"https:\/\/benimarkt.at\/index.php?rest_route=\/wp\/v2\/product\/13791\/revisions"}],"predecessor-version":[{"id":13792,"href":"https:\/\/benimarkt.at\/index.php?rest_route=\/wp\/v2\/product\/13791\/revisions\/13792"}],"wp:featuredmedia":[{"embeddable":true,"href":"https:\/\/benimarkt.at\/index.php?rest_route=\/wp\/v2\/media\/13793"}],"wp:attachment":[{"href":"https:\/\/benimarkt.at\/index.php?rest_route=%2Fwp%2Fv2%2Fmedia&parent=13791"}],"wp:term":[{"taxonomy":"product_brand","embeddable":true,"href":"https:\/\/benimarkt.at\/index.php?rest_route=%2Fwp%2Fv2%2Fproduct_brand&post=13791"},{"taxonomy":"product_cat","embeddable":true,"href":"https:\/\/benimarkt.at\/index.php?rest_route=%2Fwp%2Fv2%2Fproduct_cat&post=13791"},{"taxonomy":"product_tag","embeddable":true,"href":"https:\/\/benimarkt.at\/index.php?rest_route=%2Fwp%2Fv2%2Fproduct_tag&post=13791"}],"curies":[{"name":"wp","href":"https:\/\/api.w.org\/{rel}","templated":true}]}}