{"id":13698,"date":"2025-12-10T10:40:41","date_gmt":"2025-12-10T10:40:41","guid":{"rendered":"https:\/\/benimarkt.at\/?post_type=product&#038;p=13698"},"modified":"2026-03-11T14:56:26","modified_gmt":"2026-03-11T14:56:26","slug":"husqvarna-benzin-45-cm-motorsaege-572-xpg","status":"publish","type":"product","link":"https:\/\/benimarkt.at\/?product=husqvarna-benzin-45-cm-motorsaege-572-xpg","title":{"rendered":"Husqvarna 572XP\u00aeG 45cm Benzin Motors\u00e4ge 572 XP\u00aeG"},"content":{"rendered":"<p>TECHNISCHE DATEN:<\/p>\n<div>\n<h3><\/h3>\n<div>\n<table class=\"hbd-table hbd-spec-table\">\n<tbody>\n<tr class=\"hbd-spec-table__group-start hbd-spec-table__column-sticky\">\n<td class=\"hbd-spec-table__group-name hui-text-subtitle1\">Motor<\/td>\n<td class=\"hbd-spec-table__article hui-text-body2 hbd-spec-table__article--active\">\n<div>572 XP\u00aeG<\/div>\n<\/td>\n<\/tr>\n<tr class=\"hbd-spec-table__spec-row hbd-spec-table__column-sticky\">\n<th class=\"hbd-spec-table__spec-name hui-text-body2\">Kettengeschwindigkeit bei max. Leistung<\/th>\n<td class=\"hbd-spec-table__spec-value hui-text-body2 hbd-spec-table__spec-value--active\">22 m\/s<\/td>\n<\/tr>\n<tr class=\"hbd-spec-table__spec-row hbd-spec-table__column-sticky\">\n<th class=\"hbd-spec-table__spec-name hui-text-body2\">Hubraum<\/th>\n<td class=\"hbd-spec-table__spec-value hui-text-body2 hbd-spec-table__spec-value--active\">70,6 cm\u00b3<\/td>\n<\/tr>\n<tr class=\"hbd-spec-table__spec-row hbd-spec-table__column-sticky\">\n<th class=\"hbd-spec-table__spec-name hui-text-body2\">\n<div>Ausgangsleistung<sup>1<\/sup><\/div>\n<\/th>\n<td class=\"hbd-spec-table__spec-value hui-text-body2 hbd-spec-table__spec-value--active\">4,3 kW<\/td>\n<\/tr>\n<tr class=\"hbd-spec-table__group-start hbd-spec-table__column-sticky\">\n<td class=\"hbd-spec-table__group-name hui-text-subtitle1\">Ausr\u00fcstung<\/td>\n<td class=\"hbd-spec-table__article hui-text-body2 hbd-spec-table__article--active\"><\/td>\n<\/tr>\n<tr class=\"hbd-spec-table__spec-row hbd-spec-table__column-sticky\">\n<th class=\"hbd-spec-table__spec-name hui-text-body2\">Empfohlene Schienenl\u00e4nge, min. (cm)<\/th>\n<td class=\"hbd-spec-table__spec-value hui-text-body2 hbd-spec-table__spec-value--active\">38 cm<\/td>\n<\/tr>\n<tr class=\"hbd-spec-table__spec-row hbd-spec-table__column-sticky\">\n<th class=\"hbd-spec-table__spec-name hui-text-body2\">Teilung<\/th>\n<td class=\"hbd-spec-table__spec-value hui-text-body2 hbd-spec-table__spec-value--active\">3\/8&#8243;<\/td>\n<\/tr>\n<tr class=\"hbd-spec-table__spec-row hbd-spec-table__column-sticky\">\n<th class=\"hbd-spec-table__spec-name hui-text-body2\">Empfohlene Schienenl\u00e4nge, max. (cm)<\/th>\n<td class=\"hbd-spec-table__spec-value hui-text-body2 hbd-spec-table__spec-value--active\">70 cm<\/td>\n<\/tr>\n<tr class=\"hbd-spec-table__spec-row hbd-spec-table__column-sticky\">\n<th class=\"hbd-spec-table__spec-name hui-text-body2\">Kettentyp<\/th>\n<td class=\"hbd-spec-table__spec-value hui-text-body2 hbd-spec-table__spec-value--active\">C85<\/td>\n<\/tr>\n<tr class=\"hbd-spec-table__spec-row hbd-spec-table__column-sticky\">\n<th class=\"hbd-spec-table__spec-name hui-text-body2\">Schienenl\u00e4nge<\/th>\n<td class=\"hbd-spec-table__spec-value hui-text-body2 hbd-spec-table__spec-value--active\">45 cm<\/td>\n<\/tr>\n<tr class=\"hbd-spec-table__spec-row hbd-spec-table__column-sticky\">\n<th class=\"hbd-spec-table__spec-name hui-text-body2\">Schienenl\u00e4nge (Zoll)<\/th>\n<td class=\"hbd-spec-table__spec-value hui-text-body2 hbd-spec-table__spec-value--active\">18 in<\/td>\n<\/tr>\n<tr class=\"hbd-spec-table__group-start hbd-spec-table__column-sticky\">\n<td class=\"hbd-spec-table__group-name hui-text-subtitle1\">Abmessungen<\/td>\n<td class=\"hbd-spec-table__article hui-text-body2 hbd-spec-table__article--active\"><\/td>\n<\/tr>\n<tr class=\"hbd-spec-table__spec-row hbd-spec-table__column-sticky\">\n<th class=\"hbd-spec-table__spec-name hui-text-body2\">Gewicht (exkl. Schneidausr\u00fcstung)<\/th>\n<td class=\"hbd-spec-table__spec-value hui-text-body2 hbd-spec-table__spec-value--active\">6,8 kg<\/td>\n<\/tr>\n<tr class=\"hbd-spec-table__group-start hbd-spec-table__column-sticky\">\n<td class=\"hbd-spec-table__group-name hui-text-subtitle1\">Ger\u00e4uschemissionen<\/td>\n<td class=\"hbd-spec-table__article hui-text-body2 hbd-spec-table__article--active\"><\/td>\n<\/tr>\n<tr class=\"hbd-spec-table__spec-row hbd-spec-table__column-sticky\">\n<th class=\"hbd-spec-table__spec-name hui-text-body2\">Schalldruckpegel am Ohr der Bedienperson<\/th>\n<td class=\"hbd-spec-table__spec-value hui-text-body2 hbd-spec-table__spec-value--active\">107 dB(A)<\/td>\n<\/tr>\n<tr class=\"hbd-spec-table__spec-row hbd-spec-table__column-sticky\">\n<th class=\"hbd-spec-table__spec-name hui-text-body2\">Schallleistungspegel, LWA<\/th>\n<td class=\"hbd-spec-table__spec-value hui-text-body2 hbd-spec-table__spec-value--active\">120 dB(A)<\/td>\n<\/tr>\n<tr class=\"hbd-spec-table__group-start hbd-spec-table__column-sticky\">\n<td class=\"hbd-spec-table__group-name hui-text-subtitle1\">Vibrationen<\/td>\n<td class=\"hbd-spec-table__article hui-text-body2 hbd-spec-table__article--active\"><\/td>\n<\/tr>\n<tr class=\"hbd-spec-table__spec-row hbd-spec-table__column-sticky\">\n<th class=\"hbd-spec-table__spec-name hui-text-body2\">Vibrationswert (ahv, eq), hinterer Handgriff<\/th>\n<td class=\"hbd-spec-table__spec-value hui-text-body2 hbd-spec-table__spec-value--active\">4,1 m\/s\u00b2<\/td>\n<\/tr>\n<tr class=\"hbd-spec-table__spec-row hbd-spec-table__column-sticky\">\n<th class=\"hbd-spec-table__spec-name hui-text-body2\">\u00c4quivalenter Vibrationswert (ahv, eq) vorderer\/ hinterer Handgriff<\/th>\n<td class=\"hbd-spec-table__spec-value hui-text-body2 hbd-spec-table__spec-value--active\">5 m\/s\u00b2<\/td>\n<\/tr>\n<\/tbody>\n<\/table>\n<\/div>\n<\/div>\n","protected":false},"excerpt":{"rendered":"<p>BESCHREIBUNG:<\/p>\n<h4>Die Husqvarna 572\u00a0XP\u00ae G ist eine Hochleistungs-Benzin-Motors\u00e4ge mit modernem Design f\u00fcr die professionelle Holzernte.<\/h4>\n<h4>Beheizte Griffe verbessern Komfort und Handling. Bei kaltem und feuchtem Wetter ist dies unsere beste 71cm\u00b3 Benzin-Motors\u00e4ge f\u00fcr das F\u00e4llen, Entasten und Abl\u00e4ngen von Laubholz und gro\u00dfen Nadelb\u00e4umen. Die hohe Schnittleistung, das schlanke S\u00e4gendesign und die innovativen Funktionen &#8211; einschlie\u00dflich AutoTune &#8211; sorgen f\u00fcr effizientes und bequemes Arbeiten.<\/h4>\n<h4 class=\"ui-pl ui-hq ui-pp\">F\u00fcr den Einsatz mit einer F\u00fchrungsschiene von bis zu 28 Zoll.<\/h4>\n<ul>\n<li>H\u00e4lt Ihre H\u00e4nde warm f\u00fcr mehr Komfort und Produktivit\u00e4t. Die Aufrechterhaltung der Man\u00f6vrierbarkeit und Kontrolle auf h\u00f6chstem Niveau erh\u00f6ht auch die Sicherheit.<\/li>\n<li>Das neue Motordesign bietet einen breiten nutzbaren Drehzahlbereich f\u00fcr maximale Leistung auch unter schweren Lasten. 12% h\u00f6here Schnittleistung (im Vergleich zu fr\u00fcheren Modellen im gleichen cc-Bereich) macht die S\u00e4ge ideal f\u00fcr den produktiven Betrieb &#8211; auch bei langen F\u00fchrungsschienen.<\/li>\n<li>Unser neues K\u00fchlsystem ist in jedem Detail optimiert, um Ihnen eine zuverl\u00e4ssige Kettens\u00e4ge f\u00fcr jede Situation zu bieten.<\/li>\n<li>Die 572 XP\u00ae besitzt &#8211; serienm\u00e4\u00dfig &#8211; einen gro\u00dffl\u00e4chigen Hochleistungsfilter f\u00fcr l\u00e4ngere und bessere Filtration. Der Filter hat eine gr\u00f6\u00dfere Filterfl\u00e4che als die vorherige Generation und erm\u00f6glicht eine Motors\u00e4ge mit einem ges\u00fcnderen Motor, optimiert f\u00fcr lange Arbeitszeiten.<\/li>\n<li>AutoTune\u2122 gew\u00e4hrleistet eine korrekt eingestellte Motoreinstellung und optimierte Motorleistung unter allen Bedingungen.<\/li>\n<li>Das Antivibrationssystem von Husqvarna trennt Ihre H\u00e4nde effizient von den Vibrationen, die vom Motor und der Schneidausr\u00fcstung erzeugt werden. Dies sch\u00fctzt Ihren K\u00f6rper, reduziert aber auch die Ersch\u00f6pfung in Armen und H\u00e4nden und tr\u00e4gt letztendlich dazu bei, Ihren Arbeitstag produktiver zu gestalten.<\/li>\n<li>Der Kettenraddeckel wurde so gestaltet, um einen schnellen und sicheren S\u00e4geschnitt zu erm\u00f6glichen. Das Design verhindert Verstopfungen, auch beim Schneiden von Langfaserholz.<\/li>\n<li>Das innovative System zur Motorsteuerung ist auf eine lange Lebensdauer ausgelegt. Das System \u00fcberwacht den Motor und stellt sicher, dass der Motor immer vor \u00dcberdrehen gesch\u00fctzt ist.<\/li>\n<li>Der Gummigriff sorgt f\u00fcr einen festen Griff und erm\u00f6glicht Ihnen gleichzeitig Flexibilit\u00e4t w\u00e4hrend der Arbeit.<\/li>\n<li>AutoTune sorgt dank automatischer Motorsteuerung f\u00fcr die optimale Leistungsausbeute. Eine manuelle Vergasereinstellung ist nicht mehr erforderlich. AutoTune kompensiert wechselnde Kraftstoffqualit\u00e4ten, H\u00f6hen- und Luftfeuchtigkeitsunterschiede, Temperaturschwankungen und zugesetzte Luftfilter.<\/li>\n<li>Das kr\u00e4ftige Kurbelgeh\u00e4use h\u00e4lt auch hohen Drehzahlen bei professionellen Eins\u00e4tzen stand und erm\u00f6glicht eine hohe Lebensdauer.<\/li>\n<li>Speziell entwickelter Motor und Anlasser f\u00fcr einfaches und schnelles Starten mit minimalem Kraftaufwand. Der Widerstand im Startseil wird um bis zu 40\u00a0% reduziert.<\/li>\n<li>Unsere X-TORQ\u00ae Motoren liefern starke Leistung und Drehmoment dank h\u00f6chst effizienter Verbrennung.<\/li>\n<\/ul>\n","protected":false},"featured_media":13699,"comment_status":"open","ping_status":"closed","template":"","meta":[],"product_brand":[299],"product_cat":[134,130],"product_tag":[480,476,328],"class_list":{"0":"post-13698","1":"product","2":"type-product","3":"status-publish","4":"has-post-thumbnail","6":"product_brand-husqvarna","7":"product_cat-gartenbau","8":"product_cat-motorsaegen","9":"product_tag-480","10":"product_tag-husqvarna","11":"product_tag-motorsaegen","13":"first","14":"instock","15":"taxable","16":"shipping-taxable","17":"purchasable","18":"product-type-simple"},"_links":{"self":[{"href":"https:\/\/benimarkt.at\/index.php?rest_route=\/wp\/v2\/product\/13698","targetHints":{"allow":["GET"]}}],"collection":[{"href":"https:\/\/benimarkt.at\/index.php?rest_route=\/wp\/v2\/product"}],"about":[{"href":"https:\/\/benimarkt.at\/index.php?rest_route=\/wp\/v2\/types\/product"}],"replies":[{"embeddable":true,"href":"https:\/\/benimarkt.at\/index.php?rest_route=%2Fwp%2Fv2%2Fcomments&post=13698"}],"version-history":[{"count":4,"href":"https:\/\/benimarkt.at\/index.php?rest_route=\/wp\/v2\/product\/13698\/revisions"}],"predecessor-version":[{"id":13717,"href":"https:\/\/benimarkt.at\/index.php?rest_route=\/wp\/v2\/product\/13698\/revisions\/13717"}],"wp:featuredmedia":[{"embeddable":true,"href":"https:\/\/benimarkt.at\/index.php?rest_route=\/wp\/v2\/media\/13699"}],"wp:attachment":[{"href":"https:\/\/benimarkt.at\/index.php?rest_route=%2Fwp%2Fv2%2Fmedia&parent=13698"}],"wp:term":[{"taxonomy":"product_brand","embeddable":true,"href":"https:\/\/benimarkt.at\/index.php?rest_route=%2Fwp%2Fv2%2Fproduct_brand&post=13698"},{"taxonomy":"product_cat","embeddable":true,"href":"https:\/\/benimarkt.at\/index.php?rest_route=%2Fwp%2Fv2%2Fproduct_cat&post=13698"},{"taxonomy":"product_tag","embeddable":true,"href":"https:\/\/benimarkt.at\/index.php?rest_route=%2Fwp%2Fv2%2Fproduct_tag&post=13698"}],"curies":[{"name":"wp","href":"https:\/\/api.w.org\/{rel}","templated":true}]}}