{"id":13690,"date":"2025-12-10T10:06:52","date_gmt":"2025-12-10T10:06:52","guid":{"rendered":"https:\/\/benimarkt.at\/?post_type=product&#038;p=13690"},"modified":"2026-03-11T14:56:52","modified_gmt":"2026-03-11T14:56:52","slug":"husqvarna-benzin-45-cm-motorsaege-572-xp","status":"publish","type":"product","link":"https:\/\/benimarkt.at\/?product=husqvarna-benzin-45-cm-motorsaege-572-xp","title":{"rendered":"Husqvarna 572XP 45cm Benzin Motors\u00e4ge 572 XP"},"content":{"rendered":"<p>TECHNISCHE DATEN:<\/p>\n<h3><\/h3>\n<div>\n<table class=\"hbd-table hbd-spec-table\">\n<tbody>\n<tr class=\"hbd-spec-table__group-start hbd-spec-table__column-sticky\">\n<td class=\"hbd-spec-table__group-name hui-text-subtitle1\">Motor<\/td>\n<td class=\"hbd-spec-table__article hui-text-body2 hbd-spec-table__article--active\">\n<div>572 XP\u00ae<\/div>\n<\/td>\n<\/tr>\n<tr class=\"hbd-spec-table__spec-row hbd-spec-table__column-sticky\">\n<th class=\"hbd-spec-table__spec-name hui-text-body2\">Kettengeschwindigkeit bei max. Leistung<\/th>\n<td class=\"hbd-spec-table__spec-value hui-text-body2 hbd-spec-table__spec-value--active\">22 m\/s<\/td>\n<\/tr>\n<tr class=\"hbd-spec-table__spec-row hbd-spec-table__column-sticky\">\n<th class=\"hbd-spec-table__spec-name hui-text-body2\">Hubraum<\/th>\n<td class=\"hbd-spec-table__spec-value hui-text-body2 hbd-spec-table__spec-value--active\">70,6 cm\u00b3<\/td>\n<\/tr>\n<tr class=\"hbd-spec-table__spec-row hbd-spec-table__column-sticky\">\n<th class=\"hbd-spec-table__spec-name hui-text-body2\">\n<div>Ausgangsleistung<sup>1<\/sup><\/div>\n<\/th>\n<td class=\"hbd-spec-table__spec-value hui-text-body2 hbd-spec-table__spec-value--active\">4,3 kW<\/td>\n<\/tr>\n<tr class=\"hbd-spec-table__group-start hbd-spec-table__column-sticky\">\n<td class=\"hbd-spec-table__group-name hui-text-subtitle1\">Ausr\u00fcstung<\/td>\n<td class=\"hbd-spec-table__article hui-text-body2 hbd-spec-table__article--active\"><\/td>\n<\/tr>\n<tr class=\"hbd-spec-table__spec-row hbd-spec-table__column-sticky\">\n<th class=\"hbd-spec-table__spec-name hui-text-body2\">Empfohlene Schienenl\u00e4nge, min. (cm)<\/th>\n<td class=\"hbd-spec-table__spec-value hui-text-body2 hbd-spec-table__spec-value--active\">38 cm<\/td>\n<\/tr>\n<tr class=\"hbd-spec-table__spec-row hbd-spec-table__column-sticky\">\n<th class=\"hbd-spec-table__spec-name hui-text-body2\">Teilung<\/th>\n<td class=\"hbd-spec-table__spec-value hui-text-body2 hbd-spec-table__spec-value--active\">3\/8&#8243;<\/td>\n<\/tr>\n<tr class=\"hbd-spec-table__spec-row hbd-spec-table__column-sticky\">\n<th class=\"hbd-spec-table__spec-name hui-text-body2\">Empfohlene Schienenl\u00e4nge, max. (cm)<\/th>\n<td class=\"hbd-spec-table__spec-value hui-text-body2 hbd-spec-table__spec-value--active\">70 cm<\/td>\n<\/tr>\n<tr class=\"hbd-spec-table__spec-row hbd-spec-table__column-sticky\">\n<th class=\"hbd-spec-table__spec-name hui-text-body2\">Kettentyp<\/th>\n<td class=\"hbd-spec-table__spec-value hui-text-body2 hbd-spec-table__spec-value--active\">C85<\/td>\n<\/tr>\n<tr class=\"hbd-spec-table__spec-row hbd-spec-table__column-sticky\">\n<th class=\"hbd-spec-table__spec-name hui-text-body2\">Schienenl\u00e4nge<\/th>\n<td class=\"hbd-spec-table__spec-value hui-text-body2 hbd-spec-table__spec-value--active\">45 cm<\/td>\n<\/tr>\n<tr class=\"hbd-spec-table__spec-row hbd-spec-table__column-sticky\">\n<th class=\"hbd-spec-table__spec-name hui-text-body2\">Schienenl\u00e4nge (Zoll)<\/th>\n<td class=\"hbd-spec-table__spec-value hui-text-body2 hbd-spec-table__spec-value--active\">18 in<\/td>\n<\/tr>\n<tr class=\"hbd-spec-table__group-start hbd-spec-table__column-sticky\">\n<td class=\"hbd-spec-table__group-name hui-text-subtitle1\">Abmessungen<\/td>\n<td class=\"hbd-spec-table__article hui-text-body2 hbd-spec-table__article--active\"><\/td>\n<\/tr>\n<tr class=\"hbd-spec-table__spec-row hbd-spec-table__column-sticky\">\n<th class=\"hbd-spec-table__spec-name hui-text-body2\">Gewicht (exkl. Schneidausr\u00fcstung)<\/th>\n<td class=\"hbd-spec-table__spec-value hui-text-body2 hbd-spec-table__spec-value--active\">6,6 kg<\/td>\n<\/tr>\n<tr class=\"hbd-spec-table__group-start hbd-spec-table__column-sticky\">\n<td class=\"hbd-spec-table__group-name hui-text-subtitle1\">Ger\u00e4uschemissionen<\/td>\n<td class=\"hbd-spec-table__article hui-text-body2 hbd-spec-table__article--active\"><\/td>\n<\/tr>\n<tr class=\"hbd-spec-table__spec-row hbd-spec-table__column-sticky\">\n<th class=\"hbd-spec-table__spec-name hui-text-body2\">Schalldruckpegel am Ohr der Bedienperson<\/th>\n<td class=\"hbd-spec-table__spec-value hui-text-body2 hbd-spec-table__spec-value--active\">107 dB(A)<\/td>\n<\/tr>\n<tr class=\"hbd-spec-table__spec-row hbd-spec-table__column-sticky\">\n<th class=\"hbd-spec-table__spec-name hui-text-body2\">Schallleistungspegel, LWA<\/th>\n<td class=\"hbd-spec-table__spec-value hui-text-body2 hbd-spec-table__spec-value--active\">120 dB(A)<\/td>\n<\/tr>\n<tr class=\"hbd-spec-table__group-start hbd-spec-table__column-sticky\">\n<td class=\"hbd-spec-table__group-name hui-text-subtitle1\">Vibrationen<\/td>\n<td class=\"hbd-spec-table__article hui-text-body2 hbd-spec-table__article--active\"><\/td>\n<\/tr>\n<tr class=\"hbd-spec-table__spec-row hbd-spec-table__column-sticky\">\n<th class=\"hbd-spec-table__spec-name hui-text-body2\">Vibrationswert (ahv, eq), hinterer Handgriff<\/th>\n<td class=\"hbd-spec-table__spec-value hui-text-body2 hbd-spec-table__spec-value--active\">4,1 m\/s\u00b2<\/td>\n<\/tr>\n<tr class=\"hbd-spec-table__spec-row hbd-spec-table__column-sticky\">\n<th class=\"hbd-spec-table__spec-name hui-text-body2\">\u00c4quivalenter Vibrationswert (ahv, eq) vorderer\/ hinterer Handgriff<\/th>\n<td class=\"hbd-spec-table__spec-value hui-text-body2 hbd-spec-table__spec-value--active\">5 m\/s\u00b2<\/td>\n<\/tr>\n<\/tbody>\n<\/table>\n<\/div>\n","protected":false},"excerpt":{"rendered":"<p>BESCHREIBUNG:<\/p>\n<h4 class=\"ui-pl ui-hq ui-pp\">Leistungsstarke professionelle 71-cm\u00b3-Motors\u00e4ge f\u00fcr schwere Forstarbeiten<\/h4>\n<div class=\"ui-pl ui-hq ui-h5 ui-jy ui-pt\">\n<div class=\"hbd-editorial\">Bei kaltem und feuchtem Wetter ist dies unsere beste 71cm\u00b3 Benzin-Motors\u00e4ge f\u00fcr das F\u00e4llen, Entasten und Abl\u00e4ngen von Laubholz und gro\u00dfen Nadelb\u00e4umen. Die hohe Schnittleistung, das schlanke S\u00e4gendesign und die innovativen Funktionen &#8211; einschlie\u00dflich AutoTune &#8211; sorgen f\u00fcr effizientes und bequemes Arbeiten. F\u00fcr den Einsatz mit einer F\u00fchrungsschiene von bis zu 28 Zoll.<\/div>\n<\/div>\n","protected":false},"featured_media":13691,"comment_status":"open","ping_status":"closed","template":"","meta":[],"product_brand":[299],"product_cat":[134,130],"product_tag":[478,476,328],"class_list":{"0":"post-13690","1":"product","2":"type-product","3":"status-publish","4":"has-post-thumbnail","6":"product_brand-husqvarna","7":"product_cat-gartenbau","8":"product_cat-motorsaegen","9":"product_tag-478","10":"product_tag-husqvarna","11":"product_tag-motorsaegen","13":"first","14":"instock","15":"taxable","16":"shipping-taxable","17":"purchasable","18":"product-type-simple"},"_links":{"self":[{"href":"https:\/\/benimarkt.at\/index.php?rest_route=\/wp\/v2\/product\/13690","targetHints":{"allow":["GET"]}}],"collection":[{"href":"https:\/\/benimarkt.at\/index.php?rest_route=\/wp\/v2\/product"}],"about":[{"href":"https:\/\/benimarkt.at\/index.php?rest_route=\/wp\/v2\/types\/product"}],"replies":[{"embeddable":true,"href":"https:\/\/benimarkt.at\/index.php?rest_route=%2Fwp%2Fv2%2Fcomments&post=13690"}],"version-history":[{"count":2,"href":"https:\/\/benimarkt.at\/index.php?rest_route=\/wp\/v2\/product\/13690\/revisions"}],"predecessor-version":[{"id":13716,"href":"https:\/\/benimarkt.at\/index.php?rest_route=\/wp\/v2\/product\/13690\/revisions\/13716"}],"wp:featuredmedia":[{"embeddable":true,"href":"https:\/\/benimarkt.at\/index.php?rest_route=\/wp\/v2\/media\/13691"}],"wp:attachment":[{"href":"https:\/\/benimarkt.at\/index.php?rest_route=%2Fwp%2Fv2%2Fmedia&parent=13690"}],"wp:term":[{"taxonomy":"product_brand","embeddable":true,"href":"https:\/\/benimarkt.at\/index.php?rest_route=%2Fwp%2Fv2%2Fproduct_brand&post=13690"},{"taxonomy":"product_cat","embeddable":true,"href":"https:\/\/benimarkt.at\/index.php?rest_route=%2Fwp%2Fv2%2Fproduct_cat&post=13690"},{"taxonomy":"product_tag","embeddable":true,"href":"https:\/\/benimarkt.at\/index.php?rest_route=%2Fwp%2Fv2%2Fproduct_tag&post=13690"}],"curies":[{"name":"wp","href":"https:\/\/api.w.org\/{rel}","templated":true}]}}