{"id":13669,"date":"2025-12-10T08:58:47","date_gmt":"2025-12-10T08:58:47","guid":{"rendered":"https:\/\/benimarkt.at\/?post_type=product&#038;p=13669"},"modified":"2025-12-16T12:47:57","modified_gmt":"2025-12-16T12:47:57","slug":"ego-cs2000e-50-cm-kettensaege-ohne-akku-und-ladegeraet","status":"publish","type":"product","link":"https:\/\/benimarkt.at\/?product=ego-cs2000e-50-cm-kettensaege-ohne-akku-und-ladegeraet","title":{"rendered":"EGO CS2000E 50 CM KETTENSA\u0308GE (ohne Akku und Ladeger\u00e4t)"},"content":{"rendered":"<h3 class=\"single-product-specification__title\">PRODUKTSPEZIFIKATION<\/h3>\n<table class=\"product-accordion__specification-table\">\n<tbody>\n<tr>\n<th class=\"product-accordion__specification-row-heading\">Kettengeschwindigkeit (m\/s)<\/th>\n<td class=\"product-accordion__specification-row-value\">25<\/td>\n<\/tr>\n<tr>\n<th class=\"product-accordion__specification-row-heading\">Sprocket<\/th>\n<td class=\"product-accordion__specification-row-value\">7<\/td>\n<\/tr>\n<tr>\n<th class=\"product-accordion__specification-row-heading\">Antriebsglieder Der Kette<\/th>\n<td class=\"product-accordion__specification-row-value\">69<\/td>\n<\/tr>\n<tr>\n<th class=\"product-accordion__specification-row-heading\">\u00d6lzufuhrtyp<\/th>\n<td class=\"product-accordion__specification-row-value\">Auto<\/td>\n<\/tr>\n<tr>\n<th class=\"product-accordion__specification-row-heading\">\u00d6lstandsanzeiger Typ<\/th>\n<td class=\"product-accordion__specification-row-value\">\u00d6lfenster<\/td>\n<\/tr>\n<tr>\n<th class=\"product-accordion__specification-row-heading\">LED<\/th>\n<td class=\"product-accordion__specification-row-value\">Ja<\/td>\n<\/tr>\n<tr>\n<th class=\"product-accordion__specification-row-heading\">Variable Geschwindigkeitsregelung<\/th>\n<td class=\"product-accordion__specification-row-value\">Ja<\/td>\n<\/tr>\n<tr>\n<th class=\"product-accordion__specification-row-heading\">Stabl\u00e4nge (cm)<\/th>\n<td class=\"product-accordion__specification-row-value\">50<\/td>\n<\/tr>\n<tr>\n<th class=\"product-accordion__specification-row-heading\">Ketten- Und Schienenst\u00e4rke (mm)<\/th>\n<td class=\"product-accordion__specification-row-value\">1.27<\/td>\n<\/tr>\n<tr>\n<th class=\"product-accordion__specification-row-heading\">Kette Und Schiene (mm)<\/th>\n<td class=\"product-accordion__specification-row-value\">9.5<\/td>\n<\/tr>\n<tr>\n<th class=\"product-accordion__specification-row-heading\">Feilengr\u00f6\u00dfe (mm)<\/th>\n<td class=\"product-accordion__specification-row-value\">4<\/td>\n<\/tr>\n<tr>\n<th class=\"product-accordion__specification-row-heading\">Fassungsverm\u00f6gen des Ketten\u00f6ltanks (ml)<\/th>\n<td class=\"product-accordion__specification-row-value\">250<\/td>\n<\/tr>\n<tr>\n<th class=\"product-accordion__specification-row-heading\">Batterieanschluss<\/th>\n<td class=\"product-accordion__specification-row-value\">Einzelanschluss<\/td>\n<\/tr>\n<tr>\n<th class=\"product-accordion__specification-row-heading\">Kettenstangengr\u00f6\u00dfe<\/th>\n<td class=\"product-accordion__specification-row-value\">20<\/td>\n<\/tr>\n<tr>\n<th class=\"product-accordion__specification-row-heading\">Kettenbremse<\/th>\n<td class=\"product-accordion__specification-row-value\">Mechanisch<\/td>\n<\/tr>\n<\/tbody>\n<\/table>\n","protected":false},"excerpt":{"rendered":"<ul>\n<li>Dank der CS2000E ist die EGO Kettens\u00e4ge mit der h\u00f6chsten Schnittkapazit\u00e4t f\u00fcr den Hausgebrauch.<\/li>\n<li>Das innovative Display zeigt den Ladezustand des Akkus an und erlaubt es die Geschwindigkeit an die aktuelle Aufgabe anzupassen.<\/li>\n<li>Sie verf\u00fcgt \u00fcber eine Kettengeschwindigkeit von 25 m\/s und ein neues Konstruktionskonzept, welches die Balance und die Handhabung erheblich verbessert. Damit eignet sie sich ideal zum S\u00e4gen von dicken \u00c4sten und gr\u00f6\u00dferen St\u00e4mmen bis zu 50 cm Durchmesser. Mit einem neuen innovativen Display, das den Ladezustand des Akkus und die eingestellte Geschwindigkeit anzeigt. Die EGO Kettens\u00e4gen sind gebaut f\u00fcr die h\u00e4rtesten Aufgaben.<\/li>\n<\/ul>\n<h4 class=\"kit-breakdown__title\">ENTH\u00c4LT<\/h4>\n<ul class=\"kit-breakdown__products\">\n<li class=\"kit-breakdown__product\">50 CM KETTENS\u00c4GE<\/li>\n<\/ul>\n","protected":false},"featured_media":13670,"comment_status":"open","ping_status":"closed","template":"","meta":[],"product_brand":[297],"product_cat":[134,130],"product_tag":[473,330,152],"class_list":{"0":"post-13669","1":"product","2":"type-product","3":"status-publish","4":"has-post-thumbnail","6":"product_brand-ego","7":"product_cat-gartenbau","8":"product_cat-motorsaegen","9":"product_tag-473","10":"product_tag-akku-kettensaege","11":"product_tag-ego","13":"first","14":"instock","15":"taxable","16":"shipping-taxable","17":"purchasable","18":"product-type-simple"},"_links":{"self":[{"href":"https:\/\/benimarkt.at\/index.php?rest_route=\/wp\/v2\/product\/13669","targetHints":{"allow":["GET"]}}],"collection":[{"href":"https:\/\/benimarkt.at\/index.php?rest_route=\/wp\/v2\/product"}],"about":[{"href":"https:\/\/benimarkt.at\/index.php?rest_route=\/wp\/v2\/types\/product"}],"replies":[{"embeddable":true,"href":"https:\/\/benimarkt.at\/index.php?rest_route=%2Fwp%2Fv2%2Fcomments&post=13669"}],"version-history":[{"count":3,"href":"https:\/\/benimarkt.at\/index.php?rest_route=\/wp\/v2\/product\/13669\/revisions"}],"predecessor-version":[{"id":13895,"href":"https:\/\/benimarkt.at\/index.php?rest_route=\/wp\/v2\/product\/13669\/revisions\/13895"}],"wp:featuredmedia":[{"embeddable":true,"href":"https:\/\/benimarkt.at\/index.php?rest_route=\/wp\/v2\/media\/13670"}],"wp:attachment":[{"href":"https:\/\/benimarkt.at\/index.php?rest_route=%2Fwp%2Fv2%2Fmedia&parent=13669"}],"wp:term":[{"taxonomy":"product_brand","embeddable":true,"href":"https:\/\/benimarkt.at\/index.php?rest_route=%2Fwp%2Fv2%2Fproduct_brand&post=13669"},{"taxonomy":"product_cat","embeddable":true,"href":"https:\/\/benimarkt.at\/index.php?rest_route=%2Fwp%2Fv2%2Fproduct_cat&post=13669"},{"taxonomy":"product_tag","embeddable":true,"href":"https:\/\/benimarkt.at\/index.php?rest_route=%2Fwp%2Fv2%2Fproduct_tag&post=13669"}],"curies":[{"name":"wp","href":"https:\/\/api.w.org\/{rel}","templated":true}]}}