{"id":1332,"date":"2024-05-09T14:57:58","date_gmt":"2024-05-09T12:57:58","guid":{"rendered":"https:\/\/gartenrestposten.de\/?post_type=product&#038;p=1332"},"modified":"2025-08-27T13:12:43","modified_gmt":"2025-08-27T13:12:43","slug":"mtd-outdoor-rasentraktor-re-125-mit-92-cm-schnittbreite","status":"publish","type":"product","link":"https:\/\/benimarkt.at\/?product=mtd-outdoor-rasentraktor-re-125-mit-92-cm-schnittbreite","title":{"rendered":"MTD Outdoor Rasentraktor RE 125 mit 92 CM Schnittbreite"},"content":{"rendered":"<div class=\"m-title-header__container t-panel__header t-panel__header--stretched js-collapsible m-collapsible__source m-collapsible__source--sm m-collapsible__source--md m-title-header__container--padded m-title-header__container--padded-wide m-title-header__container--default\" data-target=\"details\">\n<h2 class=\"m-title-header a-txt__title-primary--responsive\">Technische Daten<\/h2>\n<p><button class=\"a-icon--medium-plus m-title-header__button--right button button--default\" name=\"\" data-ui-component=\"{\"><\/button><\/p>\n<\/div>\n<div class=\"t-panel__body t-panel__body--unpadded m-collapsible__target m-collapsible__target--sm m-collapsible__target--md\" data-collapsible=\"details\">\n<div class=\"js-expandable expandable pdp-collapsible-block _my3 t-expandable--is-expanded t-expandable--is-expandable\" data-collapsible=\"details\">\n<div class=\"js-expandable-content t-expandable__content \">\n<table class=\"m-table m-table--striped m-table--md-compact\">\n<thead><\/thead>\n<tbody>\n<tr>\n<td class=\" m-table__cell--default m-table__cell--light-vertical-border\">Arbeitsbreite<\/td>\n<td class=\" m-table__cell--default m-table__cell--light-vertical-border\">92 cm<\/td>\n<\/tr>\n<tr>\n<td class=\" m-table__cell--default m-table__cell--light-vertical-border\">Auswurf<\/td>\n<td class=\" m-table__cell--default m-table__cell--light-vertical-border\">Heckauswurf<\/td>\n<\/tr>\n<tr>\n<td class=\" m-table__cell--default m-table__cell--light-vertical-border\">Leistung<\/td>\n<td class=\" m-table__cell--default m-table__cell--light-vertical-border\">382 cm3<\/td>\n<\/tr>\n<tr>\n<td class=\" m-table__cell--default m-table__cell--light-vertical-border\">Zylinder<\/td>\n<td class=\" m-table__cell--default m-table__cell--light-vertical-border\">1<\/td>\n<\/tr>\n<tr>\n<td class=\" m-table__cell--default m-table__cell--light-vertical-border\">Ger\u00e4teleistung max.<\/td>\n<td class=\" m-table__cell--default m-table__cell--light-vertical-border\">7,1 kW<\/td>\n<\/tr>\n<tr>\n<td class=\" m-table__cell--default m-table__cell--light-vertical-border\">Getriebe<\/td>\n<td class=\" m-table__cell--default m-table__cell--light-vertical-border\">Transmatic<\/td>\n<\/tr>\n<tr>\n<td class=\" m-table__cell--default m-table__cell--light-vertical-border\">Schaltstufen<\/td>\n<td class=\" m-table__cell--default m-table__cell--light-vertical-border\">7 vorw\u00e4rts+r\u00fcckw.<\/td>\n<\/tr>\n<tr>\n<td class=\" m-table__cell--default m-table__cell--light-vertical-border\">Grasfangbox<\/td>\n<td class=\" m-table__cell--default m-table__cell--light-vertical-border\">inklusive 240 l<\/td>\n<\/tr>\n<tr>\n<td class=\" m-table__cell--default m-table__cell--light-vertical-border\">Wenderadius<\/td>\n<td class=\" m-table__cell--default m-table__cell--light-vertical-border\">46 cm<\/td>\n<\/tr>\n<tr>\n<td class=\" m-table__cell--default m-table__cell--light-vertical-border\">Mulchkit<\/td>\n<td class=\" m-table__cell--default m-table__cell--light-vertical-border\">optional\/Zubeh\u00f6r<\/td>\n<\/tr>\n<tr>\n<td class=\" m-table__cell--default m-table__cell--light-vertical-border\">Deflektor<\/td>\n<td class=\" m-table__cell--default m-table__cell--light-vertical-border\">optional\/Zubeh\u00f6r<\/td>\n<\/tr>\n<tr>\n<td class=\" m-table__cell--default m-table__cell--light-vertical-border\">M\u00e4hwerksrollen<\/td>\n<td class=\" m-table__cell--default m-table__cell--light-vertical-border\">2<\/td>\n<\/tr>\n<tr>\n<td class=\" m-table__cell--default m-table__cell--light-vertical-border\">Schnitth\u00f6he<\/td>\n<td class=\" m-table__cell--default m-table__cell--light-vertical-border\">30 &#8211; 95 mm<\/td>\n<\/tr>\n<tr>\n<td class=\" m-table__cell--default m-table__cell--light-vertical-border\">H\u00f6henverstellung<\/td>\n<td class=\" m-table__cell--default m-table__cell--light-vertical-border\">5<\/td>\n<\/tr>\n<tr>\n<td class=\" m-table__cell--default m-table__cell--light-vertical-border\">Licht<\/td>\n<td class=\" m-table__cell--default m-table__cell--light-vertical-border\">ja<\/td>\n<\/tr>\n<\/tbody>\n<\/table>\n<\/div>\n<\/div>\n<\/div>\n","protected":false},"excerpt":{"rendered":"<ul>\n<li>Der leistungsstarke Smart RE 125 ist f\u00fcr gro\u00dfz\u00fcgige 3.500 m\u00b2 ausgelegt<\/li>\n<li>Eine komfortable Schnittbreite von 92 cm sorgt hier f\u00fcr einen z\u00fcgigen Arbeitsfortschritt, der sich ganz bequem \u00fcber die 7 G\u00e4nge des Transmatic-Getriebes steuern l\u00e4sst<\/li>\n<li>Die Schnitth\u00f6henverstellung erfolgt zentral mit Schnitttiefen zwischen 30 und 95 mm, wobei sich das Schnittgut direkt im Fangsack (240 l) sammeln l\u00e4sst, der im Lieferumfang enthalten ist<\/li>\n<li>Die M\u00f6glichkeiten der Rasenpflege erweitern der Deflektor und das Mulchkit, die beide als optionales Zubeh\u00f6r verf\u00fcgbar sind<\/li>\n<li>Nat\u00fcrlich wurde auch bei weiteren Features, die vielseitige Einsatzbereiche gestatten, an maximale Funktionalit\u00e4t und gleichzeitig hohen Komfort gedacht<\/li>\n<li>So ist dieses Modell nicht nur mit Scheinwerfern ausgestattet, sondern auch das Anbauen der Zubeh\u00f6rteile ist besonders einfach ohne den Einsatz von Werkzeugen m\u00f6glich.<\/li>\n<\/ul>\n","protected":false},"featured_media":11948,"comment_status":"open","ping_status":"closed","template":"","meta":[],"product_brand":[308],"product_cat":[134,135],"product_tag":[336,210],"class_list":{"0":"post-1332","1":"product","2":"type-product","3":"status-publish","4":"has-post-thumbnail","6":"product_brand-mtd","7":"product_cat-gartenbau","8":"product_cat-rasenmaehertraktor","9":"product_tag-mtd","10":"product_tag-rasentraktor","12":"first","13":"outofstock","14":"taxable","15":"shipping-taxable","16":"purchasable","17":"product-type-simple"},"_links":{"self":[{"href":"https:\/\/benimarkt.at\/index.php?rest_route=\/wp\/v2\/product\/1332","targetHints":{"allow":["GET"]}}],"collection":[{"href":"https:\/\/benimarkt.at\/index.php?rest_route=\/wp\/v2\/product"}],"about":[{"href":"https:\/\/benimarkt.at\/index.php?rest_route=\/wp\/v2\/types\/product"}],"replies":[{"embeddable":true,"href":"https:\/\/benimarkt.at\/index.php?rest_route=%2Fwp%2Fv2%2Fcomments&post=1332"}],"version-history":[{"count":1,"href":"https:\/\/benimarkt.at\/index.php?rest_route=\/wp\/v2\/product\/1332\/revisions"}],"predecessor-version":[{"id":11949,"href":"https:\/\/benimarkt.at\/index.php?rest_route=\/wp\/v2\/product\/1332\/revisions\/11949"}],"wp:featuredmedia":[{"embeddable":true,"href":"https:\/\/benimarkt.at\/index.php?rest_route=\/wp\/v2\/media\/11948"}],"wp:attachment":[{"href":"https:\/\/benimarkt.at\/index.php?rest_route=%2Fwp%2Fv2%2Fmedia&parent=1332"}],"wp:term":[{"taxonomy":"product_brand","embeddable":true,"href":"https:\/\/benimarkt.at\/index.php?rest_route=%2Fwp%2Fv2%2Fproduct_brand&post=1332"},{"taxonomy":"product_cat","embeddable":true,"href":"https:\/\/benimarkt.at\/index.php?rest_route=%2Fwp%2Fv2%2Fproduct_cat&post=1332"},{"taxonomy":"product_tag","embeddable":true,"href":"https:\/\/benimarkt.at\/index.php?rest_route=%2Fwp%2Fv2%2Fproduct_tag&post=1332"}],"curies":[{"name":"wp","href":"https:\/\/api.w.org\/{rel}","templated":true}]}}