{"id":13070,"date":"2025-11-28T13:53:36","date_gmt":"2025-11-28T13:53:36","guid":{"rendered":"https:\/\/benimarkt.at\/?post_type=product&#038;p=13070"},"modified":"2025-12-16T12:51:45","modified_gmt":"2025-12-16T12:51:45","slug":"ego-csx5000e-50cm-akku-kettensaege-ohne-akku-und-ladegeraet","status":"publish","type":"product","link":"https:\/\/benimarkt.at\/?product=ego-csx5000e-50cm-akku-kettensaege-ohne-akku-und-ladegeraet","title":{"rendered":"EGO CSX5000E 50cm Akku Kettens\u00e4ge (ohne Akku und Ladeger\u00e4t)"},"content":{"rendered":"<h3 class=\"single-product-specification__title\">PRODUKTSPEZIFIKATION<\/h3>\n<table class=\"product-accordion__specification-table\">\n<tbody>\n<tr>\n<th class=\"product-accordion__specification-row-heading\">Sprocket<\/th>\n<td class=\"product-accordion__specification-row-value\">8<\/td>\n<\/tr>\n<tr>\n<th class=\"product-accordion__specification-row-heading\">Antriebsglieder Der Kette<\/th>\n<td class=\"product-accordion__specification-row-value\">78<\/td>\n<\/tr>\n<tr>\n<th class=\"product-accordion__specification-row-heading\">\u00d6lzufuhrtyp<\/th>\n<td class=\"product-accordion__specification-row-value\">Auto<\/td>\n<\/tr>\n<tr>\n<th class=\"product-accordion__specification-row-heading\">\u00d6lstandsanzeiger Typ<\/th>\n<td class=\"product-accordion__specification-row-value\">\u00d6lfenster \/ Sensoranzeige<\/td>\n<\/tr>\n<tr>\n<th class=\"product-accordion__specification-row-heading\">LED<\/th>\n<td class=\"product-accordion__specification-row-value\">Ja<\/td>\n<\/tr>\n<tr>\n<th class=\"product-accordion__specification-row-heading\">Variable Geschwindigkeitsregelung<\/th>\n<td class=\"product-accordion__specification-row-value\">Ja<\/td>\n<\/tr>\n<tr>\n<th class=\"product-accordion__specification-row-heading\">Stabl\u00e4nge (cm)<\/th>\n<td class=\"product-accordion__specification-row-value\">50<\/td>\n<\/tr>\n<tr>\n<th class=\"product-accordion__specification-row-heading\">Ketten- Und Schienenst\u00e4rke (mm)<\/th>\n<td class=\"product-accordion__specification-row-value\">1.27<\/td>\n<\/tr>\n<tr>\n<th class=\"product-accordion__specification-row-heading\">Kette Und Schiene (mm)<\/th>\n<td class=\"product-accordion__specification-row-value\">8.255<\/td>\n<\/tr>\n<tr>\n<th class=\"product-accordion__specification-row-heading\">Feilengr\u00f6\u00dfe (mm)<\/th>\n<td class=\"product-accordion__specification-row-value\">4.8<\/td>\n<\/tr>\n<tr>\n<th class=\"product-accordion__specification-row-heading\">Fassungsverm\u00f6gen des Ketten\u00f6ltanks (ml)<\/th>\n<td class=\"product-accordion__specification-row-value\">250<\/td>\n<\/tr>\n<tr>\n<th class=\"product-accordion__specification-row-heading\">Batterieanschluss<\/th>\n<td class=\"product-accordion__specification-row-value\">Einzelanschluss<\/td>\n<\/tr>\n<tr>\n<th class=\"product-accordion__specification-row-heading\">Kettenstangengr\u00f6\u00dfe<\/th>\n<td class=\"product-accordion__specification-row-value\">20<\/td>\n<\/tr>\n<tr>\n<th class=\"product-accordion__specification-row-heading\">Kettenbremse<\/th>\n<td class=\"product-accordion__specification-row-value\">Mechanisch<\/td>\n<\/tr>\n<\/tbody>\n<\/table>\n<p>&nbsp;<\/p>\n","protected":false},"excerpt":{"rendered":"<ul>\n<li>Die erste einer neuen Generation von EGO Kettens\u00e4gen. Sie erf\u00fcllt die Anforderungen professioneller Anwender, die eine Bodens\u00e4ge f\u00fcr herausfordernde Arbeiten ben\u00f6tigen.<\/li>\n<li>Die Balance steht im Mittelpunkt des neuen Designs, sodass die S\u00e4ge \u00fcber einen l\u00e4ngeren Zeitraum problemlos verwendet werden kann.<\/li>\n<li>Bei einer Kettengeschwindigkeit von 30 m\/s liefert die S\u00e4ge die Kraft und die Geschwindigkeit, die mit g\u00e4ngigen Benzins\u00e4gen problemlos mithalten kann. Die CSX5000 arbeitet mit einer Vollmei\u00dfelkette, die ein schnelles und effizientes S\u00e4gen erm\u00f6glicht \u2013 mit gen\u00fcgend Kraft, um die 50-cm-Kette zu H\u00f6chstleistungen anzutreiben. Die S\u00e4ge verf\u00fcgt au\u00dferdem \u00fcber ein neues Display, das den \u00d6lstand, die Batteriekapazit\u00e4t und die einstellbare Geschwindigkeit deutlich anzeigt.<\/li>\n<\/ul>\n<h4 class=\"kit-breakdown__title\">ENTH\u00c4LT<\/h4>\n<ul class=\"kit-breakdown__products\">\n<li class=\"kit-breakdown__product\">50 CM KETTENS\u00c4GE<\/li>\n<\/ul>\n","protected":false},"featured_media":13071,"comment_status":"open","ping_status":"closed","template":"","meta":[],"product_brand":[297],"product_cat":[134,130],"product_tag":[434,330,152],"class_list":{"0":"post-13070","1":"product","2":"type-product","3":"status-publish","4":"has-post-thumbnail","6":"product_brand-ego","7":"product_cat-gartenbau","8":"product_cat-motorsaegen","9":"product_tag-434","10":"product_tag-akku-kettensaege","11":"product_tag-ego","13":"first","14":"instock","15":"taxable","16":"shipping-taxable","17":"purchasable","18":"product-type-simple"},"_links":{"self":[{"href":"https:\/\/benimarkt.at\/index.php?rest_route=\/wp\/v2\/product\/13070","targetHints":{"allow":["GET"]}}],"collection":[{"href":"https:\/\/benimarkt.at\/index.php?rest_route=\/wp\/v2\/product"}],"about":[{"href":"https:\/\/benimarkt.at\/index.php?rest_route=\/wp\/v2\/types\/product"}],"replies":[{"embeddable":true,"href":"https:\/\/benimarkt.at\/index.php?rest_route=%2Fwp%2Fv2%2Fcomments&post=13070"}],"version-history":[{"count":1,"href":"https:\/\/benimarkt.at\/index.php?rest_route=\/wp\/v2\/product\/13070\/revisions"}],"predecessor-version":[{"id":13072,"href":"https:\/\/benimarkt.at\/index.php?rest_route=\/wp\/v2\/product\/13070\/revisions\/13072"}],"wp:featuredmedia":[{"embeddable":true,"href":"https:\/\/benimarkt.at\/index.php?rest_route=\/wp\/v2\/media\/13071"}],"wp:attachment":[{"href":"https:\/\/benimarkt.at\/index.php?rest_route=%2Fwp%2Fv2%2Fmedia&parent=13070"}],"wp:term":[{"taxonomy":"product_brand","embeddable":true,"href":"https:\/\/benimarkt.at\/index.php?rest_route=%2Fwp%2Fv2%2Fproduct_brand&post=13070"},{"taxonomy":"product_cat","embeddable":true,"href":"https:\/\/benimarkt.at\/index.php?rest_route=%2Fwp%2Fv2%2Fproduct_cat&post=13070"},{"taxonomy":"product_tag","embeddable":true,"href":"https:\/\/benimarkt.at\/index.php?rest_route=%2Fwp%2Fv2%2Fproduct_tag&post=13070"}],"curies":[{"name":"wp","href":"https:\/\/api.w.org\/{rel}","templated":true}]}}