{"id":12974,"date":"2025-11-06T13:46:00","date_gmt":"2025-11-06T13:46:00","guid":{"rendered":"https:\/\/benimarkt.at\/?post_type=product&#038;p=12974"},"modified":"2026-04-15T12:28:16","modified_gmt":"2026-04-15T12:28:16","slug":"cube-nuride-hybrid-slx-800-2026-skylightnarubablue-54","status":"publish","type":"product","link":"https:\/\/benimarkt.at\/?product=cube-nuride-hybrid-slx-800-2026-skylightnarubablue-54","title":{"rendered":"CUBE Nuride Hybrid SLX 800 2026 skylight\u00b4n\u00b4arubablue &#8211; 54"},"content":{"rendered":"<h4 class=\"title\"><span style=\"font-size: 130%; color: #000000;\"><strong>Technische Daten<\/strong><\/span><\/h4>\n<ul>\n<li class=\"title\"><span style=\"color: #000000;\">Rahmen &#8211; Aluminium Superlite, Gravity Casting Technology, Efficient Comfort Geometry, Boost148, UDH\u2122, Fully Integrated Battery, SIC 2.0, Advanced Internal Cable Routing, Integrated Seatclamp<\/span><\/li>\n<li class=\"title\"><span style=\"color: #000000;\">Gr\u00f6\u00dfe &#8211; <span style=\"color: #008000;\"><strong>54\/M<\/strong><\/span><\/span><\/li>\n<li class=\"title\"><span style=\"color: #000000;\">Federgabel &#8211; Fox 34 Float AWL, 2-Position Sweep-Adjust RAIL Damper, Tapered, 15x110mm, E-Bike Optimized, 100mm<\/span><\/li>\n<li class=\"title\"><span style=\"color: #000000;\">Motor &#8211; Bosch Drive Unit Performance Line CX max. 100Nm (BDU38)<\/span><\/li>\n<li class=\"title\"><span style=\"color: #000000;\">Remote &#8211; Bosch LED Remote<\/span><\/li>\n<li class=\"title\"><span style=\"color: #000000;\">Akku &#8211; Bosch PowerTube 800<\/span><\/li>\n<li class=\"title\"><span style=\"color: #000000;\">Display &#8211; Bosch Kiox 500<\/span><\/li>\n<li class=\"title\"><span style=\"color: #000000;\">Ladeger\u00e4t &#8211; Bosch 4A<\/span><\/li>\n<li class=\"title\"><span style=\"color: #000000;\">Bremsanlage &#8211; Shimano XT BR-M8120, Hydr. Disc Brake (180\/180)<\/span><\/li>\n<li class=\"title\"><span style=\"color: #000000;\">Schaltwerk &#8211; Shimano XT RD-M8100-SGS, ShadowPlus, 12-Speed<\/span><\/li>\n<li class=\"title\"><span style=\"color: #000000;\">Schalthebel &#8211; Shimano XT SL-M8100-IR, 12-Speed<\/span><\/li>\n<li class=\"title\"><span style=\"color: #000000;\">Kurbelgarnitur &#8211; ACID MTB Hybrid Pro, 38T<\/span><\/li>\n<li class=\"title\"><span style=\"color: #000000;\">Kassette &#8211; Shimano Deore CS-M6100, 10-51T<\/span><\/li>\n<li class=\"title\"><span style=\"color: #000000;\">Kette &#8211; KMC e12<\/span><\/li>\n<li class=\"title\"><span style=\"color: #000000;\">Steuersatz &#8211; ACROS AZF-1035, ICR (Integrated Cable Routing), Top Zero-Stack 1 1\/2&#8243; (ZS 56mm), Bottom Zero-Stack 1 1\/2&#8243; (ZS 56mm), HIC<\/span><\/li>\n<li class=\"title\"><span style=\"color: #000000;\">Vorbau &#8211; CUBE Performance Stem Pro, 31.8mm<\/span><\/li>\n<li class=\"title\"><span style=\"color: #000000;\">Lenker &#8211; CUBE Comfort Trail Bar HD, 720mm<\/span><\/li>\n<li class=\"title\"><span style=\"color: #000000;\">Griffe &#8211; ACID Hybrid Tour<\/span><\/li>\n<li class=\"title\"><span style=\"color: #000000;\">Laufr\u00e4der &#8211; Laufradsatz<\/span><\/li>\n<li class=\"title\"><span style=\"color: #000000;\">Newmen Performance 25 base\/strong, 28\/28 Spokes, 15x110mm\/12x148mm, Tubeless Ready<\/span><\/li>\n<li class=\"title\"><span style=\"color: #000000;\">Reifen &#8211; Schwalbe G-ONE Allround, PerfL, 57-622<\/span><\/li>\n<li class=\"title\"><span style=\"color: #000000;\">Sattel &#8211; ACID Sequence Pro 170<\/span><\/li>\n<li class=\"title\"><span style=\"color: #000000;\">Sattelst\u00fctze &#8211; CUBE Dropper Post, Handlebar Lever, Internal Cable Routing, 31.6mm<\/span><\/li>\n<li class=\"title\"><span style=\"color: #000000;\">Pedale &#8211; ACID PP Trekking<\/span><\/li>\n<li class=\"title\"><span style=\"color: #000000;\">Scheinwerfer &#8211; ACID Front Light PRO-E 150 X-Connect, 12V, DC<\/span><\/li>\n<li class=\"title\"><span style=\"color: #000000;\">R\u00fccklicht &#8211; ACID Mudguard Rear Light PRO-E, 12V, DC<\/span><\/li>\n<li class=\"title\"><span style=\"color: #000000;\">St\u00e4nder &#8211; ACID FM Pure Kickstand<\/span><\/li>\n<li class=\"title\"><span style=\"color: #000000;\">Schutzbleche &#8211; ACID 57 SIC 2.0<\/span><\/li>\n<li class=\"title\"><span style=\"color: #000000;\">Glocke &#8211; Reich Cycle Bells Ringsound<\/span><\/li>\n<li class=\"title\"><span style=\"color: #000000;\">Gep\u00e4cktr\u00e4ger &#8211; ACID SIC 2.0 RILink<\/span><\/li>\n<li class=\"title\"><span style=\"color: #000000;\">Farbe &#8211; skylight\u00b4n\u00b4arubablue<\/span><\/li>\n<\/ul>\n<div class=\"col-12 col-md-3 col-lg-2\">\n<div class=\"table-row row g-0\">\n<div class=\"col-12 col-md-3 col-lg-2\">\n<div class=\"table-row row g-0\">\n<div class=\"col-12 col-md-3 col-lg-2\">\n<div class=\"table-row row g-0\">\n<div class=\"col-12 col-md-3 col-lg-2\">\n<div class=\"table-row row g-0\">\n<div class=\"col-12 col-md-3 col-lg-2\">\n<div class=\"table-row row g-0\">\n<div class=\"col-12 col-md-3 col-lg-2\">\n<div class=\"row align-items-start\">\n<div class=\"col-lg-7\">\n<div class=\"row align-items-start\">\n<div class=\"col-lg-7\">\n<div class=\"row align-items-start\">\n<div class=\"col-lg-7\">\n<div class=\"row align-items-start\">\n<div class=\"col-lg-7\">\n<div class=\"e-geometry-table-wrapper\">\n<h3 class=\"text-uppercase mb-4\"><\/h3>\n<div class=\"row align-items-start\">\n<div class=\"col-lg-7\">\n<div class=\"e-geometry-table-wrapper\">\n<table id=\"e-geometry-integration-table\" class=\"table e-geometry-table\">\n<thead>\n<tr>\n<th class=\"table-header\">\n<div class=\"col-12 col-md-3 col-lg-2\">\n<div class=\"table-row row g-0\">\n<div class=\"col-12 col-md-3 col-lg-2\">\n<div class=\"table-row row g-0\">\n<div class=\"col-12 col-md-3 col-lg-2\">\n<div class=\"table-row row g-0\">\n<div class=\"col-12 col-md-3 col-lg-2\">\n<div class=\"table-row row g-0\">\n<div class=\"col-12 col-md-3 col-lg-2\">\n<div class=\"table-row row g-0\">\n<div class=\"col-12 col-md-3 col-lg-2\">\n<div class=\"row align-items-start\">\n<div class=\"col-lg-7\">\n<div class=\"row align-items-start\">\n<div class=\"col-lg-7\">\n<div class=\"row align-items-start\">\n<div class=\"col-lg-7\">\n<div class=\"e-geometry-table-wrapper\">\n<div class=\"col-12 col-md-3 col-lg-2\">\n<div class=\"table-row row g-0\">\n<div class=\"col-12 col-md-3 col-lg-2\">\n<div class=\"table-row row g-0\">\n<div class=\"col-12 col-md-3 col-lg-2\">\n<div class=\"table-row row g-0\">\n<div class=\"col-12 col-md-3 col-lg-2\">\n<div class=\"table-row row g-0\">\n<div class=\"col-12 col-md-3 col-lg-2\">\n<div class=\"table-row row g-0\">\n<div class=\"col-12 col-md-3 col-lg-2\">\n<div class=\"row align-items-start\">\n<div class=\"col-lg-7\">\n<div class=\"row align-items-start\">\n<div class=\"col-lg-7\">\n<div class=\"row align-items-start\">\n<div class=\"col-lg-7\">\n<div class=\"row align-items-start\">\n<div class=\"col-lg-7\">\n<div class=\"e-geometry-table-wrapper\">\n<div class=\"row align-items-start\">\n<div class=\"col-lg-7\">\n<div class=\"row align-items-start\">\n<div class=\"col-lg-7\">\n<div class=\"e-geometry-table-wrapper\">\n<table id=\"e-geometry-integration-table\" class=\"table e-geometry-table\">\n<thead>\n<tr>\n<th class=\"table-header\">\n<h3 class=\"text-uppercase mb-4\"><strong><span style=\"color: #008000;\">Geometrie<\/span><\/strong><\/h3>\n<\/th>\n<td class=\"geometry-table-field\" data-sizekey=\"26500\"><\/td>\n<td class=\"geometry-table-field\" style=\"text-align: center;\" data-sizekey=\"27200\"><strong><span style=\"color: #008000;\">54 cm<\/span><\/strong><\/td>\n<td class=\"geometry-table-field\" data-sizekey=\"27900\"><\/td>\n<td class=\"geometry-table-field\" data-sizekey=\"28700\"><\/td>\n<\/tr>\n<\/thead>\n<tbody>\n<tr>\n<th class=\"e-geometry-table-row\" data-id=\"A\">Sitzrohr<\/th>\n<td class=\"geometry-table-field\" data-id=\"A\" data-sizekey=\"26500\"><\/td>\n<td class=\"geometry-table-field\" style=\"text-align: center;\" data-id=\"A\" data-sizekey=\"27200\"><strong><span style=\"color: #008000;\">510<\/span><\/strong><\/td>\n<td class=\"geometry-table-field\" data-id=\"A\" data-sizekey=\"27900\"><\/td>\n<td class=\"geometry-table-field\" data-id=\"A\" data-sizekey=\"28700\"><\/td>\n<\/tr>\n<tr>\n<th class=\"e-geometry-table-row\" data-id=\"B\">Oberrohr horizontal<\/th>\n<td class=\"geometry-table-field\" data-id=\"B\" data-sizekey=\"26500\"><\/td>\n<td class=\"geometry-table-field\" style=\"text-align: center;\" data-id=\"B\" data-sizekey=\"27200\"><strong><span style=\"color: #008000;\">610<\/span><\/strong><\/td>\n<td class=\"geometry-table-field\" data-id=\"B\" data-sizekey=\"27900\"><\/td>\n<td class=\"geometry-table-field\" data-id=\"B\" data-sizekey=\"28700\"><\/td>\n<\/tr>\n<tr>\n<th class=\"e-geometry-table-row\" data-id=\"C\">Sitzwinkel<\/th>\n<td class=\"geometry-table-field\" data-id=\"C\" data-sizekey=\"26500\"><\/td>\n<td class=\"geometry-table-field\" style=\"text-align: center;\" data-id=\"C\" data-sizekey=\"27200\"><strong><span style=\"color: #008000;\">73\u00b0<\/span><\/strong><\/td>\n<td class=\"geometry-table-field\" data-id=\"C\" data-sizekey=\"27900\"><\/td>\n<td class=\"geometry-table-field\" data-id=\"C\" data-sizekey=\"28700\"><\/td>\n<\/tr>\n<tr>\n<th class=\"e-geometry-table-row\" data-id=\"D\">Steuerrohrwinkel<\/th>\n<td class=\"geometry-table-field\" data-id=\"D\" data-sizekey=\"26500\"><\/td>\n<td class=\"geometry-table-field\" style=\"text-align: center;\" data-id=\"D\" data-sizekey=\"27200\"><strong><span style=\"color: #008000;\">68.5\u00b0<\/span><\/strong><\/td>\n<td class=\"geometry-table-field\" data-id=\"D\" data-sizekey=\"27900\"><\/td>\n<td class=\"geometry-table-field\" data-id=\"D\" data-sizekey=\"28700\"><\/td>\n<\/tr>\n<tr>\n<th class=\"e-geometry-table-row\" data-id=\"E\">Kettenstreben<\/th>\n<td class=\"geometry-table-field\" data-id=\"E\" data-sizekey=\"26500\"><\/td>\n<td class=\"geometry-table-field\" style=\"text-align: center;\" data-id=\"E\" data-sizekey=\"27200\"><strong><span style=\"color: #008000;\">499<\/span><\/strong><\/td>\n<td class=\"geometry-table-field\" data-id=\"E\" data-sizekey=\"27900\"><\/td>\n<td class=\"geometry-table-field\" data-id=\"E\" data-sizekey=\"28700\"><\/td>\n<\/tr>\n<tr>\n<th class=\"e-geometry-table-row\" data-id=\"F\">Steuerrohr<\/th>\n<td class=\"geometry-table-field\" data-id=\"F\" data-sizekey=\"26500\"><\/td>\n<td class=\"geometry-table-field\" style=\"text-align: center;\" data-id=\"F\" data-sizekey=\"27200\"><strong><span style=\"color: #008000;\">125<\/span><\/strong><\/td>\n<td class=\"geometry-table-field\" data-id=\"F\" data-sizekey=\"27900\"><\/td>\n<td class=\"geometry-table-field\" data-id=\"F\" data-sizekey=\"28700\"><\/td>\n<\/tr>\n<tr>\n<th class=\"e-geometry-table-row\" data-id=\"G\">Radstand<\/th>\n<td class=\"geometry-table-field\" data-id=\"G\" data-sizekey=\"26500\"><\/td>\n<td class=\"geometry-table-field\" style=\"text-align: center;\" data-id=\"G\" data-sizekey=\"27200\"><strong><span style=\"color: #008000;\">1182<\/span><\/strong><\/td>\n<td class=\"geometry-table-field\" data-id=\"G\" data-sizekey=\"27900\"><\/td>\n<td class=\"geometry-table-field\" data-id=\"G\" data-sizekey=\"28700\"><\/td>\n<\/tr>\n<tr>\n<th class=\"e-geometry-table-row\" data-id=\"H\">Tretlagerh\u00f6he zur Nabenachse<\/th>\n<td class=\"geometry-table-field\" data-id=\"H\" data-sizekey=\"26500\"><\/td>\n<td class=\"geometry-table-field\" style=\"text-align: center;\" data-id=\"H\" data-sizekey=\"27200\"><strong><span style=\"color: #008000;\">68<\/span><\/strong><\/td>\n<td class=\"geometry-table-field\" data-id=\"H\" data-sizekey=\"27900\"><\/td>\n<td class=\"geometry-table-field\" data-id=\"H\" data-sizekey=\"28700\"><\/td>\n<\/tr>\n<tr>\n<th class=\"e-geometry-table-row\" data-id=\"T 80\">\u00dcberstandsh\u00f6he &#8211; 80mm<\/th>\n<td class=\"geometry-table-field\" data-id=\"T 80\" data-sizekey=\"26500\"><\/td>\n<td class=\"geometry-table-field\" style=\"text-align: center;\" data-id=\"T 80\" data-sizekey=\"27200\"><strong><span style=\"color: #008000;\">817<\/span><\/strong><\/td>\n<td class=\"geometry-table-field\" data-id=\"T 80\" data-sizekey=\"27900\"><\/td>\n<td class=\"geometry-table-field\" data-id=\"T 80\" data-sizekey=\"28700\"><\/td>\n<\/tr>\n<tr>\n<th class=\"e-geometry-table-row\" data-id=\"R\">Reach<\/th>\n<td class=\"geometry-table-field\" data-id=\"R\" data-sizekey=\"26500\"><\/td>\n<td class=\"geometry-table-field\" style=\"text-align: center;\" data-id=\"R\" data-sizekey=\"27200\"><strong><span style=\"color: #008000;\">410<\/span><\/strong><\/td>\n<td class=\"geometry-table-field\" data-id=\"R\" data-sizekey=\"27900\"><\/td>\n<td class=\"geometry-table-field\" data-id=\"R\" data-sizekey=\"28700\"><\/td>\n<\/tr>\n<tr>\n<th class=\"e-geometry-table-row\" data-id=\"S\">Stack<\/th>\n<td class=\"geometry-table-field\" data-id=\"S\" data-sizekey=\"26500\"><\/td>\n<td class=\"geometry-table-field\" style=\"text-align: center;\" data-id=\"S\" data-sizekey=\"27200\"><strong><span style=\"color: #008000;\">654<\/span><\/strong><\/td>\n<td class=\"geometry-table-field\" data-id=\"S\" data-sizekey=\"27900\"><\/td>\n<td class=\"geometry-table-field\" data-id=\"S\" data-sizekey=\"28700\"><\/td>\n<\/tr>\n<\/tbody>\n<\/table>\n<\/div>\n<\/div>\n<\/div>\n<\/div>\n<\/div>\n<\/div>\n<\/div>\n<\/div>\n<\/div>\n<\/div>\n<\/div>\n<\/div>\n<\/div>\n<\/div>\n<\/div>\n<\/div>\n<\/div>\n<\/div>\n<\/div>\n<\/div>\n<\/div>\n<\/div>\n<\/div>\n<\/div>\n<\/div>\n<\/div>\n<\/div>\n<\/div>\n<\/div>\n<\/div>\n<\/div>\n<\/div>\n<\/div>\n<\/div>\n<\/div>\n<\/div>\n<\/div>\n<\/div>\n<\/div>\n<\/div>\n<\/div>\n<\/div>\n<\/div>\n<div class=\"col-12 col-md-3 col-lg-2\">\n<div class=\"table-row row g-0\">\n<div class=\"col-12 col-md-3 col-lg-2\">\n<div class=\"table-row row g-0\">\n<div class=\"col-12 col-md-3 col-lg-2\">\n<div class=\"table-row row g-0\">\n<div class=\"col-12 col-md-3 col-lg-2\">\n<div class=\"table-row row g-0\">\n<div class=\"col-12 col-md-3 col-lg-2\">\n<div class=\"table-row row g-0\">\n<div class=\"col-12 col-md-3 col-lg-2\">\n<div class=\"row align-items-start\">\n<div class=\"col-lg-7\"><\/div>\n<\/div>\n<\/div>\n<\/div>\n<\/div>\n<\/div>\n<\/div>\n<\/div>\n<\/div>\n<\/div>\n<\/div>\n<\/div>\n<\/div>\n<\/th>\n<td class=\"geometry-table-field\" data-sizekey=\"500\"><\/td>\n<td class=\"geometry-table-field\" style=\"text-align: center;\" data-sizekey=\"900\"><\/td>\n<td class=\"geometry-table-field\" data-sizekey=\"1100\"><\/td>\n<td class=\"geometry-table-field\" data-sizekey=\"1300\"><\/td>\n<\/tr>\n<\/thead>\n<\/table>\n<\/div>\n<\/div>\n<\/div>\n<\/div>\n<\/div>\n<\/div>\n<\/div>\n<\/div>\n<\/div>\n<\/div>\n<\/div>\n<\/div>\n<\/div>\n<\/div>\n<\/div>\n<\/div>\n<\/div>\n<\/div>\n<\/div>\n<\/div>\n<\/div>\n<\/div>\n<\/div>\n","protected":false},"excerpt":{"rendered":"<h3>Beschreibung<\/h3>\n<p>Der Nuride Hybrid Rahmen ist der Inbegriff funktioneller \u00c4sthetik \u2013 finden wir zumindest und haben ihm neben unserer Efficient Comfort Geometry auch eine Federgabel mit 100 mm Federweg f\u00fcr ein Plus an Fahrkomfort und Kontrolle sowie gro\u00dfz\u00fcgige Reifenfreiheit (sogar inklusive der mitgelieferten Schutzbleche) mitgegeben. Im Inneren verlaufende Z\u00fcge und der integrierte Kettenschutz unterstreichen die cleane Optik. Ebenso harmonisch ins Rahmendesign integriert sind der Bosch CX Antrieb und der 800 Wh PowerTube Akku. On top gibt&#8217;s serienm\u00e4\u00dfig verbaute Schutzbleche, Lichter, einen Seitenst\u00e4nder und: unseren formsch\u00f6nen, stabilen semi-integrierten Gep\u00e4cktr\u00e4ger 2.0. Da kann das n\u00e4chste Zweiradabenteuer direkt starten, oder?<\/p>\n<p><img fetchpriority=\"high\" decoding=\"async\" class=\"alignnone wp-image-8037\" src=\"https:\/\/shop.isarsilver.eu\/wp-content\/uploads\/2025\/09\/image-1-5.png\" alt=\"\" width=\"268\" height=\"268\" \/><\/p>\n","protected":false},"featured_media":14224,"comment_status":"open","ping_status":"closed","template":"","meta":[],"product_brand":[342],"product_cat":[341],"product_tag":[417,344,345],"class_list":{"0":"post-12974","1":"product","2":"type-product","3":"status-publish","4":"has-post-thumbnail","6":"product_brand-cube","7":"product_cat-fahrraeder","8":"product_tag-417","9":"product_tag-cube","10":"product_tag-fahrraeder","12":"first","13":"instock","14":"taxable","15":"shipping-taxable","16":"purchasable","17":"product-type-simple"},"_links":{"self":[{"href":"https:\/\/benimarkt.at\/index.php?rest_route=\/wp\/v2\/product\/12974","targetHints":{"allow":["GET"]}}],"collection":[{"href":"https:\/\/benimarkt.at\/index.php?rest_route=\/wp\/v2\/product"}],"about":[{"href":"https:\/\/benimarkt.at\/index.php?rest_route=\/wp\/v2\/types\/product"}],"replies":[{"embeddable":true,"href":"https:\/\/benimarkt.at\/index.php?rest_route=%2Fwp%2Fv2%2Fcomments&post=12974"}],"version-history":[{"count":1,"href":"https:\/\/benimarkt.at\/index.php?rest_route=\/wp\/v2\/product\/12974\/revisions"}],"predecessor-version":[{"id":12975,"href":"https:\/\/benimarkt.at\/index.php?rest_route=\/wp\/v2\/product\/12974\/revisions\/12975"}],"wp:featuredmedia":[{"embeddable":true,"href":"https:\/\/benimarkt.at\/index.php?rest_route=\/wp\/v2\/media\/14224"}],"wp:attachment":[{"href":"https:\/\/benimarkt.at\/index.php?rest_route=%2Fwp%2Fv2%2Fmedia&parent=12974"}],"wp:term":[{"taxonomy":"product_brand","embeddable":true,"href":"https:\/\/benimarkt.at\/index.php?rest_route=%2Fwp%2Fv2%2Fproduct_brand&post=12974"},{"taxonomy":"product_cat","embeddable":true,"href":"https:\/\/benimarkt.at\/index.php?rest_route=%2Fwp%2Fv2%2Fproduct_cat&post=12974"},{"taxonomy":"product_tag","embeddable":true,"href":"https:\/\/benimarkt.at\/index.php?rest_route=%2Fwp%2Fv2%2Fproduct_tag&post=12974"}],"curies":[{"name":"wp","href":"https:\/\/api.w.org\/{rel}","templated":true}]}}