{"id":12937,"date":"2025-10-16T12:39:08","date_gmt":"2025-10-16T12:39:08","guid":{"rendered":"https:\/\/benimarkt.at\/?post_type=product&#038;p=12937"},"modified":"2026-03-26T13:20:11","modified_gmt":"2026-03-26T13:20:11","slug":"kaercher-scheuersaugmaschine-b-60-w-bp-pack-115ahd65rinseautofill","status":"publish","type":"product","link":"https:\/\/benimarkt.at\/?product=kaercher-scheuersaugmaschine-b-60-w-bp-pack-115ahd65rinseautofill","title":{"rendered":"K\u00e4rcher Scheuersaugmaschine B 60 W Bp Pack 115Ah+D65+Rinse+Autofill"},"content":{"rendered":"<p><strong><span dir=\"auto\" style=\"vertical-align: inherit;\">Beschreibung:<\/span><\/strong><\/p>\n<div class=\"mb-4 leading-relaxed product-description prose\">Die Nachl\u00e4ufer-Scheuersaugmaschine B 60 W Bp mit Antrieb, wartungsfreier Batterie (24 V, 115 Ah) und KIK-Schl\u00fcsselsystem bietet Komfort sowie leichtes und sicheres Handling. Mit dem D 65-Scheibenb\u00fcrstenkopf (Arbeitsbreite 65 cm) und einer B\u00fcrstendrehzahl von 180 U\/min ist die Maschine ideal f\u00fcr unstrukturierte B\u00f6den mit einer Fl\u00e4chenleistung von 2.500 Quadratmetern geeignet. Der B\u00fcrstenanpressdruck ist einstellbar und der Kopf sowie die B\u00fcrsten sind schnell montiert sowie ausgewechselt. Die eco!efficiency-Stufe verl\u00e4ngert die Batterielaufzeit enorm (max. 3 h), und das Tanksp\u00fclsystem vereinfacht die S\u00e4uberung des Schmutzwassertanks nach der Bodenreinigung. Hinzu kommen die Auto-Fill-Funktion zum einfachen und zeitsparenden Bef\u00fcllen des Frischwassertanks und der V-f\u00f6rmige Saugbalken mit einer Arbeitsbreite von 900 Millimetern f\u00fcr eine r\u00fcckstandslose Absaugung der Schmutzflotte auch in Kurvenfahrten.<\/div>\n<div><\/div>\n<div><\/div>\n<div class=\"flex flex-col sm:flex-row justify-between my-4\">\n<div class=\"text-right\"><\/div>\n<\/div>\n<p data-start=\"0\" data-end=\"133\"><strong data-start=\"0\" data-end=\"12\">Merkmale:<\/strong><br data-start=\"12\" data-end=\"15\" \/><strong data-start=\"15\" data-end=\"50\">Mit 24 V \/ 115 Ah Batterie (C5)<\/strong><br data-start=\"50\" data-end=\"53\" \/>Das kompatible, integrierte Ladeger\u00e4t verl\u00e4ngert die Lebensdauer der Batterie.<\/p>\n<p data-start=\"135\" data-end=\"300\"><strong data-start=\"135\" data-end=\"157\">Einfache Bedienung<\/strong><br data-start=\"157\" data-end=\"160\" \/>Leichte Handhabung dank logisch aufgebauter, farbcodierter Bedienelemente.<br data-start=\"234\" data-end=\"237\" \/>Vereinfacht die Bedienung und verk\u00fcrzt die Einarbeitungszeit.<\/p>\n<p data-start=\"302\" data-end=\"508\"><strong data-start=\"302\" data-end=\"324\">Auto-Fill-Funktion<\/strong><br data-start=\"324\" data-end=\"327\" \/>Bequeme Bef\u00fcllung des Tanks mit einem Schlauch. Automatische Abschaltung, sobald der Tank voll ist.<br data-start=\"426\" data-end=\"429\" \/>Zeitersparnis, da in der Zwischenzeit andere Arbeiten erledigt werden k\u00f6nnen.<\/p>\n<p data-start=\"510\" data-end=\"721\"><strong data-start=\"510\" data-end=\"542\">Leistungsstarker Fahrantrieb<\/strong><br data-start=\"542\" data-end=\"545\" \/>Einfache Steuerung dank stufenloser Geschwindigkeitsregelung (vorw\u00e4rts und r\u00fcckw\u00e4rts).<br data-start=\"631\" data-end=\"634\" \/>Die maximale Geschwindigkeit ist voreinstellbar.<br data-start=\"682\" data-end=\"685\" \/>Bedienung \u00fcber Hebel am Handgriff.<\/p>\n<p data-start=\"723\" data-end=\"1032\"><strong data-start=\"723\" data-end=\"762\">Bew\u00e4hrte Doppelscheiben-Technologie<\/strong><br data-start=\"762\" data-end=\"765\" \/>Einfacher B\u00fcrstenwechsel in Sekunden: L\u00f6sen der B\u00fcrste per Fu\u00dfpedal, Fixierung durch Absenken der Maschine oder manuelles Einrasten.<br data-start=\"897\" data-end=\"900\" \/>Leiser und energieeffizienter Scheibenb\u00fcrstenkopf.<br data-start=\"950\" data-end=\"953\" \/>Vielseitig einsetzbar. Reinigungs- und Treibteller sind ebenfalls erh\u00e4ltlich.<\/p>\n<p data-start=\"1034\" data-end=\"1171\"><strong data-start=\"1034\" data-end=\"1074\">EASY Operation Funktionswahlschalter<\/strong><br data-start=\"1074\" data-end=\"1077\" \/>Einfache Handhabung.<br data-start=\"1097\" data-end=\"1100\" \/>Die Grundfunktionen lassen sich bequem mit dem EASY-Schalter steuern.<\/p>\n<p data-start=\"1173\" data-end=\"1418\"><strong data-start=\"1173\" data-end=\"1214\">Energiesparender eco!efficiency-Modus<\/strong><br data-start=\"1214\" data-end=\"1217\" \/>F\u00fcr deutlich reduzierten Energieverbrauch und erheblich l\u00e4ngere Batterielaufzeit.<br data-start=\"1298\" data-end=\"1301\" \/>Der eco!efficiency-Modus ist besonders leise und ideal f\u00fcr l\u00e4rmsensible Bereiche (z. B. Krankenh\u00e4user oder Hotels).<\/p>\n<p data-start=\"1420\" data-end=\"1637\"><strong data-start=\"1420\" data-end=\"1446\">Innovatives KIK-System<\/strong><br data-start=\"1446\" data-end=\"1449\" \/>Verhindert Bedienfehler dank Zwei-Tasten-System.<br data-start=\"1497\" data-end=\"1500\" \/>Reduzierte Servicekosten durch weniger Bedienungsfehler.<br data-start=\"1556\" data-end=\"1559\" \/>Optimale Anpassung der Maschine an unterschiedliche Reinigungsanforderungen.<\/p>\n<p data-start=\"1639\" data-end=\"1904\"><strong data-start=\"1639\" data-end=\"1667\">Praktische Maschinenform<\/strong><br data-start=\"1667\" data-end=\"1670\" \/>Schlankes Design f\u00fcr einfache Man\u00f6vrierf\u00e4higkeit auch in engen Bereichen.<br data-start=\"1743\" data-end=\"1746\" \/>Asymmetrische Form f\u00fcr bessere Sicht auf die zu reinigende Fl\u00e4che.<br data-start=\"1812\" data-end=\"1815\" \/>Optimal auf unebenem Untergrund, da B\u00fcrstenkopf und Rahmen unabh\u00e4ngig voneinander sind.<\/p>\n<p data-start=\"1906\" data-end=\"1998\" data-is-last-node=\"\" data-is-only-node=\"\"><strong data-start=\"1906\" data-end=\"1937\">Patentiertes Tanksp\u00fclsystem<\/strong><br data-start=\"1937\" data-end=\"1940\" \/>Einfache und hygienische Reinigung des Schmutzwassertanks.<\/p>\n<article class=\"text-token-text-primary w-full focus:outline-none [--shadow-height:45px] has-data-writing-block:pointer-events-none has-data-writing-block:-mt-(--shadow-height) has-data-writing-block:pt-(--shadow-height) [&amp;:has([data-writing-block])&gt;*]:pointer-events-auto [content-visibility:auto] supports-[content-visibility:auto]:[contain-intrinsic-size:auto_100lvh] scroll-mt-[calc(var(--header-height)+min(200px,max(70px,20svh)))]\" dir=\"auto\" tabindex=\"-1\" data-turn-id=\"request-WEB:37243d63-b8a1-4c0a-8d97-08612ad37340-4\" data-testid=\"conversation-turn-10\" data-scroll-anchor=\"true\" data-turn=\"assistant\">\n<div class=\"text-base my-auto mx-auto pb-10 [--thread-content-margin:--spacing(4)] thread-sm:[--thread-content-margin:--spacing(6)] thread-lg:[--thread-content-margin:--spacing(16)] px-(--thread-content-margin)\">\n<div class=\"[--thread-content-max-width:40rem] thread-lg:[--thread-content-max-width:48rem] mx-auto max-w-(--thread-content-max-width) flex-1 group\/turn-messages focus-visible:outline-hidden relative flex w-full min-w-0 flex-col agent-turn\" tabindex=\"-1\">\n<div class=\"flex max-w-full flex-col grow\">\n<div class=\"min-h-8 text-message relative flex w-full flex-col items-end gap-2 text-start break-words whitespace-normal [.text-message+&amp;]:mt-1\" dir=\"auto\" data-message-author-role=\"assistant\" data-message-id=\"d70f362e-5f93-4e1a-87df-f9d632f49dfc\" data-message-model-slug=\"gpt-5\">\n<div class=\"flex w-full flex-col gap-1 empty:hidden first:pt-[1px]\">\n<div class=\"markdown prose dark:prose-invert w-full break-words light markdown-new-styling\">\n<p data-start=\"0\" data-end=\"22\"><strong data-start=\"0\" data-end=\"20\" data-is-only-node=\"\">Technische Daten:<\/strong><\/p>\n<ul>\n<li data-start=\"0\" data-end=\"22\">Antriebsart: Batterie<\/li>\n<li data-start=\"0\" data-end=\"22\">Arbeitsbreite B\u00fcrsten: 650 mm<\/li>\n<li data-start=\"0\" data-end=\"22\">Arbeitsbreite Saugen: 900 mm<\/li>\n<li data-start=\"0\" data-end=\"22\">Frisch-\/Schmutzwassertank: 60 \/ 60 l<\/li>\n<li data-start=\"0\" data-end=\"22\">Fl\u00e4chenleistung, theoretisch: 3900 m\u00b2\/h<\/li>\n<li data-start=\"0\" data-end=\"22\">Fl\u00e4chenleistung, praktisch: 2340 m\u00b2\/h<\/li>\n<li data-start=\"0\" data-end=\"22\">Batterietyp: wartungsfrei<\/li>\n<li data-start=\"0\" data-end=\"22\">Batterie: 24 V \/ 115 Ah<\/li>\n<li data-start=\"0\" data-end=\"22\">Betriebsdauer der Batterie: max. 2 h<\/li>\n<li data-start=\"0\" data-end=\"22\">Netzanschluss f\u00fcr Ladeger\u00e4t: 100\u2013240 V \/ 50\u201360 Hz<\/li>\n<li data-start=\"0\" data-end=\"22\">B\u00fcrstendrehzahl: 180 U\/min<\/li>\n<li data-start=\"0\" data-end=\"22\">B\u00fcrstendruck: 26 g\/cm\u00b2<\/li>\n<li data-start=\"0\" data-end=\"22\">Wendekreis in Gangbreite: 1650 mm<\/li>\n<li data-start=\"0\" data-end=\"22\">Schalldruckpegel: 61 dB(A)<\/li>\n<li data-start=\"0\" data-end=\"22\">Aufgenommene Leistung: 2100 W<\/li>\n<li data-start=\"0\" data-end=\"22\">Zul\u00e4ssiges Gesamtgewicht: 300 kg<\/li>\n<li data-start=\"0\" data-end=\"22\">Abmessungen (L \u00d7 B \u00d7 H): 1540 \u00d7 900 \u00d7 1160 mm<\/li>\n<\/ul>\n<\/div>\n<\/div>\n<\/div>\n<\/div>\n<div class=\"z-0 flex min-h-[46px] justify-start\"><\/div>\n<div class=\"mt-3 w-full empty:hidden\">\n<div class=\"text-center\">\n<p style=\"text-align: left;\" data-start=\"0\" data-end=\"17\"><strong data-start=\"0\" data-end=\"15\">Ausstattung:<\/strong><\/p>\n<ul data-start=\"19\" data-end=\"540\" data-is-last-node=\"\" data-is-only-node=\"\">\n<li data-start=\"19\" data-end=\"47\">\n<p style=\"text-align: left;\" data-start=\"21\" data-end=\"47\">Scheibenb\u00fcrsten: 2 St\u00fcck<\/p>\n<\/li>\n<li style=\"text-align: left;\" data-start=\"48\" data-end=\"83\">\n<p data-start=\"50\" data-end=\"83\">Leistungsstarker Fahrantrieb: \u2714<\/p>\n<\/li>\n<li style=\"text-align: left;\" data-start=\"84\" data-end=\"126\">\n<p data-start=\"86\" data-end=\"126\">Batterie und integriertes Ladeger\u00e4t: \u2714<\/p>\n<\/li>\n<li style=\"text-align: left;\" data-start=\"127\" data-end=\"154\">\n<p data-start=\"129\" data-end=\"154\">Saugbalken, V-f\u00f6rmig: \u2714<\/p>\n<\/li>\n<li style=\"text-align: left;\" data-start=\"155\" data-end=\"183\">\n<p data-start=\"157\" data-end=\"183\">Tank-in-Tank-Bauweise: \u2714<\/p>\n<\/li>\n<li style=\"text-align: left;\" data-start=\"184\" data-end=\"218\">\n<p data-start=\"186\" data-end=\"218\">Patentiertes Tanksp\u00fclsystem: \u2714<\/p>\n<\/li>\n<li style=\"text-align: left;\" data-start=\"219\" data-end=\"240\">\n<p data-start=\"221\" data-end=\"240\">Antrieb: Batterie<\/p>\n<\/li>\n<li style=\"text-align: left;\" data-start=\"241\" data-end=\"257\">\n<p data-start=\"243\" data-end=\"257\">Auto-Fill: \u2714<\/p>\n<\/li>\n<li style=\"text-align: left;\" data-start=\"258\" data-end=\"289\">\n<p data-start=\"260\" data-end=\"289\">Sauglippen-Typ: \u00f6lbest\u00e4ndig<\/p>\n<\/li>\n<li style=\"text-align: left;\" data-start=\"290\" data-end=\"328\">\n<p data-start=\"292\" data-end=\"328\">K\u00e4rcher Farb- und Bedienkonzept: \u2714<\/p>\n<\/li>\n<li style=\"text-align: left;\" data-start=\"329\" data-end=\"420\">\n<p data-start=\"331\" data-end=\"420\">K\u00e4rcher Intelligent Key (KIK) mit \u00fcber 30 Sprachen und individuellen Benutzerrechten: \u2714<\/p>\n<\/li>\n<li style=\"text-align: left;\" data-start=\"421\" data-end=\"498\">\n<p data-start=\"423\" data-end=\"498\">Home Base Befestigungsm\u00f6glichkeiten f\u00fcr Wischer oder \u00e4hnliches Zubeh\u00f6r: \u2714<\/p>\n<\/li>\n<li style=\"text-align: left;\" data-start=\"421\" data-end=\"498\">\n<p data-start=\"423\" data-end=\"498\">EASY Operation Funktionswahlschalter: \u2714<\/p>\n<\/li>\n<\/ul>\n<\/div>\n<\/div>\n<\/div>\n<\/div>\n<\/article>\n<div class=\"pointer-events-none h-px w-px\" aria-hidden=\"true\" data-edge=\"true\"><\/div>\n<p><strong data-start=\"0\" data-end=\"16\" data-is-only-node=\"\">Lieferumfang:<\/strong><\/p>\n<ul>\n<li>Motor, Batterie<\/li>\n<li>Auto-Fill<\/li>\n<li>Batterie und integriertes Ladeger\u00e4t im Lieferumfang enthalten<\/li>\n<li>Home Base Befestigungsm\u00f6glichkeiten f\u00fcr Wischer oder \u00e4hnliches Zubeh\u00f6r<\/li>\n<li>EASY Operation Funktionswahlschalter<\/li>\n<li>Leistungsstarker Fahrantrieb<\/li>\n<li>K\u00e4rcher Farb- und Bedienkonzept<\/li>\n<li>K\u00e4rcher Intelligent Key (KIK) mit \u00fcber 30 Sprachen und individuellen Benutzerrechten<\/li>\n<li>Saugbalken, V-f\u00f6rmig<\/li>\n<li>Sauglippen-Typ, \u00f6lbest\u00e4ndig<\/li>\n<li>Scheibenb\u00fcrsten, 2 St\u00fcck<\/li>\n<li>Tank-in-Tank-Bauweise<\/li>\n<li>Patentiertes Tanksp\u00fclsystem<\/li>\n<\/ul>\n<p>&nbsp;<\/p>\n<p data-start=\"0\" data-end=\"24\"><strong data-start=\"0\" data-end=\"22\">Anwendungsbereiche:<\/strong><\/p>\n<ul data-start=\"26\" data-end=\"298\" data-is-last-node=\"\" data-is-only-node=\"\">\n<li data-start=\"26\" data-end=\"146\">\n<p data-start=\"28\" data-end=\"146\">Ideal f\u00fcr die Unterhaltsreinigung in Wohngebieten, Baum\u00e4rkten, Einkaufszentren, Handel, Industrie und auf Flugh\u00e4fen.<\/p>\n<\/li>\n<li data-start=\"147\" data-end=\"210\">\n<p data-start=\"149\" data-end=\"210\">Optimal f\u00fcr Geb\u00e4udereinigungsdienste, z.\u202fB. in Sporthallen.<\/p>\n<\/li>\n<li data-start=\"211\" data-end=\"298\" data-is-last-node=\"\">\n<p data-start=\"213\" data-end=\"298\" data-is-last-node=\"\">Geeignet f\u00fcr Reinigungsarbeiten an Flugh\u00e4fen, in der Industrie und im Verkehrssektor.<\/p>\n<\/li>\n<\/ul>\n<div class=\"col-sm-7 col-no-padding\">\n<div class=\"col-sm-7 col-no-padding\">\n<div class=\"col-sm-7 col-no-padding\">\n<div class=\"col-sm-7 col-no-padding\">\n<div class=\"col-sm-7 col-no-padding\">\n<div class=\"row\">\n<div class=\"col-sm-6\"><\/div>\n<h3><span dir=\"auto\" style=\"vertical-align: inherit;\">Europ\u00e4ischer EAN-Code: 4054278954639<\/span><\/h3>\n<\/div>\n<\/div>\n<\/div>\n<\/div>\n<\/div>\n<\/div>\n","protected":false},"excerpt":{"rendered":"<h2 class=\"tw-data-text tw-text-large tw-ta\" dir=\"ltr\" data-placeholder=\"Ford\u00edt\u00e1s\" data-ved=\"2ahUKEwjYr__Q8-qJAxX6zAIHHRWGCFAQ3ewLegQIDhAU\" aria-label=\"Leford\u00edtott sz\u00f6veg: Wendig, leicht, leise: Der leistungsstarke Lithium-Ionen-Akku des Scheuersaugers BR 35\/12 C l\u00e4sst sich schnell aufladen. Drehbarer B\u00fcrstenkopf, KART- und Zylindertechnologie. Der Akku und das Ladeger\u00e4t geh\u00f6ren zum Standardzubeh\u00f6r.\"><strong><span style=\"color: #ff0000;\">Unsere Verkaufspreise verstehen sich inklusive Inbetriebnahme von unserer fachwerkstatt.\u00a0<\/span><\/strong><\/h2>\n<p>Fu\u00dfbodenscheuersaugmaschine (60 l) mit Fahrantrieb, KIK-System, Tanksp\u00fclung, automatischer Bef\u00fcllung, Scheibenb\u00fcrstenkopf und wartungsfreier Batterie, f\u00fcr Fl\u00e4chen von 1000\u20132500 m\u00b2.<\/p>\n","protected":false},"featured_media":12938,"comment_status":"open","ping_status":"closed","template":"","meta":[],"product_brand":[303],"product_cat":[249,169],"product_tag":[168,170,171],"class_list":{"0":"post-12937","1":"product","2":"type-product","3":"status-publish","4":"has-post-thumbnail","6":"product_brand-kaercher","7":"product_cat-reinigungsgeraete","8":"product_cat-scheuersaugmaschine","9":"product_tag-kaercher","10":"product_tag-nachlaeufer-scheuersaugmaschine","11":"product_tag-scheuersaugmaschine","13":"first","14":"outofstock","15":"taxable","16":"shipping-taxable","17":"product-type-simple"},"_links":{"self":[{"href":"https:\/\/benimarkt.at\/index.php?rest_route=\/wp\/v2\/product\/12937","targetHints":{"allow":["GET"]}}],"collection":[{"href":"https:\/\/benimarkt.at\/index.php?rest_route=\/wp\/v2\/product"}],"about":[{"href":"https:\/\/benimarkt.at\/index.php?rest_route=\/wp\/v2\/types\/product"}],"replies":[{"embeddable":true,"href":"https:\/\/benimarkt.at\/index.php?rest_route=%2Fwp%2Fv2%2Fcomments&post=12937"}],"version-history":[{"count":5,"href":"https:\/\/benimarkt.at\/index.php?rest_route=\/wp\/v2\/product\/12937\/revisions"}],"predecessor-version":[{"id":12948,"href":"https:\/\/benimarkt.at\/index.php?rest_route=\/wp\/v2\/product\/12937\/revisions\/12948"}],"wp:featuredmedia":[{"embeddable":true,"href":"https:\/\/benimarkt.at\/index.php?rest_route=\/wp\/v2\/media\/12938"}],"wp:attachment":[{"href":"https:\/\/benimarkt.at\/index.php?rest_route=%2Fwp%2Fv2%2Fmedia&parent=12937"}],"wp:term":[{"taxonomy":"product_brand","embeddable":true,"href":"https:\/\/benimarkt.at\/index.php?rest_route=%2Fwp%2Fv2%2Fproduct_brand&post=12937"},{"taxonomy":"product_cat","embeddable":true,"href":"https:\/\/benimarkt.at\/index.php?rest_route=%2Fwp%2Fv2%2Fproduct_cat&post=12937"},{"taxonomy":"product_tag","embeddable":true,"href":"https:\/\/benimarkt.at\/index.php?rest_route=%2Fwp%2Fv2%2Fproduct_tag&post=12937"}],"curies":[{"name":"wp","href":"https:\/\/api.w.org\/{rel}","templated":true}]}}