{"id":12926,"date":"2025-10-16T08:50:08","date_gmt":"2025-10-16T08:50:08","guid":{"rendered":"https:\/\/benimarkt.at\/?post_type=product&#038;p=12926"},"modified":"2025-11-14T14:24:32","modified_gmt":"2025-11-14T14:24:32","slug":"kaercher-rcx-6-eu-maehroboter-2","status":"publish","type":"product","link":"https:\/\/benimarkt.at\/?product=kaercher-rcx-6-eu-maehroboter-2","title":{"rendered":"K\u00e4rcher RCX 6 EU M\u00e4hroboter"},"content":{"rendered":"<h3 class=\"mt-4\">Ausstattung<\/h3>\n<ul>\n<li>Navigationslogik: Systematische Bahnen<\/li>\n<li>No-Go-Zonen<\/li>\n<li>Kantenschnittfunktion<\/li>\n<li>Sensortechnologie: Optischer Sensor\/ Regensensor\/ Hebesensor\/ Anti-Kippsensor\/ Sto\u00dfsensor<\/li>\n<li>LoRa\u00ae<\/li>\n<li>Bedienung per App<\/li>\n<li>Verbindung per WLAN<\/li>\n<li>Verbindung per Bluetooth<\/li>\n<li>Smart Services \/ Features in der App<\/li>\n<li>PIN-Code-Sperre<\/li>\n<li>Firmware-Update OTA<\/li>\n<li>Schwimmendes M\u00e4hdeck<\/li>\n<li>Allradantrieb<\/li>\n<li>Display<\/li>\n<li>Regenverz\u00f6gerung<\/li>\n<li>Anzahl R\u00e4der: 3 St\u00fcck<\/li>\n<li>Scheinwerfer<\/li>\n<li>Tragegriff<\/li>\n<li>Diebstahlschutz<\/li>\n<\/ul>\n<p>&nbsp;<\/p>\n<h3>Technische Daten<\/h3>\n<table class=\"table\">\n<tbody>\n<tr>\n<td>Fl\u00e4chenleistung (m\u00b2)<\/td>\n<td>3000<\/td>\n<\/tr>\n<tr>\n<td>M\u00e4hwerk Typ<\/td>\n<td>Freischwingende Klingen<\/td>\n<\/tr>\n<tr>\n<td>Anzahl Klingen<\/td>\n<td>6<\/td>\n<\/tr>\n<tr>\n<td>Schnittbreite (cm)<\/td>\n<td>35<\/td>\n<\/tr>\n<tr>\n<td>Schnitth\u00f6he (cm)<\/td>\n<td>2 \/ 10<\/td>\n<\/tr>\n<tr>\n<td>Steigf\u00e4higkeit (%)<\/td>\n<td>max. 70<\/td>\n<\/tr>\n<tr>\n<td>M\u00e4hanwendung<\/td>\n<td>Mulchen<\/td>\n<\/tr>\n<tr>\n<td>Navigationstechnologie<\/td>\n<td>GPS \/ RTK \/ KI-Kamera<\/td>\n<\/tr>\n<tr>\n<td>Kameratyp<\/td>\n<td>3D-Stereo<\/td>\n<\/tr>\n<tr>\n<td>Festlegung M\u00e4hbereich<\/td>\n<td>GPS-Eingrenzung \/ Graserkennung<\/td>\n<\/tr>\n<tr>\n<td>Schmalste Korridorbreite (cm)<\/td>\n<td>80<\/td>\n<\/tr>\n<tr>\n<td>Anzahl M\u00e4hzonen (St\u00fcck)<\/td>\n<td>max. 10<\/td>\n<\/tr>\n<tr>\n<td>Akkuladezeit (min)<\/td>\n<td>35<\/td>\n<\/tr>\n<tr>\n<td>Akkutyp<\/td>\n<td>Lithium-Ionen-Akku<\/td>\n<\/tr>\n<tr>\n<td>Akkuspannung (V)<\/td>\n<td>18<\/td>\n<\/tr>\n<tr>\n<td>Akkukapazit\u00e4t (Ah)<\/td>\n<td>5<\/td>\n<\/tr>\n<tr>\n<td>Ladestrom (A)<\/td>\n<td>5<\/td>\n<\/tr>\n<tr>\n<td>Schallleistungspegel (dB(A))<\/td>\n<td>60<\/td>\n<\/tr>\n<tr>\n<td>Stromart (Ph\/V\/<span class=\"fix-spelling\">Hz<\/span>)<\/td>\n<td>1 \/ 100 &#8211; 240 \/ 50 &#8211; 60<\/td>\n<\/tr>\n<tr>\n<td>Farbe<\/td>\n<td>schwarz<\/td>\n<\/tr>\n<tr>\n<td>Abmessungen (L \u00d7 B \u00d7 H) (mm)<\/td>\n<td>868 x 535 x 297<\/td>\n<\/tr>\n<tr>\n<td>Abmessungen Roboter (L x B x H) (mm)<\/td>\n<td>735 x 510 x 270<\/td>\n<\/tr>\n<tr>\n<td>Gewicht Roboter (kg)<\/td>\n<td>14,4<\/td>\n<\/tr>\n<tr>\n<td>M\u00e4hdauer pro Akkuladung (min)<\/td>\n<td>75<\/td>\n<\/tr>\n<tr>\n<td>Gewicht ohne Zubeh\u00f6r (kg)<\/td>\n<td>14,4<\/td>\n<\/tr>\n<tr>\n<td>Gewicht inkl. Verpackung (kg)<\/td>\n<td>29,8<\/td>\n<\/tr>\n<\/tbody>\n<\/table>\n","protected":false},"excerpt":{"rendered":"<h2 class=\"tw-data-text tw-text-large tw-ta\" dir=\"ltr\" data-placeholder=\"Ford\u00edt\u00e1s\" data-ved=\"2ahUKEwjYr__Q8-qJAxX6zAIHHRWGCFAQ3ewLegQIDhAU\" aria-label=\"Leford\u00edtott sz\u00f6veg: Wendig, leicht, leise: Der leistungsstarke Lithium-Ionen-Akku des Scheuersaugers BR 35\/12 C l\u00e4sst sich schnell aufladen. Drehbarer B\u00fcrstenkopf, KART- und Zylindertechnologie. Der Akku und das Ladeger\u00e4t geh\u00f6ren zum Standardzubeh\u00f6r.\"><strong><span style=\"color: #ff0000;\">Unsere Verkaufspreise verstehen sich inklusive Inbetriebnahme von unserer fachwerkstatt.<\/span><\/strong><\/h2>\n","protected":false},"featured_media":12927,"comment_status":"open","ping_status":"closed","template":"","meta":[],"product_brand":[303],"product_cat":[129,169],"product_tag":[420,168,176],"class_list":{"0":"post-12926","1":"product","2":"type-product","3":"status-publish","4":"has-post-thumbnail","6":"product_brand-kaercher","7":"product_cat-maehroboter","8":"product_cat-scheuersaugmaschine","9":"product_tag-420","10":"product_tag-kaercher","11":"product_tag-maehroboter","13":"first","14":"instock","15":"taxable","16":"shipping-taxable","17":"purchasable","18":"product-type-simple"},"_links":{"self":[{"href":"https:\/\/benimarkt.at\/index.php?rest_route=\/wp\/v2\/product\/12926","targetHints":{"allow":["GET"]}}],"collection":[{"href":"https:\/\/benimarkt.at\/index.php?rest_route=\/wp\/v2\/product"}],"about":[{"href":"https:\/\/benimarkt.at\/index.php?rest_route=\/wp\/v2\/types\/product"}],"replies":[{"embeddable":true,"href":"https:\/\/benimarkt.at\/index.php?rest_route=%2Fwp%2Fv2%2Fcomments&post=12926"}],"version-history":[{"count":2,"href":"https:\/\/benimarkt.at\/index.php?rest_route=\/wp\/v2\/product\/12926\/revisions"}],"predecessor-version":[{"id":12929,"href":"https:\/\/benimarkt.at\/index.php?rest_route=\/wp\/v2\/product\/12926\/revisions\/12929"}],"wp:featuredmedia":[{"embeddable":true,"href":"https:\/\/benimarkt.at\/index.php?rest_route=\/wp\/v2\/media\/12927"}],"wp:attachment":[{"href":"https:\/\/benimarkt.at\/index.php?rest_route=%2Fwp%2Fv2%2Fmedia&parent=12926"}],"wp:term":[{"taxonomy":"product_brand","embeddable":true,"href":"https:\/\/benimarkt.at\/index.php?rest_route=%2Fwp%2Fv2%2Fproduct_brand&post=12926"},{"taxonomy":"product_cat","embeddable":true,"href":"https:\/\/benimarkt.at\/index.php?rest_route=%2Fwp%2Fv2%2Fproduct_cat&post=12926"},{"taxonomy":"product_tag","embeddable":true,"href":"https:\/\/benimarkt.at\/index.php?rest_route=%2Fwp%2Fv2%2Fproduct_tag&post=12926"}],"curies":[{"name":"wp","href":"https:\/\/api.w.org\/{rel}","templated":true}]}}