{"id":12919,"date":"2025-10-16T08:35:41","date_gmt":"2025-10-16T08:35:41","guid":{"rendered":"https:\/\/benimarkt.at\/?post_type=product&#038;p=12919"},"modified":"2026-04-16T09:55:30","modified_gmt":"2026-04-16T09:55:30","slug":"kaercher-hochdruckreiniger-hds-8-18-4-c-eu-i","status":"publish","type":"product","link":"https:\/\/benimarkt.at\/?product=kaercher-hochdruckreiniger-hds-8-18-4-c-eu-i","title":{"rendered":"K\u00e4rcher Hochdruckreiniger HDS 8\/18-4 C *EU-I"},"content":{"rendered":"<h4><strong>Beschreibung:<\/strong><\/h4>\n<div class=\"row fc-featurebenefits-row\">\n<div class=\"col-sm-7 col-no-padding\">\n<div class=\"row\">\n<div class=\"col-sm-6\">\n<h5>Der leistungsst\u00e4rkste 3-phasige Hei\u00dfwasser-Hochdruckreiniger der Kompaktklasse: Der HDS 8\/18-4 C mit\u00a0eco!efficiency- sowie Dampfstufe \u00fcberzeugt mit Ergonomie und Benutzerfreundlichkeit. Sein kraftvoller 4-poliger Motor ist wassergek\u00fchlt. Eine robuste Axialpumpe mit 3 Keramikkolben baut gro\u00dfen Druck auf. Die\u00a0EASY!Force\u00a0Advanced-Hochdruckpistole mit Servo-Control-Regler zum einfachen Anpassen von Druck und Wasserdurchfluss, patentierter D\u00fcsentechnologie sowie\u00a0EASY!Lock-Schnellverschl\u00fcssen macht die Arbeit ergonomisch. Das Softd\u00e4mpfungssystem SDS mindert Schwingungen. Die Hei\u00dfwassertechnik bricht selbst Schmierstoffe effektiv auf und reduziert den Einsatz von Reinigungsmitteln, die aus einem 15,5-Liter-Tank pr\u00e4zise dosiert werden. Der wartungsfreundliche HDS 8\/18-4 C ist konzipiert f\u00fcr den t\u00e4glichen Einsatz unter harten Bedingungen. Die M\u00f6glichkeit zur Entkalkung, ein Wasserfilter und ein Sicherheitsventil schonen die Technik. Ein robustes Chassis sch\u00fctzt vor St\u00f6\u00dfen, gro\u00dfe R\u00e4der und eine Lenkrolle bieten hohe Mobilit\u00e4t. F\u00fcr mitgef\u00fchrtes Zubeh\u00f6r gibt es integrierte Aufbewahrungsm\u00f6glichkeiten.<\/h5>\n<div class=\"col-sm-5\">\n<h5><strong>Hohe Wirtschaftlichkeit<\/strong><\/h5>\n<\/div>\n<div class=\"col-sm-7 col-no-padding\">\n<ul>\n<li><span class=\"fix-spelling\">eco!efficiency<\/span>-Stufe \u2013 wirtschaftlich und umweltschonend auch bei l\u00e4ngeren Eins\u00e4tzen.<\/li>\n<li>Reduziert Brennstoffverbrauch und CO\u2082-Emissionen um 20 Prozent.<\/li>\n<\/ul>\n<h5>Umfangreiches Zubeh\u00f6r mit <span class=\"fix-spelling\">EASY!Lock<\/span><\/h5>\n<div class=\"row fc-featurebenefits-row\">\n<div class=\"col-sm-7 col-no-padding\">\n<ul>\n<li><span class=\"fix-spelling\">EASY!Force<\/span>\u00a0Advanced f\u00fcr erm\u00fcdungsfreies Arbeiten ohne Haltekr\u00e4fte.<\/li>\n<li>Druck und Wassermenge sind am\u00a0Servo-Control-Regler zwischen Lanze und Pistole einstellbar.<\/li>\n<li>Rotierbare 1050-mm-Edelstahllanze.<\/li>\n<\/ul>\n<h5><strong>Betriebssicherheit<\/strong><\/h5>\n<\/div>\n<\/div>\n<div class=\"row fc-featurebenefits-row\">\n<div class=\"col-sm-7 col-no-padding\">\n<ul>\n<li>Leicht zug\u00e4nglicher Wasserfilter sch\u00fctzt die Pumpe vor Partikeln im Wasser.<\/li>\n<li>Sicherheitsventile, Wassermangel- und Brennstoffsicherung gew\u00e4hrleisten die Verf\u00fcgbarkeit des Ger\u00e4ts<\/li>\n<\/ul>\n<h5><strong>Zuverl\u00e4ssigkeit<\/strong><\/h5>\n<\/div>\n<\/div>\n<div class=\"row fc-featurebenefits-row\">\n<div class=\"col-sm-7 col-no-padding\">\n<ul>\n<li>Wasserenth\u00e4rtungssystem zum Schutz der Heizschlange vor Sch\u00e4den durch Verkalkung.<\/li>\n<li>Das Softd\u00e4mpfungssystem (SDS) kompensiert Schwingungen und Druckspitzen im Hochdrucksystem.<\/li>\n<\/ul>\n<h5><strong>Umfangreiche Aufbewahrungsm\u00f6glichkeiten f\u00fcr Zubeh\u00f6r direkt am Ger\u00e4t<\/strong><\/h5>\n<\/div>\n<\/div>\n<div class=\"row fc-featurebenefits-row\">\n<div class=\"col-sm-7 col-no-padding\">\n<ul>\n<li>Aufbewahrungshaken f\u00fcr Netzkabel und HD-Schlauch.<\/li>\n<li>Integrierte D\u00fcsenaufbewahrung.<\/li>\n<li>Integrierte Lanzenhalterung f\u00fcr Transport.<\/li>\n<\/ul>\n<h5><strong>Reinigungsmitteldosierung<\/strong><\/h5>\n<\/div>\n<\/div>\n<div class=\"row fc-featurebenefits-row\">\n<div class=\"col-sm-7 col-no-padding\">\n<ul>\n<li>Pr\u00e4zise Reinigungsmitteldosierung mit Klarsp\u00fclfunktion.<\/li>\n<li>Gro\u00dfe Tank\u00f6ffnung mit Einf\u00fcllsch\u00fctte.<\/li>\n<\/ul>\n<h5><strong>Mobilit\u00e4tskonzept<\/strong><\/h5>\n<\/div>\n<\/div>\n<div class=\"row fc-featurebenefits-row\">\n<div class=\"col-sm-7 col-no-padding\">\n<ul>\n<li>Joggerprinzip mit gro\u00dfen, gummibereiften R\u00e4dern und Lenkrolle.<\/li>\n<li>Integrierte Kippmulde f\u00fcr einfaches Kippen beim \u00dcberwinden von Abs\u00e4tzen.<\/li>\n<li>Schubgriffe f\u00fcr einfachen Transport und Man\u00f6vrierbarkeit.<\/li>\n<\/ul>\n<h5><strong>Einfache Bedienelemente<\/strong><\/h5>\n<\/div>\n<\/div>\n<div class=\"row fc-featurebenefits-row\">\n<div class=\"col-sm-7 col-no-padding\">\n<ul>\n<li>Intuitive Bedienung durch gro\u00dfen Ein-Knopf-Wahlschalter.<\/li>\n<\/ul>\n<h4>Technische Daten<\/h4>\n<table class=\"table\">\n<tbody>\n<tr>\n<td>Stromart (Ph\/V\/<span class=\"fix-spelling\">Hz<\/span>)<\/td>\n<td>3 \/ 400 \/ 50<\/td>\n<\/tr>\n<tr>\n<td>F\u00f6rdermenge (l\/h)<\/td>\n<td>300 &#8211; 800<\/td>\n<\/tr>\n<tr>\n<td>Arbeitsdruck (bar\/MPa)<\/td>\n<td>30 &#8211; 180 \/ 3 &#8211; 18<\/td>\n<\/tr>\n<tr>\n<td>Max. Druck (bar)<\/td>\n<td>220<\/td>\n<\/tr>\n<tr>\n<td>Temperatur (bei Zulauf 12 \u00b0C) (\u00b0C)<\/td>\n<td>min. 80 &#8211; max. 155<\/td>\n<\/tr>\n<tr>\n<td>Anschlussleistung (kW)<\/td>\n<td>6<\/td>\n<\/tr>\n<tr>\n<td>Verbrauch Heiz\u00f6l Volllast (kg\/h)<\/td>\n<td>5,2<\/td>\n<\/tr>\n<tr>\n<td>Verbrauch Heiz\u00f6l\u00a0<span class=\"fix-spelling\">eco!efficiency<\/span>\u00a0(kg\/h)<\/td>\n<td>4,2<\/td>\n<\/tr>\n<tr>\n<td>Anschlusskabel (m)<\/td>\n<td>5<\/td>\n<\/tr>\n<tr>\n<td>D\u00fcsengr\u00f6\u00dfe<\/td>\n<td>025<\/td>\n<\/tr>\n<tr>\n<td>Brennstofftank (l)<\/td>\n<td>15<\/td>\n<\/tr>\n<tr>\n<td>Gewicht (mit Zubeh\u00f6r) (kg)<\/td>\n<td>119,4<\/td>\n<\/tr>\n<tr>\n<td>Gewicht inkl. Verpackung (kg)<\/td>\n<td>131,2<\/td>\n<\/tr>\n<tr>\n<td>Abmessungen (L \u00d7 B \u00d7 H) (mm)<\/td>\n<td>1066 x 650 x 920<\/td>\n<\/tr>\n<\/tbody>\n<\/table>\n<h4>Lieferumfang<\/h4>\n<ul>\n<li>Handspritzpistole:\u00a0<span class=\"fix-spelling\">EASY!Force<\/span>\u00a0Advanced<\/li>\n<li>Strahlrohr: 1050 mm<\/li>\n<li>Powerd\u00fcse<\/li>\n<li>Servo Control<\/li>\n<\/ul>\n<h4>Ausstattung<\/h4>\n<ul>\n<li>L\u00e4nge HD-Schlauch: 10 m<\/li>\n<li>Softd\u00e4mpfungssystem (SDS)<\/li>\n<li>Druckabschaltung<\/li>\n<\/ul>\n<\/div>\n<\/div>\n<\/div>\n<\/div>\n<\/div>\n<\/div>\n<\/div>\n","protected":false},"excerpt":{"rendered":"<h2 class=\"tw-data-text tw-text-large tw-ta\" dir=\"ltr\" data-placeholder=\"Ford\u00edt\u00e1s\" data-ved=\"2ahUKEwjYr__Q8-qJAxX6zAIHHRWGCFAQ3ewLegQIDhAU\" aria-label=\"Leford\u00edtott sz\u00f6veg: Wendig, leicht, leise: Der leistungsstarke Lithium-Ionen-Akku des Scheuersaugers BR 35\/12 C l\u00e4sst sich schnell aufladen. Drehbarer B\u00fcrstenkopf, KART- und Zylindertechnologie. Der Akku und das Ladeger\u00e4t geh\u00f6ren zum Standardzubeh\u00f6r.\"><strong><span style=\"color: #ff0000;\">Unsere Verkaufspreise verstehen sich inklusive Inbetriebnahme von unserer fachwerkstatt.<\/span><\/strong><\/h2>\n<p>Leistungsst\u00e4rkster 3-phasiger Hei\u00dfwasser-Hochdruckreiniger der Kompaktklasse HDS 8\/18-4 C mit\u00a0<span class=\"fix-spelling\">eco!efficiency<\/span>&#8211; sowie Dampfstufe, 3-Kolben-Axialpumpe und\u00a0<span class=\"fix-spelling\">EASY!Force<\/span>\u00a0Advanced-Hochdruckpistole<\/p>\n","protected":false},"featured_media":12932,"comment_status":"open","ping_status":"closed","template":"","meta":[],"product_brand":[303],"product_cat":[164,165],"product_tag":[428,166,167],"class_list":{"0":"post-12919","1":"product","2":"type-product","3":"status-publish","4":"has-post-thumbnail","6":"product_brand-kaercher","7":"product_cat-hochdruckreiniger-2","8":"product_cat-warmwasser-hochdruckreiniger","9":"product_tag-428","10":"product_tag-heisswasser-hochdruckreiniger","11":"product_tag-hochdruckreiniger","13":"first","14":"outofstock","15":"taxable","16":"shipping-taxable","17":"product-type-simple"},"_links":{"self":[{"href":"https:\/\/benimarkt.at\/index.php?rest_route=\/wp\/v2\/product\/12919","targetHints":{"allow":["GET"]}}],"collection":[{"href":"https:\/\/benimarkt.at\/index.php?rest_route=\/wp\/v2\/product"}],"about":[{"href":"https:\/\/benimarkt.at\/index.php?rest_route=\/wp\/v2\/types\/product"}],"replies":[{"embeddable":true,"href":"https:\/\/benimarkt.at\/index.php?rest_route=%2Fwp%2Fv2%2Fcomments&post=12919"}],"version-history":[{"count":4,"href":"https:\/\/benimarkt.at\/index.php?rest_route=\/wp\/v2\/product\/12919\/revisions"}],"predecessor-version":[{"id":12922,"href":"https:\/\/benimarkt.at\/index.php?rest_route=\/wp\/v2\/product\/12919\/revisions\/12922"}],"wp:featuredmedia":[{"embeddable":true,"href":"https:\/\/benimarkt.at\/index.php?rest_route=\/wp\/v2\/media\/12932"}],"wp:attachment":[{"href":"https:\/\/benimarkt.at\/index.php?rest_route=%2Fwp%2Fv2%2Fmedia&parent=12919"}],"wp:term":[{"taxonomy":"product_brand","embeddable":true,"href":"https:\/\/benimarkt.at\/index.php?rest_route=%2Fwp%2Fv2%2Fproduct_brand&post=12919"},{"taxonomy":"product_cat","embeddable":true,"href":"https:\/\/benimarkt.at\/index.php?rest_route=%2Fwp%2Fv2%2Fproduct_cat&post=12919"},{"taxonomy":"product_tag","embeddable":true,"href":"https:\/\/benimarkt.at\/index.php?rest_route=%2Fwp%2Fv2%2Fproduct_tag&post=12919"}],"curies":[{"name":"wp","href":"https:\/\/api.w.org\/{rel}","templated":true}]}}