{"id":12897,"date":"2025-10-14T13:44:25","date_gmt":"2025-10-14T13:44:25","guid":{"rendered":"https:\/\/benimarkt.at\/?post_type=product&#038;p=12897"},"modified":"2026-04-15T12:33:42","modified_gmt":"2026-04-15T12:33:42","slug":"cube-stereo-hybrid-one22-pro-800-2026-lucidlilacnlime-l","status":"publish","type":"product","link":"https:\/\/benimarkt.at\/?product=cube-stereo-hybrid-one22-pro-800-2026-lucidlilacnlime-l","title":{"rendered":"CUBE Stereo Hybrid One22 Pro 800 2026 lucidlilac\u00b4n\u00b4lime &#8211; L"},"content":{"rendered":"<p><strong><span style=\"font-size: 20.16px; color: #333333;\">Technische Daten<\/span><\/strong><\/p>\n<div class=\"col-12 col-md-3 col-lg-2\">\n<div class=\"table-row row g-0\">\n<div class=\"col-12 col-md-3 col-lg-2\">\n<div>\n<ul>\n<li>Rahmen &#8211; Aluminum Superlite, Gravity Casting Technology, Efficient Comfort Control, FSP 4-Link, Agile Comfort Geometry, Boost 148, UDH\u2122, Full Integrated Battery, Advanced Internal Cable Routing, Kickstand\/Fender\/Carrier Mounting Points, Integrated Seatclamp<\/li>\n<li>Gr\u00f6\u00dfe &#8211;<span style=\"color: #008000;\"><strong> Size Split: 29: L<\/strong><\/span><\/li>\n<li>Federgabel &#8211; SR Suntour XCR34X 2CR Air, Tapered, 15x110mm, 120mm<\/li>\n<li>D\u00e4mpfer &#8211; <span style=\"font-size: 14.4px; color: #555555;\">SR Suntour EdgeX R 185&#215;52.5mm, Rebound Adjust, Trunnion Mount<\/span><\/li>\n<li>D\u00e4mpfer Hardware &#8211; <span style=\"font-size: 14.4px; color: #555555;\">Top: 54mm Trunnion Mount, Bottom: 22.2x8mm<\/span><\/li>\n<li>Bremsanlage &#8211; <span style=\"font-size: 14.4px; color: #555555;\">Shimano BR-MT420, Hydr. Disc Brake (203\/203)<\/span><\/li>\n<li>Schaltwerk &#8211; <span style=\"font-size: 14.4px; color: #555555;\">Shimano Cues RD-U6000-GS, 10-Speed<\/span><\/li>\n<li>Schalthebel &#8211; <span style=\"font-size: 14.4px; color: #555555;\">Shimano Cues SL-U6000, Rapidfire-Plus<\/span><\/li>\n<li>Kurbe<span style=\"font-size: 14.4px;\">lgarnitur &#8211; <\/span><span style=\"font-size: 14.4px; color: #555555;\">ACID MTB Hybrid Pro, 38<\/span><\/li>\n<li>Kassette &#8211; <span style=\"font-size: 14.4px; color: #555555;\">Shimano Cues CS-LG300, 11-48T<\/span><\/li>\n<li>Kette &#8211; <span style=\"font-size: 14.4px; color: #555555;\">KMC eGlide<\/span><\/li>\n<li>Kettenf\u00fchrung &#8211; <span style=\"font-size: 14.4px; color: #555555;\">Reverse Flip-Guide E-Chain Guide, Direct Mount, I-Plate<\/span><\/li>\n<li>Steuersatz &#8211; <span style=\"font-size: 14.4px; color: #555555;\">ACROS AZF-1034, ICR (Integrated Cable Routing), Top Zero-Stack 1 1\/2&#8243; (ZS 56mm), Bottom Zero-Stack 1 1\/2&#8243; (ZS 56mm), X-Connect Interface<\/span><\/li>\n<li>Vorbau &#8211; <span style=\"font-size: 14.4px; color: #555555;\">CUBE Performance Stem E-MTB 35, FPI-Link<\/span><\/li>\n<li>Lenker &#8211; <span style=\"font-size: 14.4px; color: #555555;\">CUBE Rise Trail Bar 35<\/span><\/li>\n<li>Griffe &#8211; <span style=\"font-size: 14.4px; color: #555555;\">ACID Hybrid Perform<\/span><\/li>\n<li>Laufradsatz &#8211; <span style=\"font-size: 14.4px; color: #555555;\">ACID PRO 30, 32\/32 Spokes, 15x110mm\/12x148mm, Tubeless Ready<\/span><\/li>\n<li>Reifen &#8211; <span style=\"font-size: 14.4px; color: #555555;\">Schwalbe Smart Sam, Active, 2.6<\/span><\/li>\n<li>Sattel &#8211; <span style=\"font-size: 14.4px; color: #555555;\">ACID Venec EMTB Plus 145<\/span><\/li>\n<li>Sattelst\u00fctze &#8211; <span style=\"font-size: 14.4px; color: #555555;\">CUBE Dropper Post, Handlebar Lever, Internal Cable Routing, 31.6mm<\/span><\/li>\n<li>Pedale &#8211; <span style=\"font-size: 14.4px; color: #555555;\">ACID PP MTB<\/span><\/li>\n<li>Farbe &#8211; <span style=\"font-size: 14.4px; color: #555555;\">lucidlilac\u00b4n\u00b4lime<\/span><\/li>\n<\/ul>\n<\/div>\n<div class=\"table-row row g-0\">\n<div class=\"col-12 col-md-3 col-lg-2\">\n<div class=\"table-row row g-0\">\n<div class=\"col-12 col-md-3 col-lg-2\">\n<div class=\"table-row row g-0\">\n<div class=\"col-12 col-md-3 col-lg-2\">\n<div class=\"table-row row g-0\">\n<div class=\"col-12 col-md-3 col-lg-2\">\n<div class=\"row align-items-start\">\n<div class=\"col-lg-7\">\n<div class=\"row align-items-start\">\n<div class=\"col-lg-7\">\n<div class=\"row align-items-start\">\n<div class=\"col-lg-7\">\n<div class=\"row align-items-start\">\n<div class=\"col-lg-7\">\n<div class=\"e-geometry-table-wrapper\">\n<table id=\"e-geometry-integration-table\" class=\"table e-geometry-table\">\n<thead>\n<tr>\n<th class=\"table-header\">\n<h3 class=\"text-uppercase mb-4\"><strong><span style=\"color: #008000;\">Geometrie<\/span><\/strong><\/h3>\n<\/th>\n<td class=\"geometry-table-field\" data-sizekey=\"500\"><\/td>\n<td class=\"geometry-table-field\" data-sizekey=\"900\"><\/td>\n<td class=\"geometry-table-field\" style=\"text-align: center;\" data-sizekey=\"1100\"><strong><span style=\"color: #008000;\">L<\/span><\/strong><\/td>\n<td class=\"geometry-table-field\" data-sizekey=\"1300\"><\/td>\n<\/tr>\n<\/thead>\n<tbody>\n<tr>\n<th class=\"e-geometry-table-row\" data-id=\"A\">Sitzrohr<\/th>\n<td class=\"geometry-table-field\" data-id=\"A\" data-sizekey=\"500\"><\/td>\n<td class=\"geometry-table-field\" data-id=\"A\" data-sizekey=\"900\"><\/td>\n<td class=\"geometry-table-field\" style=\"text-align: center;\" data-id=\"A\" data-sizekey=\"1100\"><strong><span style=\"color: #008000;\">420<\/span><\/strong><\/td>\n<td class=\"geometry-table-field\" data-id=\"A\" data-sizekey=\"1300\"><\/td>\n<\/tr>\n<tr>\n<th class=\"e-geometry-table-row\" data-id=\"B\">Oberrohr horizontal<\/th>\n<td class=\"geometry-table-field\" data-id=\"B\" data-sizekey=\"500\"><\/td>\n<td class=\"geometry-table-field\" data-id=\"B\" data-sizekey=\"900\"><\/td>\n<td class=\"geometry-table-field\" style=\"text-align: center;\" data-id=\"B\" data-sizekey=\"1100\"><strong><span style=\"color: #008000;\">630<\/span><\/strong><\/td>\n<td class=\"geometry-table-field\" data-id=\"B\" data-sizekey=\"1300\"><\/td>\n<\/tr>\n<tr>\n<th class=\"e-geometry-table-row\" data-id=\"C\">Sitzwinkel<\/th>\n<td class=\"geometry-table-field\" data-id=\"C\" data-sizekey=\"500\"><\/td>\n<td class=\"geometry-table-field\" data-id=\"C\" data-sizekey=\"900\"><\/td>\n<td class=\"geometry-table-field\" style=\"text-align: center;\" data-id=\"C\" data-sizekey=\"1100\"><strong><span style=\"color: #008000;\">76\u00b0<\/span><\/strong><\/td>\n<td class=\"geometry-table-field\" data-id=\"C\" data-sizekey=\"1300\"><\/td>\n<\/tr>\n<tr>\n<th class=\"e-geometry-table-row\" data-id=\"D\">Steuerrohrwinkel<\/th>\n<td class=\"geometry-table-field\" data-id=\"D\" data-sizekey=\"500\"><\/td>\n<td class=\"geometry-table-field\" data-id=\"D\" data-sizekey=\"900\"><\/td>\n<td class=\"geometry-table-field\" style=\"text-align: center;\" data-id=\"D\" data-sizekey=\"1100\"><strong><span style=\"color: #008000;\">66.5\u00b0<\/span><\/strong><\/td>\n<td class=\"geometry-table-field\" data-id=\"D\" data-sizekey=\"1300\"><\/td>\n<\/tr>\n<tr>\n<th class=\"e-geometry-table-row\" data-id=\"E\">Kettenstreben<\/th>\n<td class=\"geometry-table-field\" data-id=\"E\" data-sizekey=\"500\"><\/td>\n<td class=\"geometry-table-field\" data-id=\"E\" data-sizekey=\"900\"><\/td>\n<td class=\"geometry-table-field\" style=\"text-align: center;\" data-id=\"E\" data-sizekey=\"1100\"><strong><span style=\"color: #008000;\">488<\/span><\/strong><\/td>\n<td class=\"geometry-table-field\" data-id=\"E\" data-sizekey=\"1300\"><\/td>\n<\/tr>\n<tr>\n<th class=\"e-geometry-table-row\" data-id=\"F\">Steuerrohr<\/th>\n<td class=\"geometry-table-field\" data-id=\"F\" data-sizekey=\"500\"><\/td>\n<td class=\"geometry-table-field\" data-id=\"F\" data-sizekey=\"900\"><\/td>\n<td class=\"geometry-table-field\" style=\"text-align: center;\" data-id=\"F\" data-sizekey=\"1100\"><strong><span style=\"color: #008000;\">142<\/span><\/strong><\/td>\n<td class=\"geometry-table-field\" data-id=\"F\" data-sizekey=\"1300\"><\/td>\n<\/tr>\n<tr>\n<th class=\"e-geometry-table-row\" data-id=\"G\">Radstand<\/th>\n<td class=\"geometry-table-field\" data-id=\"G\" data-sizekey=\"500\"><\/td>\n<td class=\"geometry-table-field\" data-id=\"G\" data-sizekey=\"900\"><\/td>\n<td class=\"geometry-table-field\" style=\"text-align: center;\" data-id=\"G\" data-sizekey=\"1100\"><strong><span style=\"color: #008000;\">1271<\/span><\/strong><\/td>\n<td class=\"geometry-table-field\" data-id=\"G\" data-sizekey=\"1300\"><\/td>\n<\/tr>\n<tr>\n<th class=\"e-geometry-table-row\" data-id=\"H\">Tretlagerh\u00f6he zur Nabenachse<\/th>\n<td class=\"geometry-table-field\" data-id=\"H\" data-sizekey=\"500\"><\/td>\n<td class=\"geometry-table-field\" data-id=\"H\" data-sizekey=\"900\"><\/td>\n<td class=\"geometry-table-field\" style=\"text-align: center;\" data-id=\"H\" data-sizekey=\"1100\"><strong><span style=\"color: #008000;\">-43<\/span><\/strong><\/td>\n<td class=\"geometry-table-field\" data-id=\"H\" data-sizekey=\"1300\"><\/td>\n<\/tr>\n<tr>\n<th class=\"e-geometry-table-row\" data-id=\"T 80\">\u00dcberstandsh\u00f6he &#8211; 80mm<\/th>\n<td class=\"geometry-table-field\" data-id=\"T 80\" data-sizekey=\"500\"><\/td>\n<td class=\"geometry-table-field\" data-id=\"T 80\" data-sizekey=\"900\"><\/td>\n<td class=\"geometry-table-field\" style=\"text-align: center;\" data-id=\"T 80\" data-sizekey=\"1100\"><strong><span style=\"color: #008000;\">784<\/span><\/strong><\/td>\n<td class=\"geometry-table-field\" data-id=\"T 80\" data-sizekey=\"1300\"><\/td>\n<\/tr>\n<tr>\n<th class=\"e-geometry-table-row\" data-id=\"R\">Reach<\/th>\n<td class=\"geometry-table-field\" data-id=\"R\" data-sizekey=\"500\"><\/td>\n<td class=\"geometry-table-field\" data-id=\"R\" data-sizekey=\"900\"><\/td>\n<td class=\"geometry-table-field\" style=\"text-align: center;\" data-id=\"R\" data-sizekey=\"1100\"><strong><span style=\"color: #008000;\">471<\/span><\/strong><\/td>\n<td class=\"geometry-table-field\" data-id=\"R\" data-sizekey=\"1300\"><\/td>\n<\/tr>\n<tr>\n<th class=\"e-geometry-table-row\" data-id=\"S\">Stack<\/th>\n<td class=\"geometry-table-field\" data-id=\"S\" data-sizekey=\"500\"><\/td>\n<td class=\"geometry-table-field\" data-id=\"S\" data-sizekey=\"900\"><\/td>\n<td class=\"geometry-table-field\" style=\"text-align: center;\" data-id=\"S\" data-sizekey=\"1100\"><strong><span style=\"color: #008000;\">656<\/span><\/strong><\/td>\n<td class=\"geometry-table-field\" data-id=\"S\" data-sizekey=\"1300\"><\/td>\n<\/tr>\n<\/tbody>\n<\/table>\n<\/div>\n<\/div>\n<\/div>\n<\/div>\n<\/div>\n<\/div>\n<\/div>\n<\/div>\n<\/div>\n<\/div>\n<\/div>\n<\/div>\n<\/div>\n<\/div>\n<\/div>\n<\/div>\n<\/div>\n<\/div>\n<\/div>\n<\/div>\n","protected":false},"excerpt":{"rendered":"<h3>Beschreibung<\/h3>\n<p>Bei diesem Chassis trifft ein kraftvoller Bosch Motor auf die bew\u00e4hrte Kinematik von CUBE, das Ergebnis: der ultimative Gel\u00e4ndeprofi, bei dem das robuste Fahrwerk effizient mit der 120 mm Federgabel (inklusive Montagepunkten f\u00fcr Schutzbleche) zusammenarbeitet. Dadurch ist nicht nur h\u00f6chster Komfort, sondern auch top Kontrolle garantiert. Der leistungsstarke Bosch CX Antrieb wird von einem 800 Wh starken Akku gespeist, was sich vor allem auf weiten Strecken und langen Trails bezahlt macht. On top haben wir \u2013 unserer Detailverliebtheit beim Rahmenbau geschuldet \u2013 ein UDH Schaltauge sowie eine Direct Mount Kettenf\u00fchrung verbaut und die Z\u00fcge ins Rahmeninnere verlegt. Clever: Dank unserem Size Split System finden alle die f\u00fcr sich und ihre Anforderungen perfekte Passform.<\/p>\n<p><img fetchpriority=\"high\" decoding=\"async\" class=\"alignnone wp-image-8037\" src=\"https:\/\/shop.isarsilver.eu\/wp-content\/uploads\/2025\/09\/image-1-5.png\" alt=\"\" width=\"268\" height=\"268\" \/><\/p>\n","protected":false},"featured_media":14225,"comment_status":"open","ping_status":"closed","template":"","meta":[],"product_brand":[342],"product_cat":[341],"product_tag":[351,344,345],"class_list":{"0":"post-12897","1":"product","2":"type-product","3":"status-publish","4":"has-post-thumbnail","6":"product_brand-cube","7":"product_cat-fahrraeder","8":"product_tag-351","9":"product_tag-cube","10":"product_tag-fahrraeder","12":"first","13":"instock","14":"taxable","15":"shipping-taxable","16":"purchasable","17":"product-type-simple"},"_links":{"self":[{"href":"https:\/\/benimarkt.at\/index.php?rest_route=\/wp\/v2\/product\/12897","targetHints":{"allow":["GET"]}}],"collection":[{"href":"https:\/\/benimarkt.at\/index.php?rest_route=\/wp\/v2\/product"}],"about":[{"href":"https:\/\/benimarkt.at\/index.php?rest_route=\/wp\/v2\/types\/product"}],"replies":[{"embeddable":true,"href":"https:\/\/benimarkt.at\/index.php?rest_route=%2Fwp%2Fv2%2Fcomments&post=12897"}],"version-history":[{"count":1,"href":"https:\/\/benimarkt.at\/index.php?rest_route=\/wp\/v2\/product\/12897\/revisions"}],"predecessor-version":[{"id":12905,"href":"https:\/\/benimarkt.at\/index.php?rest_route=\/wp\/v2\/product\/12897\/revisions\/12905"}],"wp:featuredmedia":[{"embeddable":true,"href":"https:\/\/benimarkt.at\/index.php?rest_route=\/wp\/v2\/media\/14225"}],"wp:attachment":[{"href":"https:\/\/benimarkt.at\/index.php?rest_route=%2Fwp%2Fv2%2Fmedia&parent=12897"}],"wp:term":[{"taxonomy":"product_brand","embeddable":true,"href":"https:\/\/benimarkt.at\/index.php?rest_route=%2Fwp%2Fv2%2Fproduct_brand&post=12897"},{"taxonomy":"product_cat","embeddable":true,"href":"https:\/\/benimarkt.at\/index.php?rest_route=%2Fwp%2Fv2%2Fproduct_cat&post=12897"},{"taxonomy":"product_tag","embeddable":true,"href":"https:\/\/benimarkt.at\/index.php?rest_route=%2Fwp%2Fv2%2Fproduct_tag&post=12897"}],"curies":[{"name":"wp","href":"https:\/\/api.w.org\/{rel}","templated":true}]}}