{"id":12724,"date":"2025-10-10T07:13:05","date_gmt":"2025-10-10T07:13:05","guid":{"rendered":"https:\/\/benimarkt.at\/?post_type=product&#038;p=12724"},"modified":"2026-03-16T12:45:06","modified_gmt":"2026-03-16T12:45:06","slug":"polar-grit-x2-pro-premium-outdoor-uhr","status":"publish","type":"product","link":"https:\/\/benimarkt.at\/?product=polar-grit-x2-pro-premium-outdoor-uhr","title":{"rendered":"Polar Grit X2 Pro Premium Outdoor-Uhr"},"content":{"rendered":"<h4>Funktionen<\/h4>\n<h5><span class=\"title\">Training und Erholung<\/span><\/h5>\n<p>Training Load Pro\u2122, Energiequellen, Running Power am Handgelenk, FitSpark\u00ae, FuelWise\u2122, W\u00f6chentliche Zusammenfassung, Schwimm-Metriken, Laufprogramm, Saisonplaner, Trainingsziele, Sprachf\u00fchrung, Erholungsoptimierung, Vertikale Geschwindigkeit und VAM, Routen\u00fcbersicht in der Trainingszusammenfassung, Schwimmstile beim Bahnschwimmen in der Trainingszusammenfassung, Recovery Pro\u2122<\/p>\n<h5><span class=\"title\">Aktivit\u00e4t<\/span><\/h5>\n<p>24\/7 Activity Tracking, Schrittz\u00e4hler, Smart Calories<\/p>\n<h5><span class=\"title\">Schlaf und Wohlbefinden<\/span><\/h5>\n<p>SleepWise\u2122, Nightly Recharge\u2122, Sleep Plus Stages\u2122, Serene\u2122, SpO2, EKG am Handgelenk, N\u00e4chtliche Hauttemperatur<\/p>\n<h5><span class=\"title\">Outdoor-Sport und Navigation<\/span><\/h5>\n<p>Globales Navigationssatellitensystem, Turn-by-Turn Navigation powered by komoot, Track back, Hill Splitter\u2122, Routen- und H\u00f6henprofile, Routenf\u00fchrung, Back-to-start, Karten, Geplante Strecken und Breadcrumb-Navigation, Vertikale Geschwindigkeit und VAM, H\u00f6henmesser, Points of Interest (POI)<\/p>\n<h5><span class=\"title\">Tests<\/span><\/h5>\n<p>Lauf-Leistungstest, Fitness Test, Walking-Test, Rad-Leistungstest, Orthostatischer Test, Bein-Erholungstest<\/p>\n<h5><span class=\"title\">Dienstprogramme<\/span><\/h5>\n<p>Flashlight, Farbvarianten der Displayansicht, Tageslichtzeiten, Wetter, Polar Flow, Musiksteuerung, Smart Notifications, Smartphone finden, Interne Benachrichtigungen, Laden w\u00e4hrend des Trainings<\/p>\n<h5><span class=\"title\">Hardware<\/span><\/h5>\n<p>Ultralange Akkulaufzeit, Elixir\u2122, Dual-Frequenz-GPS, H\u00f6henmesser<\/p>\n<h5><span class=\"title\">Konnektivit\u00e4t<\/span><\/h5>\n<p>Pulssensor-Modus<\/p>\n<p>&nbsp;<\/p>\n<h4>Technische Daten<\/h4>\n<p>Abmessungen &#8211; Breite:<strong>48.6 mm, <\/strong>H\u00f6he:<strong>48.6 mm, <\/strong>St\u00e4rke:<strong>13.4 mm<\/strong><\/p>\n<p>Gewicht &#8211; Gesamtgewicht:<strong>79 g, <\/strong>Gesamtgewicht ohne Armband:<strong>57 g<\/strong><\/p>\n<p>Display &#8211; Displaytyp:<strong>AMOLED, <\/strong>Displaygr\u00f6\u00dfe:<strong>1.39 Inch, <\/strong>Displayaufl\u00f6sung:<strong>454 \u00d7 454, <\/strong>Touchscreen:<strong>Ja, <\/strong>Display immer eingeschaltet:<strong>Ja, <\/strong>Umgebungslichtsensor:<strong>Ja<\/strong><\/p>\n<p>Leistung &#8211; CPU-Geschwindigkeit:<strong>275 MHz, <\/strong>Speicher:<strong>37 MB, <\/strong>Aufbewahrung:<strong>32 GB<\/strong><\/p>\n<p>Materialien &#8211; Geh\u00e4usematerial:<strong>Stainless steel, <\/strong>Bildschirmmaterial:<strong>Sapphire Glass, <\/strong>L\u00fcnettenmaterial:<strong>Stainless steel<\/strong><\/p>\n<p>Geo-Standort &#8211; GPS:<strong>Ja, <\/strong>Glonass:<strong>Ja, <\/strong>Galileo:<strong>Ja, <\/strong>BeiDou:<strong>Ja, <\/strong>QZSS:<strong>Ja, <\/strong>Assisted GPS:<strong>Ja, <\/strong>Assisted Glonass:<strong>Ja, <\/strong>Assisted Galileo:<strong>Ja, <\/strong>Assisted QZSS:<strong>Ja, <\/strong>Dual-Frequenz-GPS:<strong>Ja<\/strong><\/p>\n<p>Konnektivit\u00e4t &#8211; Bluetooth-Technologie:<strong>Bluetooth\u00ae LE, <\/strong>USB-Kabel:<strong>Proprietary \/ USB-C<\/strong><\/p>\n<p>Strapazierf\u00e4higkeit &#8211; Betriebstemperatur min.:<strong>-20 \u00b0C, <\/strong>Betriebstemperatur max.:<strong>50 \u00b0C, <\/strong>Wasserbest\u00e4ndigkeit:<strong><a href=\"https:\/\/support.polar.com\/en\/water-resistance\">WR100<\/a><\/strong>Nach Milit\u00e4rnorm gepr\u00fcft:<strong>MIL-STD-810H<\/strong><\/p>\n<p>Sensoren &#8211; Elixir:<strong>Ja, <\/strong>EKG:<strong>GEN 1, <\/strong>SpO2:<strong>GEN 1, <\/strong>Hauttemperatur:<strong>GEN 1, <\/strong>OHR:<strong>GEN 4, <\/strong>Barometer:<strong>Ja, <\/strong>Magnetometer-Kompass:<strong>Ja, <\/strong>Beschleunigungssensor:<strong>Ja, <\/strong>Gyroskop:<strong>Ja<\/strong><\/p>\n<p>Akku &#8211; Akkukapazit\u00e4t:<strong>488 mAh, <\/strong>Batterietyp:<strong>Li-Pol, <\/strong>Akku wiederaufladbar:<strong>Ja, <\/strong>Trainingsmodus mit max. Tracking:<strong>43 h, <\/strong>Energiespar-Trainingsmodus:<strong>140 h, <\/strong>Smartwatch-Modus:<strong>10 d<\/strong><\/p>\n<p>Verschiedenes &#8211; Stoppuhr:<strong>Ja, <\/strong>Geschwindigkeit Tempo:<strong>Ja, <\/strong>Countdown-Timer:<strong>Ja, <\/strong>Intervalltimer:<strong>Ja, <\/strong>Manuelle Runden:<strong>Ja, <\/strong>Automatische Runden:<strong>Ja, <\/strong>Autostart Stopp:<strong>Ja, <\/strong>Vibrationsalarme:<strong>Ja, <\/strong>Wecker:<strong>Ja, <\/strong>Uhr:<strong>Ja, <\/strong>Displaybeleuchtung:<strong>Ja, <\/strong>Datum und Wochentag:<strong>Ja, <\/strong>Uhrzeit:<strong>Ja, <\/strong>Tastensperre:<strong>Ja, <\/strong>Aktualisierbare Firmware:<strong>Ja<\/strong><\/p>\n<p>&nbsp;<\/p>\n<p>&nbsp;<\/p>\n","protected":false},"excerpt":{"rendered":"<h4>Beschreibung<\/h4>\n<p>Polar Grit X2 Pro \u2013 Outdoor GPS-Sportuhr mit optischer Pulsmessung, Smartwatch-Navigation und Biosensortechniken f\u00fcr beste Leistungen. Die Outdoor-Uhr f\u00fcr das ultimative Abenteuer. Polar Grit X2 Pro ist eine robuste Outdoor-Uhr in Milit\u00e4rqualit\u00e4t f\u00fcr Entdecker und Abenteurer, mit einem High-Tech-Toolkit f\u00fcr die absolut sichere Navigation und Leistungsf\u00e4higkeit in jeder Umgebung.<br \/>\nDual-Frequenz-GPS und Offline-Karten stellen sicher, dass du niemals vom Weg abkommst. Plus, ein hochaufl\u00f6sender AMOLED-Touchscreen mit kratzfestem Saphirkristallglas im Edelstahlrahmen zeigt wichtige Informationen kristallklar an \u2013 selbst unter den schwierigsten Bedingungen.<br \/>\nPolar Elixir Biosensortechniken wie die optische Pulsmessung \u00fcberwachen deine Vitaldaten und die Reaktion deines K\u00f6rpers auf Bewegung und die Elemente im Freien.<br \/>\nPolar Grit X2 Pro hat eine lange Akkulaufzeit und verf\u00fcgt \u00fcber ein umfassendes Angebot an Trainings- und Erholungstools. Diese unverzichtbare Outdoor-Uhr er\u00f6ffnet ganz neue Perspektiven auf die Wunder dieser Welt und deinen K\u00f6rper.<\/p>\n<h5 class=\"color-title\">Farbe:\u00a0<span class=\"js-variant-name\">Night Black<\/span><\/h5>\n","protected":false},"featured_media":12725,"comment_status":"open","ping_status":"closed","template":"","meta":[],"product_brand":[302],"product_cat":[348,162],"product_tag":[346,323],"class_list":{"0":"post-12724","1":"product","2":"type-product","3":"status-publish","4":"has-post-thumbnail","6":"product_brand-polar","7":"product_cat-polar","8":"product_cat-smartwatches-gps-zubehoer","9":"product_tag-polar","10":"product_tag-smartwatch","12":"first","13":"outofstock","14":"taxable","15":"shipping-taxable","16":"purchasable","17":"product-type-simple"},"_links":{"self":[{"href":"https:\/\/benimarkt.at\/index.php?rest_route=\/wp\/v2\/product\/12724","targetHints":{"allow":["GET"]}}],"collection":[{"href":"https:\/\/benimarkt.at\/index.php?rest_route=\/wp\/v2\/product"}],"about":[{"href":"https:\/\/benimarkt.at\/index.php?rest_route=\/wp\/v2\/types\/product"}],"replies":[{"embeddable":true,"href":"https:\/\/benimarkt.at\/index.php?rest_route=%2Fwp%2Fv2%2Fcomments&post=12724"}],"version-history":[{"count":1,"href":"https:\/\/benimarkt.at\/index.php?rest_route=\/wp\/v2\/product\/12724\/revisions"}],"predecessor-version":[{"id":12730,"href":"https:\/\/benimarkt.at\/index.php?rest_route=\/wp\/v2\/product\/12724\/revisions\/12730"}],"wp:featuredmedia":[{"embeddable":true,"href":"https:\/\/benimarkt.at\/index.php?rest_route=\/wp\/v2\/media\/12725"}],"wp:attachment":[{"href":"https:\/\/benimarkt.at\/index.php?rest_route=%2Fwp%2Fv2%2Fmedia&parent=12724"}],"wp:term":[{"taxonomy":"product_brand","embeddable":true,"href":"https:\/\/benimarkt.at\/index.php?rest_route=%2Fwp%2Fv2%2Fproduct_brand&post=12724"},{"taxonomy":"product_cat","embeddable":true,"href":"https:\/\/benimarkt.at\/index.php?rest_route=%2Fwp%2Fv2%2Fproduct_cat&post=12724"},{"taxonomy":"product_tag","embeddable":true,"href":"https:\/\/benimarkt.at\/index.php?rest_route=%2Fwp%2Fv2%2Fproduct_tag&post=12724"}],"curies":[{"name":"wp","href":"https:\/\/api.w.org\/{rel}","templated":true}]}}