{"id":12623,"date":"2025-10-08T11:06:10","date_gmt":"2025-10-08T11:06:10","guid":{"rendered":"https:\/\/benimarkt.at\/?post_type=product&#038;p=12623"},"modified":"2026-04-15T12:37:01","modified_gmt":"2026-04-15T12:37:01","slug":"cube-attention-pro-2026-icebluenprism-l","status":"publish","type":"product","link":"https:\/\/benimarkt.at\/?product=cube-attention-pro-2026-icebluenprism-l","title":{"rendered":"CUBE Attention Pro 2026  iceblue\u00b4n\u00b4prism &#8211; L"},"content":{"rendered":"<h3><strong>Technische Daten:<\/strong><\/h3>\n<div class=\"col-12 col-md-3 col-lg-2\">\n<div class=\"table-row row g-0\">\n<div class=\"col-12 col-md-9 col-lg-10\">\n<div id=\"productAccordion\" class=\"product-detail-description-accordion\">\n<div class=\"card \">\n<div id=\"heading-1\" class=\"card-header\">\n<ul>\n<li class=\"d-grid\"><strong>Rahmen<\/strong> &#8211; Aluminium Lite, AMF, Double Butted, Internal Cable Routing, Tapered Head Tube, Flat Mount Brake, SIC Mount, FM Kickstand Mount<\/li>\n<li class=\"d-grid\"><strong>Gr\u00f6\u00dfe<\/strong> &#8211; <span style=\"color: #000000;\">Size Split: 29: L<\/span><\/li>\n<li class=\"d-grid\"><span style=\"font-size: 14.4px;\"><strong>Federgabel<\/strong> &#8211; <\/span><span style=\"font-size: 14.4px; color: #555555;\">SR Suntour X1-32, Air, 15x110mm, 100mm, RL<\/span><\/li>\n<li class=\"d-grid\"><span style=\"font-size: 14.4px;\"><strong>Bremsanlage<\/strong> &#8211; <\/span><span style=\"font-size: 14.4px; color: #555555;\">Shimano BR-MT200\/UR300, Hydr, Disc Brake, PM\/FM (180\/160)<\/span><\/li>\n<li class=\"d-grid\"><span style=\"font-size: 14.4px;\"><strong>Schaltwerk<\/strong> &#8211; <\/span><span style=\"font-size: 14.4px; color: #555555;\">Shimano XT RD-M8100-SGS, ShadowPlus, 12-Speed<\/span><\/li>\n<li class=\"d-grid\"><span style=\"font-size: 14.4px;\"><strong>Schalthebel<\/strong> &#8211; <\/span><span style=\"font-size: 14.4px; color: #555555;\">Shimano Deore SL-M6100, Rapidfire-Plus<\/span><\/li>\n<li class=\"d-grid\"><span style=\"font-size: 14.4px;\"><strong>Innenlager<\/strong> &#8211; <\/span><span style=\"font-size: 14.4px; color: #555555;\">Prowheel BSA PW-MB68<\/span><\/li>\n<li class=\"d-grid\"><span style=\"font-size: 14.4px;\"><strong>Kurbelgarnitur<\/strong> &#8211; <\/span><span style=\"font-size: 14.4px; color: #555555;\">ACID MTB Pro, 32T<\/span><\/li>\n<li class=\"d-grid\"><span style=\"font-size: 14.4px;\"><strong>Kassette<\/strong> &#8211; <\/span><span style=\"font-size: 14.4px; color: #555555;\">Shimano Deore CS-M6100, 10-51T<\/span><\/li>\n<li class=\"d-grid\"><span style=\"font-size: 14.4px;\"><strong>Kette<\/strong> &#8211; <\/span><span style=\"font-size: 14.4px; color: #555555;\">KMC X12<\/span><\/li>\n<li class=\"d-grid\"><span style=\"font-size: 14.4px;\"><strong>Steuersatz<\/strong> &#8211; <\/span><span style=\"font-size: 14.4px; color: #555555;\">CUBE FPH868, Semi-Integrated<\/span><\/li>\n<li class=\"d-grid\"><span style=\"font-size: 14.4px;\"><strong>Vorbau<\/strong> &#8211; <\/span><span style=\"font-size: 14.4px; color: #555555;\">CUBE Performance Stem SLX, FPI-Link, 31.8mm<\/span><\/li>\n<li class=\"d-grid\"><span style=\"font-size: 14.4px;\"><strong>Lenker<\/strong> &#8211; <\/span><span style=\"font-size: 14.4px; color: #555555;\">CUBE Rise Trail Bar, 680mm<\/span><\/li>\n<li class=\"d-grid\"><span style=\"font-size: 14.4px;\"><strong>Griffe<\/strong> &#8211; <\/span><span style=\"font-size: 14.4px; color: #555555;\">ACID Icon<\/span><\/li>\n<li class=\"d-grid\"><span style=\"font-size: 14.4px;\"><strong>Felgen<\/strong> &#8211; <\/span><span style=\"font-size: 14.4px; color: #555555;\">ACID EX25, 32H, Disc, Tubeless Ready<\/span><\/li>\n<li class=\"d-grid\"><span style=\"font-size: 14.4px;\"><strong>Vorderrad<\/strong><strong>Nabe<\/strong> &#8211; <\/span><span style=\"font-size: 14.4px; color: #555555;\">Shimano HB-TC500, Boost, Centerlock<\/span><\/li>\n<li class=\"d-grid\"><span style=\"font-size: 14.4px;\"><strong>Hinterrad<\/strong><strong>Nabe<\/strong> &#8211; <\/span><span style=\"font-size: 14.4px; color: #555555;\">Shimano FH-QC500-MS, QR, Centerlock<\/span><\/li>\n<li class=\"d-grid\"><span style=\"font-size: 14.4px;\"><strong>Reifen<\/strong> &#8211; <\/span><span style=\"font-size: 14.4px; color: #555555;\">Schwalbe Smart Sam, 2.25<\/span><\/li>\n<li class=\"d-grid\"><span style=\"font-size: 14.4px;\"><strong>Sattel<\/strong> &#8211; <\/span><span style=\"font-size: 14.4px; color: #555555;\">ACID Venec Lite<\/span><\/li>\n<li class=\"d-grid\"><span style=\"font-size: 14.4px;\"><strong>Sattelst\u00fctze<\/strong> &#8211; <\/span><span style=\"font-size: 14.4px; color: #555555;\">CUBE Performance Post, 27.2mm<\/span><\/li>\n<li class=\"d-grid\"><span style=\"font-size: 14.4px;\"><strong>Pedale<\/strong> &#8211; <\/span><span style=\"font-size: 14.4px; color: #555555;\">ACID PP MTB<\/span><\/li>\n<li class=\"d-grid\"><span style=\"font-size: 14.4px;\"><strong>Farbe<\/strong> &#8211; <\/span><span style=\"font-size: 14.4px; color: #555555;\">iceblue\u00b4n\u00b4prism<\/span><\/li>\n<\/ul>\n<\/div>\n<div>\n<h3><\/h3>\n<h3 class=\"text-uppercase mb-4\"><\/h3>\n<div class=\"row align-items-start\">\n<div class=\"col-lg-7\">\n<div class=\"e-geometry-table-wrapper\">\n<table id=\"e-geometry-integration-table\" class=\"table e-geometry-table\">\n<thead>\n<tr>\n<th class=\"table-header\">\n<h3 class=\"text-uppercase mb-4\"><span style=\"color: #008000;\"><strong>Geometrie<\/strong><\/span><\/h3>\n<\/th>\n<td class=\"geometry-table-field\" data-sizekey=\"300\"><\/td>\n<td class=\"geometry-table-field\" data-sizekey=\"500\"><\/td>\n<td class=\"geometry-table-field\" data-sizekey=\"900\"><\/td>\n<td class=\"geometry-table-field\" data-sizekey=\"1100\"><span style=\"color: #008000;\"><strong>L<\/strong><\/span><\/td>\n<td class=\"geometry-table-field\" data-sizekey=\"1300\"><\/td>\n<td class=\"geometry-table-field\" data-sizekey=\"1500\"><\/td>\n<\/tr>\n<\/thead>\n<tbody>\n<tr>\n<th class=\"e-geometry-table-row\" data-id=\"A\">Sitzrohr<\/th>\n<td class=\"geometry-table-field\" data-id=\"A\" data-sizekey=\"300\"><\/td>\n<td class=\"geometry-table-field\" data-id=\"A\" data-sizekey=\"500\"><\/td>\n<td class=\"geometry-table-field\" data-id=\"A\" data-sizekey=\"900\"><\/td>\n<td class=\"geometry-table-field\" data-id=\"A\" data-sizekey=\"1100\"><span style=\"color: #008000;\"><strong>470<\/strong><\/span><\/td>\n<td class=\"geometry-table-field\" data-id=\"A\" data-sizekey=\"1300\"><\/td>\n<td class=\"geometry-table-field\" data-id=\"A\" data-sizekey=\"1500\"><\/td>\n<\/tr>\n<tr>\n<th class=\"e-geometry-table-row\" data-id=\"B\">Oberrohr horizontal<\/th>\n<td class=\"geometry-table-field\" data-id=\"B\" data-sizekey=\"300\"><\/td>\n<td class=\"geometry-table-field\" data-id=\"B\" data-sizekey=\"500\"><\/td>\n<td class=\"geometry-table-field\" data-id=\"B\" data-sizekey=\"900\"><\/td>\n<td class=\"geometry-table-field\" data-id=\"B\" data-sizekey=\"1100\"><span style=\"color: #008000;\"><strong>615<\/strong><\/span><\/td>\n<td class=\"geometry-table-field\" data-id=\"B\" data-sizekey=\"1300\"><\/td>\n<td class=\"geometry-table-field\" data-id=\"B\" data-sizekey=\"1500\"><\/td>\n<\/tr>\n<tr>\n<th class=\"e-geometry-table-row\" data-id=\"C\">Sitzwinkel<\/th>\n<td class=\"geometry-table-field\" data-id=\"C\" data-sizekey=\"300\"><\/td>\n<td class=\"geometry-table-field\" data-id=\"C\" data-sizekey=\"500\"><\/td>\n<td class=\"geometry-table-field\" data-id=\"C\" data-sizekey=\"900\"><\/td>\n<td class=\"geometry-table-field\" data-id=\"C\" data-sizekey=\"1100\"><span style=\"color: #008000;\"><strong>73.5\u00b0<\/strong><\/span><\/td>\n<td class=\"geometry-table-field\" data-id=\"C\" data-sizekey=\"1300\"><\/td>\n<td class=\"geometry-table-field\" data-id=\"C\" data-sizekey=\"1500\"><\/td>\n<\/tr>\n<tr>\n<th class=\"e-geometry-table-row\" data-id=\"D\">Steuerrohrwinkel<\/th>\n<td class=\"geometry-table-field\" data-id=\"D\" data-sizekey=\"300\"><\/td>\n<td class=\"geometry-table-field\" data-id=\"D\" data-sizekey=\"500\"><\/td>\n<td class=\"geometry-table-field\" data-id=\"D\" data-sizekey=\"900\"><\/td>\n<td class=\"geometry-table-field\" data-id=\"D\" data-sizekey=\"1100\"><span style=\"color: #008000;\"><strong>68.5\u00b0<\/strong><\/span><\/td>\n<td class=\"geometry-table-field\" data-id=\"D\" data-sizekey=\"1300\"><\/td>\n<td class=\"geometry-table-field\" data-id=\"D\" data-sizekey=\"1500\"><\/td>\n<\/tr>\n<tr>\n<th class=\"e-geometry-table-row\" data-id=\"E\">Kettenstreben<\/th>\n<td class=\"geometry-table-field\" data-id=\"E\" data-sizekey=\"300\"><\/td>\n<td class=\"geometry-table-field\" data-id=\"E\" data-sizekey=\"500\"><\/td>\n<td class=\"geometry-table-field\" data-id=\"E\" data-sizekey=\"900\"><\/td>\n<td class=\"geometry-table-field\" data-id=\"E\" data-sizekey=\"1100\"><span style=\"color: #008000;\"><strong>450<\/strong><\/span><\/td>\n<td class=\"geometry-table-field\" data-id=\"E\" data-sizekey=\"1300\"><\/td>\n<td class=\"geometry-table-field\" data-id=\"E\" data-sizekey=\"1500\"><\/td>\n<\/tr>\n<tr>\n<th class=\"e-geometry-table-row\" data-id=\"F\">Steuerrohr<\/th>\n<td class=\"geometry-table-field\" data-id=\"F\" data-sizekey=\"300\"><\/td>\n<td class=\"geometry-table-field\" data-id=\"F\" data-sizekey=\"500\"><\/td>\n<td class=\"geometry-table-field\" data-id=\"F\" data-sizekey=\"900\"><\/td>\n<td class=\"geometry-table-field\" data-id=\"F\" data-sizekey=\"1100\"><span style=\"color: #008000;\"><strong>122<\/strong><\/span><\/td>\n<td class=\"geometry-table-field\" data-id=\"F\" data-sizekey=\"1300\"><\/td>\n<td class=\"geometry-table-field\" data-id=\"F\" data-sizekey=\"1500\"><\/td>\n<\/tr>\n<tr>\n<th class=\"e-geometry-table-row\" data-id=\"G\">Radstand<\/th>\n<td class=\"geometry-table-field\" data-id=\"G\" data-sizekey=\"300\"><\/td>\n<td class=\"geometry-table-field\" data-id=\"G\" data-sizekey=\"500\"><\/td>\n<td class=\"geometry-table-field\" data-id=\"G\" data-sizekey=\"900\"><\/td>\n<td class=\"geometry-table-field\" data-id=\"G\" data-sizekey=\"1100\"><span style=\"color: #008000;\"><strong>1146<\/strong><\/span><\/td>\n<td class=\"geometry-table-field\" data-id=\"G\" data-sizekey=\"1300\"><\/td>\n<td class=\"geometry-table-field\" data-id=\"G\" data-sizekey=\"1500\"><\/td>\n<\/tr>\n<tr>\n<th class=\"e-geometry-table-row\" data-id=\"H\">Tretlagerh\u00f6he zur Nabenachse<\/th>\n<td class=\"geometry-table-field\" data-id=\"H\" data-sizekey=\"300\"><\/td>\n<td class=\"geometry-table-field\" data-id=\"H\" data-sizekey=\"500\"><\/td>\n<td class=\"geometry-table-field\" data-id=\"H\" data-sizekey=\"900\"><\/td>\n<td class=\"geometry-table-field\" data-id=\"H\" data-sizekey=\"1100\"><span style=\"color: #008000;\"><strong>65<\/strong><\/span><\/td>\n<td class=\"geometry-table-field\" data-id=\"H\" data-sizekey=\"1300\"><\/td>\n<td class=\"geometry-table-field\" data-id=\"H\" data-sizekey=\"1500\"><\/td>\n<\/tr>\n<tr>\n<th class=\"e-geometry-table-row\" data-id=\"T 80\">\u00dcberstandsh\u00f6he &#8211; 80mm<\/th>\n<td class=\"geometry-table-field\" data-id=\"T 80\" data-sizekey=\"300\"><\/td>\n<td class=\"geometry-table-field\" data-id=\"T 80\" data-sizekey=\"500\"><\/td>\n<td class=\"geometry-table-field\" data-id=\"T 80\" data-sizekey=\"900\"><\/td>\n<td class=\"geometry-table-field\" data-id=\"T 80\" data-sizekey=\"1100\"><span style=\"color: #008000;\"><strong>792<\/strong><\/span><\/td>\n<td class=\"geometry-table-field\" data-id=\"T 80\" data-sizekey=\"1300\"><\/td>\n<td class=\"geometry-table-field\" data-id=\"T 80\" data-sizekey=\"1500\"><\/td>\n<\/tr>\n<tr>\n<th class=\"e-geometry-table-row\" data-id=\"R\">Reach<\/th>\n<td class=\"geometry-table-field\" data-id=\"R\" data-sizekey=\"300\"><\/td>\n<td class=\"geometry-table-field\" data-id=\"R\" data-sizekey=\"500\"><\/td>\n<td class=\"geometry-table-field\" data-id=\"R\" data-sizekey=\"900\"><\/td>\n<td class=\"geometry-table-field\" data-id=\"R\" data-sizekey=\"1100\"><span style=\"color: #008000;\"><strong>426<\/strong><\/span><\/td>\n<td class=\"geometry-table-field\" data-id=\"R\" data-sizekey=\"1300\"><\/td>\n<td class=\"geometry-table-field\" data-id=\"R\" data-sizekey=\"1500\"><\/td>\n<\/tr>\n<tr>\n<th class=\"e-geometry-table-row\" data-id=\"S\">Stack<\/th>\n<td class=\"geometry-table-field\" data-id=\"S\" data-sizekey=\"300\"><\/td>\n<td class=\"geometry-table-field\" data-id=\"S\" data-sizekey=\"500\"><\/td>\n<td class=\"geometry-table-field\" data-id=\"S\" data-sizekey=\"900\"><\/td>\n<td class=\"geometry-table-field\" data-id=\"S\" data-sizekey=\"1100\"><span style=\"color: #008000;\"><strong>637<\/strong><\/span><\/td>\n<td class=\"geometry-table-field\" data-id=\"S\" data-sizekey=\"1300\"><\/td>\n<td class=\"geometry-table-field\" data-id=\"S\" data-sizekey=\"1500\"><\/td>\n<\/tr>\n<\/tbody>\n<\/table>\n<\/div>\n<\/div>\n<\/div>\n<\/div>\n<\/div>\n<\/div>\n<\/div>\n<\/div>\n<\/div>\n<div class=\"col-12 col-md-3 col-lg-2\">\n<div class=\"table-row row g-0\">\n<div>\n<div class=\"row align-items-start\">\n<div class=\"col-lg-7\"><\/div>\n<\/div>\n<\/div>\n<\/div>\n<\/div>\n","protected":false},"excerpt":{"rendered":"<h3><strong>Beschreibung:<\/strong><\/h3>\n<p data-start=\"43\" data-end=\"849\">Der Attention Rahmen besticht mit seinem supercleanen Look \u2013 verantwortlich daf\u00fcr: die im Smooth Welding Verfahren hergestellten Verbindungen an Steuer- und Sattelrohr. Au\u00dferdem haben wir ein geschraubtes Tretlager verbaut und die Z\u00fcge ins Innere verlegt. Es gibt sogar eine Aufnahme f\u00fcr Flat Mount Scheibenbremsen, die nahtlos in unsere Seitenst\u00e4nderaufnahme integriert ist. Montagepunkte f\u00fcr ACID Schutzbleche und Gep\u00e4cktr\u00e4ger sind auch mit dabei. Die spezielle Geometrie mit einem niedrigeren Oberrohr f\u00fcr superzuverl\u00e4ssiges Handling l\u00e4sst viel Platz f\u00fcr breite, griffige, komfortable 2.25 Zoll Reifen. Dazu ist unser Size Split System breit aufgestellt \u2013 so finden alle das f\u00fcr sich und ihre Anforderungen optimal passende Attention.<\/p>\n<p data-start=\"43\" data-end=\"849\">Bei der Entwicklung des Attention Pro haben wir den Details besonders viel Aufmerksamkeit geschenkt \u2013 einfach weil sich die Qualit\u00e4t eines Bikes ma\u00dfgeblich daran misst: Beispielsweise kann der Rahmen mit einer versenkbaren Sattelst\u00fctze nachger\u00fcstet werden und bietet gen\u00fcgend Platz f\u00fcr breite Reifen. Zudem haben wir eine leicht verstellbare Luftfedergabel mit 100 mm Federweg mit Remote Lockout f\u00fcr 1a-Kontrolle verbaut. Dazu gibt&#8217;s den legend\u00e4ren, einfach bedienbaren Shimano 12-fach Antrieb mit XT Schaltwerk, der mit seiner hohen \u00dcbersetzungsbandbreite jede Route zum l\u00e4ssigen Spaziergang macht. Last, but not least erm\u00f6glichen kr\u00e4ftig zupackende hydraulische Shimano Scheibenbremsen selbst bei N\u00e4sse sichere Bremsman\u00f6ver. Also alles da, was es f\u00fcr geniale Bike-Touren aller Art braucht!<\/p>\n<p><img fetchpriority=\"high\" decoding=\"async\" class=\"alignnone wp-image-8037\" src=\"https:\/\/shop.isarsilver.eu\/wp-content\/uploads\/2025\/09\/image-1-5.png\" alt=\"\" width=\"260\" height=\"260\" \/><\/p>\n","protected":false},"featured_media":14230,"comment_status":"open","ping_status":"closed","template":"","meta":[],"product_brand":[342],"product_cat":[341],"product_tag":[365,344,345],"class_list":{"0":"post-12623","1":"product","2":"type-product","3":"status-publish","4":"has-post-thumbnail","6":"product_brand-cube","7":"product_cat-fahrraeder","8":"product_tag-365","9":"product_tag-cube","10":"product_tag-fahrraeder","12":"first","13":"instock","14":"taxable","15":"shipping-taxable","16":"purchasable","17":"product-type-simple"},"_links":{"self":[{"href":"https:\/\/benimarkt.at\/index.php?rest_route=\/wp\/v2\/product\/12623","targetHints":{"allow":["GET"]}}],"collection":[{"href":"https:\/\/benimarkt.at\/index.php?rest_route=\/wp\/v2\/product"}],"about":[{"href":"https:\/\/benimarkt.at\/index.php?rest_route=\/wp\/v2\/types\/product"}],"replies":[{"embeddable":true,"href":"https:\/\/benimarkt.at\/index.php?rest_route=%2Fwp%2Fv2%2Fcomments&post=12623"}],"version-history":[{"count":4,"href":"https:\/\/benimarkt.at\/index.php?rest_route=\/wp\/v2\/product\/12623\/revisions"}],"predecessor-version":[{"id":12768,"href":"https:\/\/benimarkt.at\/index.php?rest_route=\/wp\/v2\/product\/12623\/revisions\/12768"}],"wp:featuredmedia":[{"embeddable":true,"href":"https:\/\/benimarkt.at\/index.php?rest_route=\/wp\/v2\/media\/14230"}],"wp:attachment":[{"href":"https:\/\/benimarkt.at\/index.php?rest_route=%2Fwp%2Fv2%2Fmedia&parent=12623"}],"wp:term":[{"taxonomy":"product_brand","embeddable":true,"href":"https:\/\/benimarkt.at\/index.php?rest_route=%2Fwp%2Fv2%2Fproduct_brand&post=12623"},{"taxonomy":"product_cat","embeddable":true,"href":"https:\/\/benimarkt.at\/index.php?rest_route=%2Fwp%2Fv2%2Fproduct_cat&post=12623"},{"taxonomy":"product_tag","embeddable":true,"href":"https:\/\/benimarkt.at\/index.php?rest_route=%2Fwp%2Fv2%2Fproduct_tag&post=12623"}],"curies":[{"name":"wp","href":"https:\/\/api.w.org\/{rel}","templated":true}]}}