{"id":12614,"date":"2025-10-08T10:59:35","date_gmt":"2025-10-08T10:59:35","guid":{"rendered":"https:\/\/benimarkt.at\/?post_type=product&#038;p=12614"},"modified":"2026-04-15T12:37:46","modified_gmt":"2026-04-15T12:37:46","slug":"cube-numove-160-2026-seagreenngreen-16","status":"publish","type":"product","link":"https:\/\/benimarkt.at\/?product=cube-numove-160-2026-seagreenngreen-16","title":{"rendered":"CUBE Numove 160 2026 seagreen\u00b4n\u00b4green &#8211; 16&#8243;"},"content":{"rendered":"<h3><strong>Technische Daten<\/strong><\/h3>\n<div class=\"product--description\">\n<ul>\n<li><strong>Rahmen<\/strong> &#8211; Aluminium Lite 6061<\/li>\n<li><strong>Gr\u00f6\u00dfe<\/strong> &#8211; 16&#8243;<\/li>\n<li><strong>Gabel<\/strong> &#8211; Aluminium Lite 6061<\/li>\n<li><strong>Bremsanlage<\/strong> &#8211; Alloy V-Brake<\/li>\n<li><strong>Innenlager<\/strong> &#8211; Thun Shorty-ML Sl, Square, 68mm BB Width<\/li>\n<li><strong>Kurbelgarnitur<\/strong> &#8211; ACID Numove 25T, 105mm, narrow Q-factor<\/li>\n<li><strong>Kette<\/strong> &#8211; KMC HV500<\/li>\n<li><strong>Kettenschutz<\/strong> &#8211; ACID<\/li>\n<li><strong>Steuersatz<\/strong> &#8211; CUBE<\/li>\n<li><strong>Vorbau<\/strong> &#8211; CUBE Aluminium Lite<\/li>\n<li><strong>Lenker<\/strong> &#8211; CUBE KIDS 450mm, \u00d816mm<\/li>\n<li><strong>Griffe<\/strong> &#8211; Natural Fit Kids 16.0<\/li>\n<li><strong>Laufradsatz<\/strong> &#8211; ACID Pro C2000, 16\/16 Spokes, Singlespeed 16T Coaster Brake<\/li>\n<li><strong>Reifen<\/strong> &#8211; Schwalbe Smart Sam, 16 x 1.5<\/li>\n<li><strong>Sattel<\/strong> &#8211; ACID Rooki<\/li>\n<li><strong>Sattelst\u00fctze<\/strong> &#8211; CUBE Performance Post, 25.4mm<\/li>\n<li><strong>Pedale<\/strong> &#8211; ACID PP Rookie small<\/li>\n<li><strong>Farbe<\/strong> &#8211; seagreen\u00b4n\u00b4green<\/li>\n<\/ul>\n<div class=\"table-row row g-0\">\n<h3><\/h3>\n<h3 class=\"text-uppercase mb-4\"><\/h3>\n<div class=\"row align-items-start\">\n<div class=\"col-lg-7\">\n<div class=\"e-geometry-table-wrapper\">\n<table id=\"e-geometry-integration-table\" class=\"table e-geometry-table\">\n<thead>\n<tr>\n<th class=\"table-header\">\n<h3 class=\"text-uppercase mb-4\"><span style=\"color: #008000;\"><strong>Geometrie<\/strong><\/span><\/h3>\n<\/th>\n<td class=\"geometry-table-field\" data-sizekey=\"3300\"><span style=\"color: #008000;\"><strong>16&#8243;<\/strong><\/span><\/td>\n<\/tr>\n<\/thead>\n<tbody>\n<tr>\n<th class=\"e-geometry-table-row\" data-id=\"A\">Sitzrohr<\/th>\n<td class=\"geometry-table-field\" data-id=\"A\" data-sizekey=\"3300\"><span style=\"color: #008000;\"><strong>205<\/strong><\/span><\/td>\n<\/tr>\n<tr>\n<th class=\"e-geometry-table-row\" data-id=\"B\">Oberrohr horizontal<\/th>\n<td class=\"geometry-table-field\" data-id=\"B\" data-sizekey=\"3300\"><span style=\"color: #008000;\"><strong>395<\/strong><\/span><\/td>\n<\/tr>\n<tr>\n<th class=\"e-geometry-table-row\" data-id=\"C\">Sitzwinkel<\/th>\n<td class=\"geometry-table-field\" data-id=\"C\" data-sizekey=\"3300\"><span style=\"color: #008000;\"><strong>73\u00b0<\/strong><\/span><\/td>\n<\/tr>\n<tr>\n<th class=\"e-geometry-table-row\" data-id=\"D\">Steuerrohrwinkel<\/th>\n<td class=\"geometry-table-field\" data-id=\"D\" data-sizekey=\"3300\"><strong><span style=\"color: #008000;\">69\u00b0<\/span><\/strong><\/td>\n<\/tr>\n<tr>\n<th class=\"e-geometry-table-row\" data-id=\"E\">Kettenstreben<\/th>\n<td class=\"geometry-table-field\" data-id=\"E\" data-sizekey=\"3300\"><strong><span style=\"color: #008000;\">275<\/span><\/strong><\/td>\n<\/tr>\n<tr>\n<th class=\"e-geometry-table-row\" data-id=\"F\">Steuerrohr<\/th>\n<td class=\"geometry-table-field\" data-id=\"F\" data-sizekey=\"3300\"><strong><span style=\"color: #008000;\">121<\/span><\/strong><\/td>\n<\/tr>\n<tr>\n<th class=\"e-geometry-table-row\" data-id=\"G\">Radstand<\/th>\n<td class=\"geometry-table-field\" data-id=\"G\" data-sizekey=\"3300\"><span style=\"color: #008000;\"><strong>703<\/strong><\/span><\/td>\n<\/tr>\n<tr>\n<th class=\"e-geometry-table-row\" data-id=\"H\">Tretlagerh\u00f6he zur Nabenachse<\/th>\n<td class=\"geometry-table-field\" data-id=\"H\" data-sizekey=\"3300\"><span style=\"color: #008000;\"><strong>16<\/strong><\/span><\/td>\n<\/tr>\n<tr>\n<th class=\"e-geometry-table-row\" data-id=\"R\">Reach<\/th>\n<td class=\"geometry-table-field\" data-id=\"R\" data-sizekey=\"3300\"><span style=\"color: #008000;\"><strong>282<\/strong><\/span><\/td>\n<\/tr>\n<tr>\n<th class=\"e-geometry-table-row\" data-id=\"S\">Stack<\/th>\n<td class=\"geometry-table-field\" data-id=\"S\" data-sizekey=\"3300\"><span style=\"color: #008000;\"><strong>368<\/strong><\/span><\/td>\n<\/tr>\n<\/tbody>\n<\/table>\n<\/div>\n<\/div>\n<\/div>\n<\/div>\n<\/div>\n<h3><\/h3>\n<div class=\"col-12 col-md-3 col-lg-2\">\n<div class=\"table-row row g-0\">\n<div>\n<div class=\"row align-items-start\">\n<div class=\"col-lg-7\"><\/div>\n<\/div>\n<\/div>\n<\/div>\n<\/div>\n","protected":false},"excerpt":{"rendered":"<h3><strong>Beschreibung:<\/strong><\/h3>\n<p data-start=\"43\" data-end=\"849\">Genau wie unsere Erwachsenenmodelle \u00fcberzeugt auch das Numove 160 mit einer gelungenen Kombination aus Fahrspa\u00df und reaktionsfreudigem Handling sowie hoher Stabilit\u00e4t, Lenkpr\u00e4zision und Spurtreue. Belege daf\u00fcr liefern die erstklassigen Ergebnisse unserer strengen Testverfahren. Die Ecken und Kanten des leichten 6061er-Aluminiumrahmens haben wir sicherheitshalber abgerundet, um das Verletzungsrisiko zu minimieren. Was aber keinerlei Einbu\u00dfen in Sachen Robustheit mit sich bringt \u2013 selbst wilde Man\u00f6ver steckt dieses Chassis locker weg. Selbstverst\u00e4ndlich gibt es das Bike in mehreren Farben, damit alle das Numove 160 finden, das ihren individuellen Vorlieben und Vorstellungen entspricht.<\/p>\n<p data-start=\"43\" data-end=\"849\">Das Numove 160 ist das ideale Bike f\u00fcr den Einstieg in die wunderbare Welt des Fahrradfahrens: Es ist stabil und h\u00e4lt so selbst heftigster Beanspruchung stand, zugleich erm\u00f6glicht sein geringes Gewicht erste H\u00f6henfl\u00fcge. Dank durchdachter Proportionen und robuster, kindgerechter Komponenten passt es sich zudem ein ganzes St\u00fcck weit an die zunehmende K\u00f6rpergr\u00f6\u00dfe und Kraft aufstrebender junger Biker an. Die Kette haben wir sorgf\u00e4ltig abgedeckt, damit die Kids nicht h\u00e4ngenbleiben. Souver\u00e4ne Geschwindigkeitskontrolle ist das Spezialgebiet der leichten, einfach bedienbaren V-Brakes mit auf kleine H\u00e4nde abgestimmten Hebeln. Jetzt fehlen nur noch eine gute Portion Abenteuerlust und Begeisterung und dann kann&#8217;s losgehen!<\/p>\n<p data-start=\"43\" data-end=\"849\"><img fetchpriority=\"high\" decoding=\"async\" class=\"alignnone wp-image-8037\" src=\"https:\/\/shop.isarsilver.eu\/wp-content\/uploads\/2025\/09\/image-1-5.png\" alt=\"\" width=\"260\" height=\"260\" \/><\/p>\n","protected":false},"featured_media":14231,"comment_status":"open","ping_status":"closed","template":"","meta":[],"product_brand":[342],"product_cat":[341],"product_tag":[366,344,345],"class_list":{"0":"post-12614","1":"product","2":"type-product","3":"status-publish","4":"has-post-thumbnail","6":"product_brand-cube","7":"product_cat-fahrraeder","8":"product_tag-366","9":"product_tag-cube","10":"product_tag-fahrraeder","12":"first","13":"instock","14":"taxable","15":"shipping-taxable","16":"purchasable","17":"product-type-simple"},"_links":{"self":[{"href":"https:\/\/benimarkt.at\/index.php?rest_route=\/wp\/v2\/product\/12614","targetHints":{"allow":["GET"]}}],"collection":[{"href":"https:\/\/benimarkt.at\/index.php?rest_route=\/wp\/v2\/product"}],"about":[{"href":"https:\/\/benimarkt.at\/index.php?rest_route=\/wp\/v2\/types\/product"}],"replies":[{"embeddable":true,"href":"https:\/\/benimarkt.at\/index.php?rest_route=%2Fwp%2Fv2%2Fcomments&post=12614"}],"version-history":[{"count":3,"href":"https:\/\/benimarkt.at\/index.php?rest_route=\/wp\/v2\/product\/12614\/revisions"}],"predecessor-version":[{"id":12769,"href":"https:\/\/benimarkt.at\/index.php?rest_route=\/wp\/v2\/product\/12614\/revisions\/12769"}],"wp:featuredmedia":[{"embeddable":true,"href":"https:\/\/benimarkt.at\/index.php?rest_route=\/wp\/v2\/media\/14231"}],"wp:attachment":[{"href":"https:\/\/benimarkt.at\/index.php?rest_route=%2Fwp%2Fv2%2Fmedia&parent=12614"}],"wp:term":[{"taxonomy":"product_brand","embeddable":true,"href":"https:\/\/benimarkt.at\/index.php?rest_route=%2Fwp%2Fv2%2Fproduct_brand&post=12614"},{"taxonomy":"product_cat","embeddable":true,"href":"https:\/\/benimarkt.at\/index.php?rest_route=%2Fwp%2Fv2%2Fproduct_cat&post=12614"},{"taxonomy":"product_tag","embeddable":true,"href":"https:\/\/benimarkt.at\/index.php?rest_route=%2Fwp%2Fv2%2Fproduct_tag&post=12614"}],"curies":[{"name":"wp","href":"https:\/\/api.w.org\/{rel}","templated":true}]}}