{"id":12550,"date":"2025-10-07T14:48:38","date_gmt":"2025-10-07T14:48:38","guid":{"rendered":"https:\/\/benimarkt.at\/?post_type=product&#038;p=12550"},"modified":"2026-03-16T12:43:52","modified_gmt":"2026-03-16T12:43:52","slug":"polar-ignite-3-fitnessuhr","status":"publish","type":"product","link":"https:\/\/benimarkt.at\/?product=polar-ignite-3-fitnessuhr","title":{"rendered":"Polar Ignite 3 Fitnessuhr"},"content":{"rendered":"<h4>Funtionen<\/h4>\n<h5>Training und Erholung<\/h5>\n<p>Training Load Pro\u2122, Energiequellen, FitSpark\u00ae, FuelWise\u2122, W\u00f6chentliche Zusammenfassung, Schwimm-Metriken, Laufprogramm, Saisonplaner, Trainingsziele, Sprachf\u00fchrung, Erholungsoptimierung<\/p>\n<h5><span class=\"title\">Aktivit\u00e4t<\/span><\/h5>\n<p>24\/7 Activity Tracking, Schrittz\u00e4hler, Smart Calories<\/p>\n<h5><span class=\"title\">Schlaf und Wohlbefinden<\/span><\/h5>\n<p>SleepWise\u2122, Nightly Recharge\u2122, Sleep Plus Stages\u2122, Serene\u2122, N\u00e4chtliche Hauttemperatur<\/p>\n<h5><span class=\"title\">Outdoor-Sport und Navigation<\/span><\/h5>\n<p>Globales Navigationssatellitensystem, Back-to-start<\/p>\n<h5><span class=\"title\">Tests<\/span><\/h5>\n<p>Lauf-Leistungstest, Fitness Test, Walking-Test<\/p>\n<h5><span class=\"title\">Dienstprogramme<\/span><\/h5>\n<p>Farbvarianten der Displayansicht, Tageslichtzeiten, Wetter, Polar Flow, Musiksteuerung, Smart Notifications<\/p>\n<h5>Hardware<\/h5>\n<p>Precision Prime\u2122, Ultralange Akkulaufzeit<\/p>\n<h5><span class=\"title\">Konnektivit\u00e4t<\/span><\/h5>\n<p>Pulssensor-Modus<\/p>\n<p>&nbsp;<\/p>\n<h4>Technische Daten<\/h4>\n<p>Abmessungen &#8211; Breite:<strong>43 mm, <\/strong>H\u00f6he:<strong>43 mm, <\/strong>St\u00e4rke:<strong>9.5 mm<\/strong><\/p>\n<p>Gewicht &#8211; Gesamtgewicht:<strong>35 g, <\/strong>Gesamtgewicht ohne Armband:<strong>21 g<\/strong><\/p>\n<p>Display &#8211; Displaytyp:<strong>AMOLED, <\/strong>Displaygr\u00f6\u00dfe:<strong>1.28 Inch, <\/strong>Displayaufl\u00f6sung:<strong>416 \u00d7 416, <\/strong>Touchscreen:<strong>Ja, <\/strong>Umgebungslichtsensor:<strong>Ja<\/strong><\/p>\n<p>Leistung &#8211; CPU-Geschwindigkeit:<strong>192 MHz, <\/strong>Speicher:<strong>5 MB, <\/strong>Aufbewahrung:<strong>32 MB<\/strong><\/p>\n<p>Materialien &#8211; Geh\u00e4usematerial:<strong>Plastic, <\/strong>Bildschirmmaterial:<strong>Gorilla Glass, <\/strong>L\u00fcnettenmaterial:<strong>Stainless steel<\/strong><\/p>\n<p>Geo-Standort &#8211; GPS:<strong>Ja, <\/strong>Glonass:<strong>Ja, <\/strong>Galileo:<strong>Ja, <\/strong>BeiDou:<strong>Ja, <\/strong>QZSS:<strong>Ja, <\/strong>Assisted GPS:<strong>Ja, <\/strong>Assisted Glonass:<strong>Ja, <\/strong>Assisted Galileo:<strong>Ja, <\/strong>Assisted QZSS:<strong>Ja, <\/strong>Dual-Frequenz-GPS:<strong>Ja<\/strong><\/p>\n<p>Konnektivit\u00e4t &#8211; Bluetooth-Technologie:<strong>Bluetooth\u00ae LE, <\/strong>USB-Kabel:<strong>Propriatery \/ USB-A<\/strong><\/p>\n<p>Strapazierf\u00e4higkeit &#8211; Betriebstemperatur min.:<strong>-10 \u00b0C, <\/strong>Betriebstemperatur max.:<strong>50 \u00b0C, <\/strong>Wasserbest\u00e4ndigkeit:<strong>WR30<\/strong><\/p>\n<p>Sensoren &#8211; EKG:<strong>none, <\/strong>SpO2:<strong>none, <\/strong>Hauttemperatur:<strong>GEN 1, <\/strong>OHR:<strong>GEN 3.5, <\/strong>Beschleunigungssensor:<strong>Ja<\/strong><\/p>\n<p>Akku &#8211; Akkukapazit\u00e4t:<strong>215 mAh, <\/strong>Batterietyp:<strong>Li-Pol, <\/strong>Akku wiederaufladbar:<strong>Ja, <\/strong>Trainingsmodus mit max. Tracking:<strong>18 h, <\/strong>Energiespar-Trainingsmodus:<strong>88 h, <\/strong>Smartwatch-Modus:<strong>5 d<\/strong><\/p>\n<p>Verschiedenes &#8211; Stoppuhr:<strong>Ja, <\/strong>Geschwindigkeit Tempo:<strong>Ja, <\/strong>Countdown-Timer:<strong>Ja, <\/strong>Intervalltimer:<strong>Ja, <\/strong>Manuelle Runden:<strong>Ja, <\/strong>Automatische Runden:<strong>Ja, <\/strong>Autostart Stopp:<strong>Ja, <\/strong>Vibrationsalarme:<strong>Ja, <\/strong>Wecker:<strong>Ja, <\/strong>Uhr:<strong>Ja, <\/strong>Displaybeleuchtung:<strong>Ja, <\/strong>Datum und Wochentag:<strong>Ja, <\/strong>Uhrzeit:<strong>Ja, <\/strong>Tastensperre:<strong>Ja, <\/strong>Aktualisierbare Firmware:<strong>Ja<\/strong><\/p>\n","protected":false},"excerpt":{"rendered":"<h4>Beschreibung<\/h4>\n<p>Die Polar Ignite 3 ist eine klassisch-moderne Fitnessuhr f\u00fcr ein Leben mit mehr Energie. Mit ihr als t\u00e4glichen Begleiter erh\u00e4ltst du Tag und Nacht individuelles Feedback und Anleitung zu deiner k\u00f6rperlichen Verfassung und deinem Lebensstil.<\/p>\n<p>Schlaftracking-Funktionen und Einblicke zu deinem tageszeitabh\u00e4ngigen Energielevel helfen dir, das Beste aus deinem Tag zu machen und deine Abendroutine zu perfektionieren. Individuell auf dich abgestimmte Trainingsvorschl\u00e4ge und Sprachf\u00fchrung in Echtzeit unterst\u00fctzen dich bei deinen sportlichen Aktivit\u00e4ten. Du siehst aussagekr\u00e4ftige Messdaten auf einem hellen, hochaufl\u00f6senden Display mit Touchscreen und kannst Widgets nach deinen Anforderungen anpassen. Dank Smart Notifications bleibst du jederzeit in Verbindung.<\/p>\n<h5 class=\"color-title\">Farbe:\u00a0<span class=\"js-variant-name\">Greige Sand<\/span><\/h5>\n","protected":false},"featured_media":12551,"comment_status":"open","ping_status":"closed","template":"","meta":[],"product_brand":[302],"product_cat":[348,162],"product_tag":[346],"class_list":{"0":"post-12550","1":"product","2":"type-product","3":"status-publish","4":"has-post-thumbnail","6":"product_brand-polar","7":"product_cat-polar","8":"product_cat-smartwatches-gps-zubehoer","9":"product_tag-polar","11":"first","12":"outofstock","13":"taxable","14":"shipping-taxable","15":"purchasable","16":"product-type-simple"},"_links":{"self":[{"href":"https:\/\/benimarkt.at\/index.php?rest_route=\/wp\/v2\/product\/12550","targetHints":{"allow":["GET"]}}],"collection":[{"href":"https:\/\/benimarkt.at\/index.php?rest_route=\/wp\/v2\/product"}],"about":[{"href":"https:\/\/benimarkt.at\/index.php?rest_route=\/wp\/v2\/types\/product"}],"replies":[{"embeddable":true,"href":"https:\/\/benimarkt.at\/index.php?rest_route=%2Fwp%2Fv2%2Fcomments&post=12550"}],"version-history":[{"count":3,"href":"https:\/\/benimarkt.at\/index.php?rest_route=\/wp\/v2\/product\/12550\/revisions"}],"predecessor-version":[{"id":12559,"href":"https:\/\/benimarkt.at\/index.php?rest_route=\/wp\/v2\/product\/12550\/revisions\/12559"}],"wp:featuredmedia":[{"embeddable":true,"href":"https:\/\/benimarkt.at\/index.php?rest_route=\/wp\/v2\/media\/12551"}],"wp:attachment":[{"href":"https:\/\/benimarkt.at\/index.php?rest_route=%2Fwp%2Fv2%2Fmedia&parent=12550"}],"wp:term":[{"taxonomy":"product_brand","embeddable":true,"href":"https:\/\/benimarkt.at\/index.php?rest_route=%2Fwp%2Fv2%2Fproduct_brand&post=12550"},{"taxonomy":"product_cat","embeddable":true,"href":"https:\/\/benimarkt.at\/index.php?rest_route=%2Fwp%2Fv2%2Fproduct_cat&post=12550"},{"taxonomy":"product_tag","embeddable":true,"href":"https:\/\/benimarkt.at\/index.php?rest_route=%2Fwp%2Fv2%2Fproduct_tag&post=12550"}],"curies":[{"name":"wp","href":"https:\/\/api.w.org\/{rel}","templated":true}]}}