{"id":12530,"date":"2025-10-07T11:24:45","date_gmt":"2025-10-07T11:24:45","guid":{"rendered":"https:\/\/benimarkt.at\/?post_type=product&#038;p=12530"},"modified":"2026-03-16T12:43:28","modified_gmt":"2026-03-16T12:43:28","slug":"polar-unite-fitness-tracker-2","status":"publish","type":"product","link":"https:\/\/benimarkt.at\/?product=polar-unite-fitness-tracker-2","title":{"rendered":"Polar Unite Fitness Tracker"},"content":{"rendered":"<h4>Funktionen<\/h4>\n<h5><span class=\"title\">Training und Erholung<\/span><\/h5>\n<p>Energiequellen, FitSpark\u00ae, Laufprogramm<\/p>\n<h5><span class=\"title\">Aktivit\u00e4t<\/span><\/h5>\n<p>24\/7 Activity Tracking, Smart Calories<\/p>\n<h5><span class=\"title\">Schlaf und Wohlbefinden<\/span><\/h5>\n<p>Nightly Recharge\u2122, Sleep Plus Stages\u2122, Serene\u2122<\/p>\n<h5><span class=\"title\">Tests<\/span><\/h5>\n<p>Fitness Test<\/p>\n<h5><span class=\"title\">Dienstprogramme<\/span><\/h5>\n<p>Smart Notifications<\/p>\n<h5><span class=\"title\">Hardware<\/span><\/h5>\n<p>Ultralange Akkulaufzeit<\/p>\n<h5><span class=\"title\">Konnektivit\u00e4t<\/span><\/h5>\n<p>Connected GPS, Pulssensor-Modus<\/p>\n<h4>Technische Daten<\/h4>\n<p>Abmessungen &#8211; Breite:<strong>43 mm, <\/strong>H\u00f6he:<strong>43 mm, <\/strong>St\u00e4rke:<strong>10.4 mm<\/strong><\/p>\n<p>Gewicht &#8211; Gesamtgewicht:<strong>32 g, <\/strong>Gesamtgewicht ohne Armband:<strong>18 g<\/strong><\/p>\n<p>Display &#8211; Displaytyp:<strong>TFT, <\/strong>Displaygr\u00f6\u00dfe:<strong>1.2 Inch, <\/strong>Displayaufl\u00f6sung:<strong>240 \u00d7 240, <\/strong>Touchscreen:<strong>Ja, <\/strong>Umgebungslichtsensor:<strong>Ja<\/strong><\/p>\n<p>Leistung &#8211; CPU-Geschwindigkeit:<strong>120 MHz, <\/strong>Speicher:<strong>0.64 MB, <\/strong>Aufbewahrung:<strong>32 MB<\/strong><\/p>\n<p>Materialien &#8211; Geh\u00e4usematerial:<strong>Plastic, <\/strong>Bildschirmmaterial:<strong>Asahi Glass<\/strong><\/p>\n<p>Konnektivit\u00e4t &#8211; Bluetooth-Technologie:<strong>Bluetooth\u00ae LE, <\/strong>USB-Kabel:<strong>USB adapter<\/strong><\/p>\n<p>Strapazierf\u00e4higkeit &#8211; Betriebstemperatur min.:<strong>-10 \u00b0C, <\/strong>Betriebstemperatur max.:<strong>50 \u00b0C, <\/strong>Wasserbest\u00e4ndigkeit:<strong>WR30<\/strong><\/p>\n<p>Sensoren &#8211; OHR:<strong>GEN 3.5, <\/strong>Beschleunigungssensor:<strong>Ja<\/strong><\/p>\n<p>Akku &#8211; Akkukapazit\u00e4t:<strong>165 mAh, <\/strong>Batterietyp:<strong>Li-Pol, <\/strong>Akku wiederaufladbar:<strong>Ja, <\/strong>Trainingsmodus mit max. Tracking:<strong>h, <\/strong>Energiespar-Trainingsmodus:<strong>N\/A, <\/strong>Smartwatch-Modus:<strong>4 d<\/strong><\/p>\n<p>Verschiedenes &#8211; Stoppuhr:<strong>Ja, <\/strong>Geschwindigkeit Tempo:<strong>Ja, <\/strong>Countdown-Timer:<strong>Ja, <\/strong>Intervalltimer:<strong>Ja, <\/strong>Vibrationsalarme:<strong>Ja, <\/strong>Wecker:<strong>Ja, <\/strong>Uhr:<strong>Ja, <\/strong>Displaybeleuchtung:<strong>Ja, <\/strong>Datum und Wochentag:<strong>Ja, <\/strong>Uhrzeit:<strong>Ja, <\/strong>Tastensperre:<strong>Ja, <\/strong>Aktualisierbare Firmware:<strong>Ja<\/strong><\/p>\n<p>&nbsp;<\/p>\n","protected":false},"excerpt":{"rendered":"<h4>Beschreibung<\/h4>\n<p>Die Polar Unite ist eine wundersch\u00f6ne, schlanke Fitnessuhr f\u00fcr alle, die aktiver sein und ges\u00fcnder leben m\u00f6chten.<br \/>\nHole dir Anregung und Inspiration durch t\u00e4gliche, personalisierte Trainingsvorschl\u00e4ge, Puls- und Aktivit\u00e4tsmessung rund um die Uhr, um dich anzuspornen, und ein automatisches Schlaf- und Erholungstracking, das dir hilft, deinen K\u00f6rper besser zu verstehen.\u00a0All das verpackt in einer stylischen, individuell anpassbaren Uhr, die dir alles verr\u00e4t, was du \u00fcber dich selbst wissen musst.<\/p>\n<p>Erhalte t\u00e4glich personalisierte Trainingsvorschl\u00e4ge, die dich inspirieren, Puls- und Aktivit\u00e4tsmessung rund um die Uhr, die dich motivieren, und automatische Schlaf- und Erholungsfunktionen, die dir helfen, deinen K\u00f6rper besser zu verstehen. Es ist Zeit, das Leben in vollen Z\u00fcgen zu genie\u00dfen: alle Formen, alle Gr\u00f6\u00dfen, alle Schritte \u00fcberall\u00a0\u2013 alle zusammen!<\/p>\n<h5 class=\"color-title\">Farbe:\u00a0<span class=\"js-variant-name\">Wei\u00df<\/span><\/h5>\n","protected":false},"featured_media":12532,"comment_status":"open","ping_status":"closed","template":"","meta":[],"product_brand":[302],"product_cat":[348,162],"product_tag":[346,323],"class_list":{"0":"post-12530","1":"product","2":"type-product","3":"status-publish","4":"has-post-thumbnail","6":"product_brand-polar","7":"product_cat-polar","8":"product_cat-smartwatches-gps-zubehoer","9":"product_tag-polar","10":"product_tag-smartwatch","12":"first","13":"outofstock","14":"taxable","15":"shipping-taxable","16":"purchasable","17":"product-type-simple"},"_links":{"self":[{"href":"https:\/\/benimarkt.at\/index.php?rest_route=\/wp\/v2\/product\/12530","targetHints":{"allow":["GET"]}}],"collection":[{"href":"https:\/\/benimarkt.at\/index.php?rest_route=\/wp\/v2\/product"}],"about":[{"href":"https:\/\/benimarkt.at\/index.php?rest_route=\/wp\/v2\/types\/product"}],"replies":[{"embeddable":true,"href":"https:\/\/benimarkt.at\/index.php?rest_route=%2Fwp%2Fv2%2Fcomments&post=12530"}],"version-history":[{"count":1,"href":"https:\/\/benimarkt.at\/index.php?rest_route=\/wp\/v2\/product\/12530\/revisions"}],"predecessor-version":[{"id":12536,"href":"https:\/\/benimarkt.at\/index.php?rest_route=\/wp\/v2\/product\/12530\/revisions\/12536"}],"wp:featuredmedia":[{"embeddable":true,"href":"https:\/\/benimarkt.at\/index.php?rest_route=\/wp\/v2\/media\/12532"}],"wp:attachment":[{"href":"https:\/\/benimarkt.at\/index.php?rest_route=%2Fwp%2Fv2%2Fmedia&parent=12530"}],"wp:term":[{"taxonomy":"product_brand","embeddable":true,"href":"https:\/\/benimarkt.at\/index.php?rest_route=%2Fwp%2Fv2%2Fproduct_brand&post=12530"},{"taxonomy":"product_cat","embeddable":true,"href":"https:\/\/benimarkt.at\/index.php?rest_route=%2Fwp%2Fv2%2Fproduct_cat&post=12530"},{"taxonomy":"product_tag","embeddable":true,"href":"https:\/\/benimarkt.at\/index.php?rest_route=%2Fwp%2Fv2%2Fproduct_tag&post=12530"}],"curies":[{"name":"wp","href":"https:\/\/api.w.org\/{rel}","templated":true}]}}