{"id":12508,"date":"2025-10-07T10:25:36","date_gmt":"2025-10-07T10:25:36","guid":{"rendered":"https:\/\/benimarkt.at\/?post_type=product&#038;p=12508"},"modified":"2026-03-16T12:43:10","modified_gmt":"2026-03-16T12:43:10","slug":"polar-pacer-gps-sportuhr-2","status":"publish","type":"product","link":"https:\/\/benimarkt.at\/?product=polar-pacer-gps-sportuhr-2","title":{"rendered":"Polar Pacer GPS-Sportuhr"},"content":{"rendered":"<h4>Funktionen<\/h4>\n<h5><span class=\"title\">Training und Erholung<\/span><\/h5>\n<p>Training Load Pro\u2122, Energiequellen, FitSpark\u00ae, FuelWise\u2122, W\u00f6chentliche Zusammenfassung, Schwimm-Metriken, Laufprogramm, Saisonplaner, Trainingsziele, Sprachf\u00fchrung<\/p>\n<h5><span class=\"title\">Aktivit\u00e4t<\/span><\/h5>\n<p>24\/7 Activity Tracking, Schrittz\u00e4hler<\/p>\n<h5><span class=\"title\">Schlaf und Wohlbefinden<\/span><\/h5>\n<p>SleepWise\u2122, Nightly Recharge\u2122, Sleep Plus Stages\u2122, Serene\u2122<\/p>\n<h5>Outdoor-Sport und Navigation<\/h5>\n<p>Globales Navigationssatellitensystem, Back-to-start<\/p>\n<h5><span class=\"title\">Tests<\/span><\/h5>\n<p>Lauf-Leistungstest, Fitness Test, Walking-Test<\/p>\n<h5><span class=\"title\">Dienstprogramme<\/span><\/h5>\n<p>Farbvarianten der Displayansicht, Wetter, Polar Flow, Musiksteuerung, Smart Notifications<\/p>\n<h5><span class=\"title\">Hardware<\/span><\/h5>\n<p>Precision Prime\u2122, Ultralange Akkulaufzeit<\/p>\n<h5><span class=\"title\">Konnektivit\u00e4t<\/span><\/h5>\n<p>Pulssensor-Modus<\/p>\n<p>&nbsp;<\/p>\n<h4>Technische Daten<\/h4>\n<p>Abmessungen &#8211; Breite:<strong>45 mm,\u00a0 <\/strong>H\u00f6he:<strong>45 mm,\u00a0 <\/strong>St\u00e4rke:<strong>11.5 mm<\/strong><\/p>\n<p>Gewicht &#8211; Gesamtgewicht:<strong>40 g, <\/strong>Gesamtgewicht ohne Armband:<strong>23 g<\/strong><\/p>\n<p>Display &#8211; Displaytyp:<strong>MIP, <\/strong>Displaygr\u00f6\u00dfe:<strong>1.2 Inch, <\/strong>Displayaufl\u00f6sung:<strong>240 \u00d7 240, <\/strong>Display immer eingeschaltet:<strong>Ja<\/strong><\/p>\n<p>Leistung &#8211; CPU-Geschwindigkeit:<strong>192 MHz, <\/strong>Speicher:<strong>5 MB, <\/strong>Aufbewahrung:<strong>32 MB<\/strong><\/p>\n<p>Materialien &#8211; Geh\u00e4usematerial:<strong>Plastic, <\/strong>Bildschirmmaterial:<strong>Gorilla Glass<\/strong><\/p>\n<p>Geo-Standort &#8211; GPS:<strong>Ja, <\/strong>Glonass:<strong>Ja, <\/strong>Galileo:<strong>Ja, <\/strong>QZSS:<strong>Ja, <\/strong>Assisted GPS:<strong>Ja, <\/strong>Assisted Glonass:<strong>Ja, <\/strong>Assisted Galileo:<strong>Ja, <\/strong>Assisted QZSS:<strong>Ja<\/strong><\/p>\n<p>Konnektivit\u00e4t &#8211; Bluetooth-Technologie:<strong>Bluetooth\u00ae LE, <\/strong>USB-Kabel:<strong>Propriatery \/ USB-A<\/strong><\/p>\n<p>Strapazierf\u00e4higkeit &#8211; Betriebstemperatur min.:<strong>-10 \u00b0C, <\/strong>Betriebstemperatur max.:<strong>50 \u00b0C , <\/strong>Wasserbest\u00e4ndigkeit:<strong>WR50<\/strong><\/p>\n<p>Sensoren &#8211; EKG:<strong>none, <\/strong>SpO2:<strong>none, <\/strong>Hauttemperatur:<strong>none, <\/strong>OHR:<strong>GEN 3.5, <\/strong>Beschleunigungssensor:<strong>Ja<\/strong><\/p>\n<p>Akku &#8211; Akkukapazit\u00e4t:<strong>265 mAh, <\/strong>Batterietyp:<strong>Li-Pol, <\/strong>Akku wiederaufladbar:<strong>Ja, <\/strong>Trainingsmodus mit max. Tracking:<strong>32 h, <\/strong>Energiespar-Trainingsmodus:<strong>155 h, <\/strong>Smartwatch-Modus:<strong>6.5 d<\/strong><\/p>\n<p>Verschiedenes &#8211; Stoppuhr:<strong>Ja, <\/strong>Geschwindigkeit Tempo:<strong>Ja, <\/strong>Countdown-Timer:<strong>Ja, <\/strong>Intervalltimer:<strong>Ja, <\/strong>Manuelle Runden:<strong>Ja, <\/strong>Automatische Runden:<strong>Ja, <\/strong>Autostart Stopp:<strong>Ja, <\/strong>Vibrationsalarme:<strong>Ja, <\/strong>Wecker:<strong>Ja, <\/strong>Uhr:<strong>Ja, <\/strong>Displaybeleuchtung:<strong>Ja, <\/strong>Datum und Wochentag:<strong>Ja, <\/strong>Uhrzeit:<strong>Ja, <\/strong>Tastensperre:<strong>Ja, <\/strong>Aktualisierbare Firmware:<strong>Ja<\/strong><\/p>\n<p>&nbsp;<\/p>\n","protected":false},"excerpt":{"rendered":"<h4>Beschreibung<\/h4>\n<div class=\"product-lead\">\n<p>Diese GPS-Sportuhr bietet neuen Sportlerinnen und Sportlern alle wesentlichen Details und spezielle Trainingsfunktionen f\u00fcr ein besseres Training.<\/p>\n<\/div>\n<div id=\"product-buy\" class=\"options-bar\">\n<div id=\"scroll_cart\" class=\"shopping-widget\" data-embed-ui=\"true\">\n<div id=\"shop-content\" class=\"options-bar\">\n<div class=\"form-block\">Wozu Sport komplizierter machen, als er ist?<br \/>\nDie Polar Pacer ist eine unkomplizierte Sportuhr, die alle Aspekte deiner sportlichen Entwicklung erfasst, um deine St\u00e4rken und Schw\u00e4chen zu ermitteln.<br \/>\nDiese leichte Uhr mit leistungsstarker Technologie stellt neuen Sportlerinnen und Sportlern alle wesentlichen Funktionen wie genaues GPS und pr\u00e4zise Pulsmessung bereit. Dar\u00fcber hinaus bietet sie spezielle Trainingsfunktionen sowie Schlaf- und Erholungsanalysen f\u00fcr ein besseres Training.<\/div>\n<\/div>\n<div>\n<h5 class=\"color-title\">Farbe:\u00a0<span class=\"js-variant-name\">Night Black<\/span><\/h5>\n<\/div>\n<\/div>\n<\/div>\n","protected":false},"featured_media":12509,"comment_status":"open","ping_status":"closed","template":"","meta":[],"product_brand":[302],"product_cat":[348,162],"product_tag":[346,323],"class_list":{"0":"post-12508","1":"product","2":"type-product","3":"status-publish","4":"has-post-thumbnail","6":"product_brand-polar","7":"product_cat-polar","8":"product_cat-smartwatches-gps-zubehoer","9":"product_tag-polar","10":"product_tag-smartwatch","12":"first","13":"outofstock","14":"taxable","15":"shipping-taxable","16":"purchasable","17":"product-type-simple"},"_links":{"self":[{"href":"https:\/\/benimarkt.at\/index.php?rest_route=\/wp\/v2\/product\/12508","targetHints":{"allow":["GET"]}}],"collection":[{"href":"https:\/\/benimarkt.at\/index.php?rest_route=\/wp\/v2\/product"}],"about":[{"href":"https:\/\/benimarkt.at\/index.php?rest_route=\/wp\/v2\/types\/product"}],"replies":[{"embeddable":true,"href":"https:\/\/benimarkt.at\/index.php?rest_route=%2Fwp%2Fv2%2Fcomments&post=12508"}],"version-history":[{"count":1,"href":"https:\/\/benimarkt.at\/index.php?rest_route=\/wp\/v2\/product\/12508\/revisions"}],"predecessor-version":[{"id":12514,"href":"https:\/\/benimarkt.at\/index.php?rest_route=\/wp\/v2\/product\/12508\/revisions\/12514"}],"wp:featuredmedia":[{"embeddable":true,"href":"https:\/\/benimarkt.at\/index.php?rest_route=\/wp\/v2\/media\/12509"}],"wp:attachment":[{"href":"https:\/\/benimarkt.at\/index.php?rest_route=%2Fwp%2Fv2%2Fmedia&parent=12508"}],"wp:term":[{"taxonomy":"product_brand","embeddable":true,"href":"https:\/\/benimarkt.at\/index.php?rest_route=%2Fwp%2Fv2%2Fproduct_brand&post=12508"},{"taxonomy":"product_cat","embeddable":true,"href":"https:\/\/benimarkt.at\/index.php?rest_route=%2Fwp%2Fv2%2Fproduct_cat&post=12508"},{"taxonomy":"product_tag","embeddable":true,"href":"https:\/\/benimarkt.at\/index.php?rest_route=%2Fwp%2Fv2%2Fproduct_tag&post=12508"}],"curies":[{"name":"wp","href":"https:\/\/api.w.org\/{rel}","templated":true}]}}