{"id":12419,"date":"2025-10-03T07:36:41","date_gmt":"2025-10-03T07:36:41","guid":{"rendered":"https:\/\/benimarkt.at\/?post_type=product&#038;p=12419"},"modified":"2026-04-15T12:45:05","modified_gmt":"2026-04-15T12:45:05","slug":"cube-kathmandu-slx-2026-solareclipsengold-54","status":"publish","type":"product","link":"https:\/\/benimarkt.at\/?product=cube-kathmandu-slx-2026-solareclipsengold-54","title":{"rendered":"CUBE Kathmandu SLX 2026 solareclipse\u00b4n\u00b4gold &#8211; 54"},"content":{"rendered":"<h3><strong>Technische Daten:<\/strong><\/h3>\n<div class=\"col-12 col-md-3 col-lg-2\">\n<div class=\"col-12 col-md-3 col-lg-2\">\n<p><strong>Rahmen<\/strong> &#8211; Aluminium Superlite, Trekking Comfort, Integrated Carrier 3.0, Double Butted<\/p>\n<p><strong>Gr\u00f6\u00dfe<\/strong> &#8211;\u00a0<span style=\"color: #008000;\"><strong>Classic:<\/strong><\/span> <strong><span style=\"color: #008000;\">54cm<\/span><\/strong><br \/>\n<strong>Gabel<\/strong> &#8211; RockShox Paragon Gold, RL, 65mm<br \/>\n<strong>Bremsanlage<\/strong> &#8211; Shimano Cues BR-U8000\/BR-U8010 Flat Mount (160\/180)<br \/>\n<strong>Schaltwerk<\/strong> &#8211; Shimano Cues RD-U8020, 11-Speed<br \/>\n<strong>Schalthebel<\/strong> &#8211; Shimano Cues SL-U8000, Rapidfire-Plus<br \/>\n<strong>Umwerfer<\/strong> &#8211; Shimano Cues FD-U8010, Top Swing, 31.8mm<br \/>\n<strong>Innenlager<\/strong> &#8211; Shimano BB-MT501, 68mm BSA<br \/>\n<strong>Kurbelgarnitur<\/strong> &#8211; Shimano Cues FC-U8000, Hollowtech ll, 46x32T, Chainguard<br \/>\n<strong>Kassette<\/strong> &#8211; Shimano Cues CS-LG700, 11-45T<br \/>\n<strong>Kette<\/strong> &#8211; KMC xGlide<br \/>\n<strong>Steuersatz<\/strong> &#8211; VP Integrated, Top 1 1\/8&#8243;, Bottom 1 1\/2&#8243;<br \/>\n<strong>Vorbau<\/strong> &#8211; CUBE Performance Stem SLX, 31.8mm<br \/>\n<strong>Lenker<\/strong> &#8211; CUBE Comfort Trail Bar, 680mm<br \/>\n<strong>Griffe<\/strong> &#8211; ACID Travel Comfort<br \/>\n<strong>Felgen<\/strong> &#8211; ACID EX25, 32H, Disc, Tubeless Ready<br \/>\n<strong>Vorderrad Nabe<\/strong> &#8211; ACID PL-8, 32H, QR, Centerlock<br \/>\n<strong>Hinterrad Nabe<\/strong> &#8211; Shimano FH-TC500-HM, 12mm Through Axle, Centerlock<br \/>\n<strong>Reifen<\/strong> &#8211; Schwalbe Marathon Mondial, Pro Evolution, 47-622<br \/>\n<strong>Sattel<\/strong> &#8211; ACID Sequence Pro 170<br \/>\n<strong>Sattelst\u00fctze<\/strong> &#8211; CUBE Performance Post, 27.2mm<br \/>\n<strong>Pedale<\/strong> &#8211; ACID PP Trekking<br \/>\n<strong>Scheinwerfer<\/strong> &#8211; CUBE IQ-XS-Friendly N Plus<br \/>\n<strong>R\u00fccklicht<\/strong> &#8211; ACID Mudguard Rear Light PRO-D, 6V, AC<br \/>\n<strong>St\u00e4nder<\/strong> &#8211; ACID FM Pure Kickstand<br \/>\n<strong>Schutzbleche<\/strong> &#8211; ACID 56 Integrated Carrier 3.0<br \/>\n<strong>Glocke<\/strong> &#8211; Reich Cycle Bells Ringsound<br \/>\n<strong>Gep\u00e4cktr\u00e4ger<\/strong> &#8211; ACID Integrated Carrier 3.0, CUBE Adapter Compatible<br \/>\n<strong>Farbe<\/strong> &#8211; solareclipse\u00b4n\u00b4gold<\/p>\n<p>&nbsp;<\/p>\n<\/div>\n<div class=\"table-row row g-0\">\n<div class=\"col-12 col-md-9 col-lg-10\">\n<div id=\"productAccordion\" class=\"product-detail-description-accordion\">\n<div class=\"card \">\n<div id=\"heading-2\" class=\"card-header\">\n<div class=\"d-grid\">\n<div class=\"row align-items-start\">\n<div class=\"col-lg-7\">\n<div class=\"e-geometry-table-wrapper\">\n<div class=\"col-12 col-md-9 col-lg-10\">\n<div class=\"table-row row g-0\">\n<div class=\"col-12 col-md-9 col-lg-10\">\n<div class=\"section\">\n<div class=\"table-row row g-0\">\n<h3 class=\"text-uppercase mb-4\"><\/h3>\n<div class=\"row align-items-start\">\n<div class=\"col-lg-7\">\n<div class=\"e-geometry-table-wrapper\">\n<table id=\"e-geometry-integration-table\" class=\"table e-geometry-table\">\n<thead>\n<tr>\n<th class=\"table-header\">\n<h3 class=\"text-uppercase mb-4\"><span style=\"color: #008000;\"><strong>Geometrie<\/strong><\/span><\/h3>\n<\/th>\n<td class=\"geometry-table-field\" data-sizekey=\"25900\"><\/td>\n<td class=\"geometry-table-field\" data-sizekey=\"26500\"><\/td>\n<td class=\"geometry-table-field\" data-sizekey=\"27200\"><strong><span style=\"color: #008000;\">54 cm<\/span><\/strong><\/td>\n<td class=\"geometry-table-field\" data-sizekey=\"27900\"><\/td>\n<td class=\"geometry-table-field\" data-sizekey=\"28700\"><\/td>\n<\/tr>\n<\/thead>\n<tbody>\n<tr>\n<th class=\"e-geometry-table-row\" data-id=\"A\">Sitzrohr<\/th>\n<td class=\"geometry-table-field\" data-id=\"A\" data-sizekey=\"25900\"><\/td>\n<td class=\"geometry-table-field\" data-id=\"A\" data-sizekey=\"26500\"><\/td>\n<td class=\"geometry-table-field\" data-id=\"A\" data-sizekey=\"27200\"><strong><span style=\"color: #008000;\">540<\/span><\/strong><\/td>\n<td class=\"geometry-table-field\" data-id=\"A\" data-sizekey=\"27900\"><\/td>\n<td class=\"geometry-table-field\" data-id=\"A\" data-sizekey=\"28700\"><\/td>\n<\/tr>\n<tr>\n<th class=\"e-geometry-table-row\" data-id=\"B\">Oberrohr horizontal<\/th>\n<td class=\"geometry-table-field\" data-id=\"B\" data-sizekey=\"25900\"><\/td>\n<td class=\"geometry-table-field\" data-id=\"B\" data-sizekey=\"26500\"><\/td>\n<td class=\"geometry-table-field\" data-id=\"B\" data-sizekey=\"27200\"><strong><span style=\"color: #008000;\">583<\/span><\/strong><\/td>\n<td class=\"geometry-table-field\" data-id=\"B\" data-sizekey=\"27900\"><\/td>\n<td class=\"geometry-table-field\" data-id=\"B\" data-sizekey=\"28700\"><\/td>\n<\/tr>\n<tr>\n<th class=\"e-geometry-table-row\" data-id=\"C\">Sitzwinkel<\/th>\n<td class=\"geometry-table-field\" data-id=\"C\" data-sizekey=\"25900\"><\/td>\n<td class=\"geometry-table-field\" data-id=\"C\" data-sizekey=\"26500\"><\/td>\n<td class=\"geometry-table-field\" data-id=\"C\" data-sizekey=\"27200\"><strong><span style=\"color: #008000;\">73\u00b0<\/span><\/strong><\/td>\n<td class=\"geometry-table-field\" data-id=\"C\" data-sizekey=\"27900\"><\/td>\n<td class=\"geometry-table-field\" data-id=\"C\" data-sizekey=\"28700\"><\/td>\n<\/tr>\n<tr>\n<th class=\"e-geometry-table-row\" data-id=\"D\">Steuerrohrwinkel<\/th>\n<td class=\"geometry-table-field\" data-id=\"D\" data-sizekey=\"25900\"><\/td>\n<td class=\"geometry-table-field\" data-id=\"D\" data-sizekey=\"26500\"><\/td>\n<td class=\"geometry-table-field\" data-id=\"D\" data-sizekey=\"27200\"><strong><span style=\"color: #008000;\">70\u00b0<\/span><\/strong><\/td>\n<td class=\"geometry-table-field\" data-id=\"D\" data-sizekey=\"27900\"><\/td>\n<td class=\"geometry-table-field\" data-id=\"D\" data-sizekey=\"28700\"><\/td>\n<\/tr>\n<tr>\n<th class=\"e-geometry-table-row\" data-id=\"E\">Kettenstreben<\/th>\n<td class=\"geometry-table-field\" data-id=\"E\" data-sizekey=\"25900\"><\/td>\n<td class=\"geometry-table-field\" data-id=\"E\" data-sizekey=\"26500\"><\/td>\n<td class=\"geometry-table-field\" data-id=\"E\" data-sizekey=\"27200\"><strong><span style=\"color: #008000;\">455<\/span><\/strong><\/td>\n<td class=\"geometry-table-field\" data-id=\"E\" data-sizekey=\"27900\"><\/td>\n<td class=\"geometry-table-field\" data-id=\"E\" data-sizekey=\"28700\"><\/td>\n<\/tr>\n<tr>\n<th class=\"e-geometry-table-row\" data-id=\"F\">Steuerrohr<\/th>\n<td class=\"geometry-table-field\" data-id=\"F\" data-sizekey=\"25900\"><\/td>\n<td class=\"geometry-table-field\" data-id=\"F\" data-sizekey=\"26500\"><\/td>\n<td class=\"geometry-table-field\" data-id=\"F\" data-sizekey=\"27200\"><strong><span style=\"color: #008000;\">153<\/span><\/strong><\/td>\n<td class=\"geometry-table-field\" data-id=\"F\" data-sizekey=\"27900\"><\/td>\n<td class=\"geometry-table-field\" data-id=\"F\" data-sizekey=\"28700\"><\/td>\n<\/tr>\n<tr>\n<th class=\"e-geometry-table-row\" data-id=\"G\">Radstand<\/th>\n<td class=\"geometry-table-field\" data-id=\"G\" data-sizekey=\"25900\"><\/td>\n<td class=\"geometry-table-field\" data-id=\"G\" data-sizekey=\"26500\"><\/td>\n<td class=\"geometry-table-field\" data-id=\"G\" data-sizekey=\"27200\"><strong><span style=\"color: #008000;\">1094<\/span><\/strong><\/td>\n<td class=\"geometry-table-field\" data-id=\"G\" data-sizekey=\"27900\"><\/td>\n<td class=\"geometry-table-field\" data-id=\"G\" data-sizekey=\"28700\"><\/td>\n<\/tr>\n<tr>\n<th class=\"e-geometry-table-row\" data-id=\"H\">Tretlagerh\u00f6he zur Nabenachse<\/th>\n<td class=\"geometry-table-field\" data-id=\"H\" data-sizekey=\"25900\"><\/td>\n<td class=\"geometry-table-field\" data-id=\"H\" data-sizekey=\"26500\"><\/td>\n<td class=\"geometry-table-field\" data-id=\"H\" data-sizekey=\"27200\"><strong><span style=\"color: #008000;\">60<\/span><\/strong><\/td>\n<td class=\"geometry-table-field\" data-id=\"H\" data-sizekey=\"27900\"><\/td>\n<td class=\"geometry-table-field\" data-id=\"H\" data-sizekey=\"28700\"><\/td>\n<\/tr>\n<tr>\n<th class=\"e-geometry-table-row\" data-id=\"T 80\">\u00dcberstandsh\u00f6he &#8211; 80mm<\/th>\n<td class=\"geometry-table-field\" data-id=\"T 80\" data-sizekey=\"25900\"><\/td>\n<td class=\"geometry-table-field\" data-id=\"T 80\" data-sizekey=\"26500\"><\/td>\n<td class=\"geometry-table-field\" data-id=\"T 80\" data-sizekey=\"27200\"><strong><span style=\"color: #008000;\">848<\/span><\/strong><\/td>\n<td class=\"geometry-table-field\" data-id=\"T 80\" data-sizekey=\"27900\"><\/td>\n<td class=\"geometry-table-field\" data-id=\"T 80\" data-sizekey=\"28700\"><\/td>\n<\/tr>\n<tr>\n<th class=\"e-geometry-table-row\" data-id=\"R\">Reach<\/th>\n<td class=\"geometry-table-field\" data-id=\"R\" data-sizekey=\"25900\"><\/td>\n<td class=\"geometry-table-field\" data-id=\"R\" data-sizekey=\"26500\"><\/td>\n<td class=\"geometry-table-field\" data-id=\"R\" data-sizekey=\"27200\"><strong><span style=\"color: #008000;\">388<\/span><\/strong><\/td>\n<td class=\"geometry-table-field\" data-id=\"R\" data-sizekey=\"27900\"><\/td>\n<td class=\"geometry-table-field\" data-id=\"R\" data-sizekey=\"28700\"><\/td>\n<\/tr>\n<tr>\n<th class=\"e-geometry-table-row\" data-id=\"S\">Stack<\/th>\n<td class=\"geometry-table-field\" data-id=\"S\" data-sizekey=\"25900\"><\/td>\n<td class=\"geometry-table-field\" data-id=\"S\" data-sizekey=\"26500\"><\/td>\n<td class=\"geometry-table-field\" data-id=\"S\" data-sizekey=\"27200\"><strong><span style=\"color: #008000;\">638<\/span><\/strong><\/td>\n<td class=\"geometry-table-field\" data-id=\"S\" data-sizekey=\"27900\"><\/td>\n<td class=\"geometry-table-field\" data-id=\"S\" data-sizekey=\"28700\"><\/td>\n<\/tr>\n<\/tbody>\n<\/table>\n<\/div>\n<\/div>\n<\/div>\n<\/div>\n<\/div>\n<\/div>\n<\/div>\n<\/div>\n<\/div>\n<\/div>\n<\/div>\n<\/div>\n<\/div>\n<\/div>\n<\/div>\n<\/div>\n<\/div>\n<\/div>\n","protected":false},"excerpt":{"rendered":"<h3><strong>Beschreibung:<\/strong><\/h3>\n<p data-start=\"43\" data-end=\"849\">Wir hier bei CUBE sind unter anderem f\u00fcr unsere extreme Liebe zum Detail bekannt. Deshalb haben wir das Kathmandu auch mit dem integrierten Gep\u00e4cktr\u00e4ger IC 3.0 ausgestattet, der nahtlos und formsch\u00f6n in unsere ACID Schutzbleche \u00fcbergeht. Dazu gibt&#8217;s am Hinterrad Aufnahmen f\u00fcr eine Flat Mount Scheibenbremse und einen Seitenst\u00e4nder. Seine cleane, aufger\u00e4umte Optik verdankt das Chassis den im Smooth Welding Verfahren gestalteten Rohrverbindungen und im Inneren verlaufenden Z\u00fcgen. So viel zum Aussehen. In Sachen Funktion haben wir den Hinterbau mit einer Steckachse versehen und ein konisches Steuerrohr f\u00fcr optimierte Stabilit\u00e4t und Lenkpr\u00e4zision (selbst bei voller Beladung) verbaut. Also alles da, was es auf Tour braucht \u2013 den Rest machst du!<\/p>\n<p data-start=\"43\" data-end=\"849\">Wie geht&#8217;s wohl mit am effizientesten von A nach B? Richtig, mit dem Fahrrad, vor allem, wenn es das Kathmandu SLX von CUBE ist. Wir haben diesem kraftvollen Tourer pfeilschnell dahinrollende Marathon Mondial Reifen von Schwalbe und eine leichtg\u00e4ngige, zuverl\u00e4ssige Shimano Cues 2&#215;11-Gang Schaltung spendiert. Kontrollierte und damit sichere Bremsman\u00f6ver gehen auf das Konto der leistungsstarken hydraulischen Cues Scheibenbremsen, ebenso von Shimano. On top gibt&#8217;s eine einfach einstellbare RockShox Paragon Gold Luftfedergabel \u2013 so wird jede noch so lange Tour zum komfortablen Hochgenuss. F\u00fcr den letzten Schliff sorgen unser integrierter Gep\u00e4cktr\u00e4ger IC 3.0, Schutzbleche aus recyceltem PET, Lichter (das Vorderlicht besteht aus nachhaltigen Materialien) und ein Seitenst\u00e4nder. So geht umweltbewusste Mobilit\u00e4t heute!<\/p>\n<p><img fetchpriority=\"high\" decoding=\"async\" class=\"alignnone size-full wp-image-8037\" src=\"https:\/\/shop.isarsilver.eu\/wp-content\/uploads\/2025\/09\/image-1-5.png\" alt=\"\" width=\"512\" height=\"512\" \/><\/p>\n","protected":false},"featured_media":14239,"comment_status":"open","ping_status":"closed","template":"","meta":[],"product_brand":[342],"product_cat":[341],"product_tag":[379,344,345],"class_list":{"0":"post-12419","1":"product","2":"type-product","3":"status-publish","4":"has-post-thumbnail","6":"product_brand-cube","7":"product_cat-fahrraeder","8":"product_tag-379","9":"product_tag-cube","10":"product_tag-fahrraeder","12":"first","13":"instock","14":"taxable","15":"shipping-taxable","16":"purchasable","17":"product-type-simple"},"_links":{"self":[{"href":"https:\/\/benimarkt.at\/index.php?rest_route=\/wp\/v2\/product\/12419","targetHints":{"allow":["GET"]}}],"collection":[{"href":"https:\/\/benimarkt.at\/index.php?rest_route=\/wp\/v2\/product"}],"about":[{"href":"https:\/\/benimarkt.at\/index.php?rest_route=\/wp\/v2\/types\/product"}],"replies":[{"embeddable":true,"href":"https:\/\/benimarkt.at\/index.php?rest_route=%2Fwp%2Fv2%2Fcomments&post=12419"}],"version-history":[{"count":4,"href":"https:\/\/benimarkt.at\/index.php?rest_route=\/wp\/v2\/product\/12419\/revisions"}],"predecessor-version":[{"id":12803,"href":"https:\/\/benimarkt.at\/index.php?rest_route=\/wp\/v2\/product\/12419\/revisions\/12803"}],"wp:featuredmedia":[{"embeddable":true,"href":"https:\/\/benimarkt.at\/index.php?rest_route=\/wp\/v2\/media\/14239"}],"wp:attachment":[{"href":"https:\/\/benimarkt.at\/index.php?rest_route=%2Fwp%2Fv2%2Fmedia&parent=12419"}],"wp:term":[{"taxonomy":"product_brand","embeddable":true,"href":"https:\/\/benimarkt.at\/index.php?rest_route=%2Fwp%2Fv2%2Fproduct_brand&post=12419"},{"taxonomy":"product_cat","embeddable":true,"href":"https:\/\/benimarkt.at\/index.php?rest_route=%2Fwp%2Fv2%2Fproduct_cat&post=12419"},{"taxonomy":"product_tag","embeddable":true,"href":"https:\/\/benimarkt.at\/index.php?rest_route=%2Fwp%2Fv2%2Fproduct_tag&post=12419"}],"curies":[{"name":"wp","href":"https:\/\/api.w.org\/{rel}","templated":true}]}}