{"id":12402,"date":"2025-10-03T07:04:13","date_gmt":"2025-10-03T07:04:13","guid":{"rendered":"https:\/\/benimarkt.at\/?post_type=product&#038;p=12402"},"modified":"2026-04-15T12:50:34","modified_gmt":"2026-04-15T12:50:34","slug":"cube-aim-slx-2026-blushrosenblack-l","status":"publish","type":"product","link":"https:\/\/benimarkt.at\/?product=cube-aim-slx-2026-blushrosenblack-l","title":{"rendered":"CUBE Aim SLX 2026 blushrose\u00b4n\u00b4black &#8211; L"},"content":{"rendered":"<h3><strong>Technische Daten:<\/strong><\/h3>\n<div class=\"col-12 col-md-3 col-lg-2\">\n<div class=\"col-12 col-md-3 col-lg-2\">\n<p><strong>Rahmen<\/strong> &#8211; Aluminium Lite, AMF, Double Butted, Internal Cable Routing, Tapered Head Tube, Flat Mount Brake, SIC Mount, FM Kickstand Mount<br \/>\n<strong>Gr\u00f6\u00dfe<\/strong> &#8211; <strong><span style=\"color: #008000;\">Size Split:<\/span><\/strong>\u00a0<strong><span style=\"color: #008000;\">29:<\/span> <\/strong><strong><span style=\"color: #008000;\">L<\/span><\/strong><br \/>\n<strong>Federgabel<\/strong> &#8211; SR Suntour XCM Disc, 100mm, Remote Lockout<br \/>\n<strong>Bremsanlage<\/strong> &#8211; Shimano BR-MT200\/UR300, Hydr, Disc Brake, PM\/FM (160\/160)<br \/>\n<strong>Schaltwerk<\/strong> &#8211; Shimano Deore RD-M6100-SGS, ShadowPlus, 12-Speed<br \/>\n<strong>Schalthebel<\/strong> &#8211; Shimano Deore SL-M6100-R, Rapidfire Plus<br \/>\n<strong>Innenlager<\/strong> &#8211; Prowheel BSA PW-MB68<br \/>\n<strong>Kurbelgarnitur<\/strong> &#8211; ACID MTB Pro, 32T<br \/>\n<strong>Kassette<\/strong> &#8211; Shimano Deore CS-M6100, 10-51T<br \/>\n<strong>Kette<\/strong> &#8211; KMC X12<br \/>\n<strong>Steuersatz<\/strong> &#8211; CUBE FPH868p, Tapered, Semi-Integrated<br \/>\n<strong>Vorbau<\/strong> &#8211; CUBE Performance Stem, 31.8mm<br \/>\n<strong>Lenker<\/strong> &#8211; CUBE Rise Trail Bar, 680mm<br \/>\n<strong>Griffe<\/strong> &#8211; ACID Icon<br \/>\n<strong>Felgen<\/strong> &#8211; ACID EX25, 32H, Disc, Tubeless Ready<br \/>\n<strong>Vorderrad Nabe<\/strong> &#8211; Shimano HB-QC300, QR, Centerlock<br \/>\n<strong>Hinterrad Nabe<\/strong> &#8211; Shimano FH-QC500-MS, QR, Centerlock<br \/>\n<strong>Reifen<\/strong> &#8211; CUBE MTB, 2.25<br \/>\n<strong>Sattel<\/strong> &#8211; ACID Venec Lite<br \/>\n<strong>Sattelst\u00fctze<\/strong> &#8211; CUBE Performance Post, 27.2mm<br \/>\n<strong>Pedale<\/strong> &#8211; CUBE PP MTB<br \/>\n<strong>Farbe<\/strong> &#8211; blushrose\u00b4n\u00b4black<\/p>\n<\/div>\n<\/div>\n<div class=\"col-12 col-md-3 col-lg-2\">\n<div class=\"col-12 col-md-3 col-lg-2\">\n<div class=\"col-12 col-md-3 col-lg-2\">\n<div class=\"table-row row g-0\">\n<div class=\"col-12 col-md-3 col-lg-2\">\n<div class=\"table-row row g-0\">\n<div class=\"col-12 col-md-3 col-lg-2\">\n<div class=\"table-row row g-0\">\n<div class=\"col-12 col-md-3 col-lg-2\">\n<div class=\"table-row row g-0\">\n<div class=\"col-12 col-md-3 col-lg-2\">\n<div class=\"col-12 col-md-3 col-lg-2\">\n<div class=\"col-12 col-md-3 col-lg-2\"><\/div>\n<\/div>\n<div class=\"row align-items-start\">\n<div class=\"col-lg-7\">\n<div class=\"e-geometry-table-wrapper\">\n<h3 class=\"text-uppercase mb-4\"><strong>\u00a0<\/strong><\/h3>\n<div class=\"row align-items-start\">\n<div class=\"col-lg-7\">\n<div class=\"e-geometry-table-wrapper\">\n<table id=\"e-geometry-integration-table\" class=\"table e-geometry-table\">\n<thead>\n<tr>\n<th class=\"table-header\">\n<h3 class=\"text-uppercase mb-4\"><span style=\"color: #008000;\"><strong>Geometrie<\/strong><\/span><\/h3>\n<\/th>\n<td class=\"geometry-table-field\" data-sizekey=\"300\"><\/td>\n<td class=\"geometry-table-field\" data-sizekey=\"500\"><\/td>\n<td class=\"geometry-table-field\" data-sizekey=\"900\"><\/td>\n<td class=\"geometry-table-field\" data-sizekey=\"1100\"><span style=\"color: #008000;\"><strong>L<\/strong><\/span><\/td>\n<td class=\"geometry-table-field\" data-sizekey=\"1300\"><\/td>\n<td class=\"geometry-table-field\" data-sizekey=\"1500\"><\/td>\n<\/tr>\n<\/thead>\n<tbody>\n<tr>\n<th class=\"e-geometry-table-row\" data-id=\"A\">Sitzrohr<\/th>\n<td class=\"geometry-table-field\" data-id=\"A\" data-sizekey=\"300\"><\/td>\n<td class=\"geometry-table-field\" data-id=\"A\" data-sizekey=\"500\"><\/td>\n<td class=\"geometry-table-field\" data-id=\"A\" data-sizekey=\"900\"><\/td>\n<td class=\"geometry-table-field\" data-id=\"A\" data-sizekey=\"1100\"><strong><span style=\"color: #008000;\">470<\/span><\/strong><\/td>\n<td class=\"geometry-table-field\" data-id=\"A\" data-sizekey=\"1300\"><\/td>\n<td class=\"geometry-table-field\" data-id=\"A\" data-sizekey=\"1500\"><\/td>\n<\/tr>\n<tr>\n<th class=\"e-geometry-table-row\" data-id=\"B\">Oberrohr horizontal<\/th>\n<td class=\"geometry-table-field\" data-id=\"B\" data-sizekey=\"300\"><\/td>\n<td class=\"geometry-table-field\" data-id=\"B\" data-sizekey=\"500\"><\/td>\n<td class=\"geometry-table-field\" data-id=\"B\" data-sizekey=\"900\"><\/td>\n<td class=\"geometry-table-field\" data-id=\"B\" data-sizekey=\"1100\"><strong><span style=\"color: #008000;\">615<\/span><\/strong><\/td>\n<td class=\"geometry-table-field\" data-id=\"B\" data-sizekey=\"1300\"><\/td>\n<td class=\"geometry-table-field\" data-id=\"B\" data-sizekey=\"1500\"><\/td>\n<\/tr>\n<tr>\n<th class=\"e-geometry-table-row\" data-id=\"C\">Sitzwinkel<\/th>\n<td class=\"geometry-table-field\" data-id=\"C\" data-sizekey=\"300\"><\/td>\n<td class=\"geometry-table-field\" data-id=\"C\" data-sizekey=\"500\"><\/td>\n<td class=\"geometry-table-field\" data-id=\"C\" data-sizekey=\"900\"><\/td>\n<td class=\"geometry-table-field\" data-id=\"C\" data-sizekey=\"1100\"><strong><span style=\"color: #008000;\">73.5\u00b0<\/span><\/strong><\/td>\n<td class=\"geometry-table-field\" data-id=\"C\" data-sizekey=\"1300\"><\/td>\n<td class=\"geometry-table-field\" data-id=\"C\" data-sizekey=\"1500\"><\/td>\n<\/tr>\n<tr>\n<th class=\"e-geometry-table-row\" data-id=\"D\">Steuerrohrwinkel<\/th>\n<td class=\"geometry-table-field\" data-id=\"D\" data-sizekey=\"300\"><\/td>\n<td class=\"geometry-table-field\" data-id=\"D\" data-sizekey=\"500\"><\/td>\n<td class=\"geometry-table-field\" data-id=\"D\" data-sizekey=\"900\"><\/td>\n<td class=\"geometry-table-field\" data-id=\"D\" data-sizekey=\"1100\"><strong><span style=\"color: #008000;\">68.5\u00b0<\/span><\/strong><\/td>\n<td class=\"geometry-table-field\" data-id=\"D\" data-sizekey=\"1300\"><\/td>\n<td class=\"geometry-table-field\" data-id=\"D\" data-sizekey=\"1500\"><\/td>\n<\/tr>\n<tr>\n<th class=\"e-geometry-table-row\" data-id=\"E\">Kettenstreben<\/th>\n<td class=\"geometry-table-field\" data-id=\"E\" data-sizekey=\"300\"><\/td>\n<td class=\"geometry-table-field\" data-id=\"E\" data-sizekey=\"500\"><\/td>\n<td class=\"geometry-table-field\" data-id=\"E\" data-sizekey=\"900\"><\/td>\n<td class=\"geometry-table-field\" data-id=\"E\" data-sizekey=\"1100\"><strong><span style=\"color: #008000;\">450<\/span><\/strong><\/td>\n<td class=\"geometry-table-field\" data-id=\"E\" data-sizekey=\"1300\"><\/td>\n<td class=\"geometry-table-field\" data-id=\"E\" data-sizekey=\"1500\"><\/td>\n<\/tr>\n<tr>\n<th class=\"e-geometry-table-row\" data-id=\"F\">Steuerrohr<\/th>\n<td class=\"geometry-table-field\" data-id=\"F\" data-sizekey=\"300\"><\/td>\n<td class=\"geometry-table-field\" data-id=\"F\" data-sizekey=\"500\"><\/td>\n<td class=\"geometry-table-field\" data-id=\"F\" data-sizekey=\"900\"><\/td>\n<td class=\"geometry-table-field\" data-id=\"F\" data-sizekey=\"1100\"><strong><span style=\"color: #008000;\">122<\/span><\/strong><\/td>\n<td class=\"geometry-table-field\" data-id=\"F\" data-sizekey=\"1300\"><\/td>\n<td class=\"geometry-table-field\" data-id=\"F\" data-sizekey=\"1500\"><\/td>\n<\/tr>\n<tr>\n<th class=\"e-geometry-table-row\" data-id=\"G\">Radstand<\/th>\n<td class=\"geometry-table-field\" data-id=\"G\" data-sizekey=\"300\"><\/td>\n<td class=\"geometry-table-field\" data-id=\"G\" data-sizekey=\"500\"><\/td>\n<td class=\"geometry-table-field\" data-id=\"G\" data-sizekey=\"900\"><\/td>\n<td class=\"geometry-table-field\" data-id=\"G\" data-sizekey=\"1100\"><strong><span style=\"color: #008000;\">1146<\/span><\/strong><\/td>\n<td class=\"geometry-table-field\" data-id=\"G\" data-sizekey=\"1300\"><\/td>\n<td class=\"geometry-table-field\" data-id=\"G\" data-sizekey=\"1500\"><\/td>\n<\/tr>\n<tr>\n<th class=\"e-geometry-table-row\" data-id=\"H\">Tretlagerh\u00f6he zur Nabenachse<\/th>\n<td class=\"geometry-table-field\" data-id=\"H\" data-sizekey=\"300\"><\/td>\n<td class=\"geometry-table-field\" data-id=\"H\" data-sizekey=\"500\"><\/td>\n<td class=\"geometry-table-field\" data-id=\"H\" data-sizekey=\"900\"><\/td>\n<td class=\"geometry-table-field\" data-id=\"H\" data-sizekey=\"1100\"><strong><span style=\"color: #008000;\">65<\/span><\/strong><\/td>\n<td class=\"geometry-table-field\" data-id=\"H\" data-sizekey=\"1300\"><\/td>\n<td class=\"geometry-table-field\" data-id=\"H\" data-sizekey=\"1500\"><\/td>\n<\/tr>\n<tr>\n<th class=\"e-geometry-table-row\" data-id=\"T 80\">\u00dcberstandsh\u00f6he &#8211; 80mm<\/th>\n<td class=\"geometry-table-field\" data-id=\"T 80\" data-sizekey=\"300\"><\/td>\n<td class=\"geometry-table-field\" data-id=\"T 80\" data-sizekey=\"500\"><\/td>\n<td class=\"geometry-table-field\" data-id=\"T 80\" data-sizekey=\"900\"><\/td>\n<td class=\"geometry-table-field\" data-id=\"T 80\" data-sizekey=\"1100\"><strong><span style=\"color: #008000;\">792<\/span><\/strong><\/td>\n<td class=\"geometry-table-field\" data-id=\"T 80\" data-sizekey=\"1300\"><\/td>\n<td class=\"geometry-table-field\" data-id=\"T 80\" data-sizekey=\"1500\"><\/td>\n<\/tr>\n<tr>\n<th class=\"e-geometry-table-row\" data-id=\"R\">Reach<\/th>\n<td class=\"geometry-table-field\" data-id=\"R\" data-sizekey=\"300\"><\/td>\n<td class=\"geometry-table-field\" data-id=\"R\" data-sizekey=\"500\"><\/td>\n<td class=\"geometry-table-field\" data-id=\"R\" data-sizekey=\"900\"><\/td>\n<td class=\"geometry-table-field\" data-id=\"R\" data-sizekey=\"1100\"><strong><span style=\"color: #008000;\">426<\/span><\/strong><\/td>\n<td class=\"geometry-table-field\" data-id=\"R\" data-sizekey=\"1300\"><\/td>\n<td class=\"geometry-table-field\" data-id=\"R\" data-sizekey=\"1500\"><\/td>\n<\/tr>\n<tr>\n<th class=\"e-geometry-table-row\" data-id=\"S\">Stack<\/th>\n<td class=\"geometry-table-field\" data-id=\"S\" data-sizekey=\"300\"><\/td>\n<td class=\"geometry-table-field\" data-id=\"S\" data-sizekey=\"500\"><\/td>\n<td class=\"geometry-table-field\" data-id=\"S\" data-sizekey=\"900\"><\/td>\n<td class=\"geometry-table-field\" data-id=\"S\" data-sizekey=\"1100\"><strong><span style=\"color: #008000;\">637<\/span><\/strong><\/td>\n<td class=\"geometry-table-field\" data-id=\"S\" data-sizekey=\"1300\"><\/td>\n<td class=\"geometry-table-field\" data-id=\"S\" data-sizekey=\"1500\"><\/td>\n<\/tr>\n<\/tbody>\n<\/table>\n<\/div>\n<\/div>\n<\/div>\n<\/div>\n<\/div>\n<\/div>\n<\/div>\n<\/div>\n<\/div>\n<\/div>\n<\/div>\n<\/div>\n<\/div>\n<\/div>\n<\/div>\n<\/div>\n<\/div>\n","protected":false},"excerpt":{"rendered":"<h3><strong>Beschreibung:<\/strong><\/h3>\n<p data-start=\"43\" data-end=\"849\">Der Aim Rahmen besticht mit seinem supercleanen Look \u2013 verantwortlich daf\u00fcr: die im Smooth Welding Verfahren hergestellten Verbindungen an Steuerrohr und Sattelrohr und die ins Innere verlegten Z\u00fcge, welche die aufger\u00e4umte Optik noch unterstreichen. Au\u00dferdem gibt&#8217;s ein geschraubtes Tretlager und eine Aufnahme f\u00fcr Flat Mount Scheibenbremsen, die nahtlos in die Seitenst\u00e4nderaufnahme integriert ist. Montagepunkte f\u00fcr ACID Schutzbleche und Gep\u00e4cktr\u00e4ger sind auch mit dabei. Die spezielle Geometrie hat ein niedrigeres Oberrohr f\u00fcr superzuverl\u00e4ssiges Handling und l\u00e4sst genug Platz f\u00fcr breite, griffige, komfortable 2.25 Zoll Reifen. Dazu ist unser Size Split System breit aufgestellt \u2013 so finden alle das f\u00fcr sich und ihre K\u00f6rpergr\u00f6\u00dfe perfekt passende Aim.<\/p>\n<p data-start=\"43\" data-end=\"849\">Power ist gut, Kontrolle ist besser. Deshalb kommt das Aim SLX auch mit einer anpassbaren 100 mm Federgabel daher, die Schl\u00e4ge und Ruckler vom Untergrund souver\u00e4n abd\u00e4mpft \u2013 und die sich dank Lockout-Funktion f\u00fcr den Einsatz auf der Stra\u00dfe feststellen l\u00e4sst. Dazu haben wir wetterunabh\u00e4ngig kraftvoll verz\u00f6gernde hydraulische Shimano Scheibenbremsen und griffige 2.25 Zoll Reifen montiert. Wer sich noch mehr Kontrolle w\u00fcnscht, kann eine versenkbare Sattelst\u00fctze nachr\u00fcsten. In Sachen Vortrieb leistet die breit gef\u00e4cherte 12-fach Deore Schaltung von Shimano wertvolle Dienste, weil sie die Kraft aus den Waden top \u00fcbersetzt auf den Boden bringt. Und? Welches Abenteuer steht als N\u00e4chstes an?<\/p>\n<p><img fetchpriority=\"high\" decoding=\"async\" class=\"alignnone size-full wp-image-8037\" src=\"https:\/\/shop.isarsilver.eu\/wp-content\/uploads\/2025\/09\/image-1-5.png\" alt=\"\" width=\"512\" height=\"512\" \/><\/p>\n","protected":false},"featured_media":14241,"comment_status":"open","ping_status":"closed","template":"","meta":[],"product_brand":[342],"product_cat":[341],"product_tag":[381,344,345],"class_list":{"0":"post-12402","1":"product","2":"type-product","3":"status-publish","4":"has-post-thumbnail","6":"product_brand-cube","7":"product_cat-fahrraeder","8":"product_tag-381","9":"product_tag-cube","10":"product_tag-fahrraeder","12":"first","13":"instock","14":"taxable","15":"shipping-taxable","16":"purchasable","17":"product-type-simple"},"_links":{"self":[{"href":"https:\/\/benimarkt.at\/index.php?rest_route=\/wp\/v2\/product\/12402","targetHints":{"allow":["GET"]}}],"collection":[{"href":"https:\/\/benimarkt.at\/index.php?rest_route=\/wp\/v2\/product"}],"about":[{"href":"https:\/\/benimarkt.at\/index.php?rest_route=\/wp\/v2\/types\/product"}],"replies":[{"embeddable":true,"href":"https:\/\/benimarkt.at\/index.php?rest_route=%2Fwp%2Fv2%2Fcomments&post=12402"}],"version-history":[{"count":3,"href":"https:\/\/benimarkt.at\/index.php?rest_route=\/wp\/v2\/product\/12402\/revisions"}],"predecessor-version":[{"id":12807,"href":"https:\/\/benimarkt.at\/index.php?rest_route=\/wp\/v2\/product\/12402\/revisions\/12807"}],"wp:featuredmedia":[{"embeddable":true,"href":"https:\/\/benimarkt.at\/index.php?rest_route=\/wp\/v2\/media\/14241"}],"wp:attachment":[{"href":"https:\/\/benimarkt.at\/index.php?rest_route=%2Fwp%2Fv2%2Fmedia&parent=12402"}],"wp:term":[{"taxonomy":"product_brand","embeddable":true,"href":"https:\/\/benimarkt.at\/index.php?rest_route=%2Fwp%2Fv2%2Fproduct_brand&post=12402"},{"taxonomy":"product_cat","embeddable":true,"href":"https:\/\/benimarkt.at\/index.php?rest_route=%2Fwp%2Fv2%2Fproduct_cat&post=12402"},{"taxonomy":"product_tag","embeddable":true,"href":"https:\/\/benimarkt.at\/index.php?rest_route=%2Fwp%2Fv2%2Fproduct_tag&post=12402"}],"curies":[{"name":"wp","href":"https:\/\/api.w.org\/{rel}","templated":true}]}}