{"id":12350,"date":"2025-10-03T12:35:56","date_gmt":"2025-10-03T12:35:56","guid":{"rendered":"https:\/\/benimarkt.at\/?post_type=product&#038;p=12350"},"modified":"2026-04-15T12:41:45","modified_gmt":"2026-04-15T12:41:45","slug":"cube-26-reaction-hybrid-pro-800-blackline-ee-l","status":"publish","type":"product","link":"https:\/\/benimarkt.at\/?product=cube-26-reaction-hybrid-pro-800-blackline-ee-l","title":{"rendered":"CUBE Reaction Hybrid Pro 800 2026 blackline &#8211; EE &#8211; L"},"content":{"rendered":"<h3>Technische Daten<\/h3>\n<div class=\"table-row row g-0\">\n<div class=\"col-12 col-md-3 col-lg-2\">\n<h4 class=\"title\">Rahmen &#8211; <span style=\"color: #555555; font-size: 14.4px;\">Aluminium Superlite, Gravity Casting Technology, Agile Ride Geometry, Boost148, Fully Integrated Battery, Advanced Internal Cable Routing, 1.5 Headtube, Kickstand\/Fender\/Carrier Mounting Points<\/span><\/h4>\n<\/div>\n<div class=\"col-12 col-md-9 col-lg-10\">\n<div id=\"productAccordion\" class=\"product-detail-description-accordion\">\n<div class=\"card \">\n<div id=\"heading-1\" class=\"card-header\">\n<div class=\"d-grid\">\n<div class=\"col-12 col-md-3 col-lg-2\">\n<h4 class=\"title\">Gr\u00f6\u00dfe &#8211; <span style=\"color: #555555; font-size: 14.4px;\">Classic: Size Split: 29: L<\/span><\/h4>\n<\/div>\n<\/div>\n<\/div>\n<\/div>\n<div class=\"card \">\n<div id=\"heading-2\" class=\"card-header\">\n<div class=\"d-grid\">\n<div class=\"col-12 col-md-3 col-lg-2\">\n<h4 class=\"title\">Federgabel &#8211; <span style=\"color: #555555; font-size: 14.4px;\">SR Suntour X1-32 LO-R Air, Tapered, 15x110mm, 120mm (27.5: 100mm)<\/span><\/h4>\n<\/div>\n<\/div>\n<\/div>\n<\/div>\n<div class=\"card \">\n<div id=\"heading-3\" class=\"card-header\">\n<div class=\"d-grid\">\n<div class=\"table-row row g-0\">\n<div class=\"col-12 col-md-3 col-lg-2\">\n<h4 class=\"title\">Bremsanlage &#8211; <span style=\"color: #555555; font-size: 14.4px;\">Shimano BR-MT420, Hydr. Disc Brake (203\/203)<\/span><\/h4>\n<\/div>\n<\/div>\n<div class=\"table-row row g-0\">\n<div class=\"col-12 col-md-3 col-lg-2\">\n<h4 class=\"title\">Schaltwerk &#8211; <span style=\"color: #555555; font-size: 14.4px;\">Shimano XT RD-M8100-SGS, ShadowPlus, 12-Speed<\/span><\/h4>\n<\/div>\n<\/div>\n<div class=\"table-row row g-0\">\n<div class=\"col-12 col-md-3 col-lg-2\">\n<h4 class=\"title\">Schalthebel &#8211; <span style=\"color: #555555; font-size: 14.4px;\">Shimano Deore SL-M6100-IR, Direct Attach<\/span><\/h4>\n<\/div>\n<\/div>\n<div class=\"table-row row g-0\">\n<div class=\"col-12 col-md-3 col-lg-2\">\n<h4 class=\"title\">Kurbelgarnitur &#8211; <span style=\"color: #555555; font-size: 14.4px;\">ACID MTB Hybrid Pro, 38T<\/span><\/h4>\n<\/div>\n<\/div>\n<div class=\"table-row row g-0\">\n<div class=\"col-12 col-md-3 col-lg-2\">\n<h4 class=\"title\">Kassette &#8211; <span style=\"color: #555555; font-size: 14.4px;\">Shimano Deore CS-M6100, 10-51T<\/span><\/h4>\n<\/div>\n<\/div>\n<div class=\"table-row row g-0\">\n<div class=\"col-12 col-md-3 col-lg-2\">\n<h4 class=\"title\">Kette &#8211; <span style=\"color: #555555; font-size: 14.4px;\">KMC e12<\/span><\/h4>\n<\/div>\n<\/div>\n<div class=\"table-row row g-0\">\n<div class=\"col-12 col-md-3 col-lg-2\">\n<h4 class=\"title\">Kettenf\u00fchrung &#8211; <span style=\"color: #555555; font-size: 14.4px;\">Reverse Flip-Guide E-Chain Guide, Direct Mount, I-Plate<\/span><\/h4>\n<\/div>\n<\/div>\n<\/div>\n<\/div>\n<\/div>\n<div class=\"card \">\n<div id=\"heading-4\" class=\"card-header\">\n<div class=\"d-grid\">\n<div class=\"table-row row g-0\">\n<div class=\"col-12 col-md-3 col-lg-2\">\n<h4 class=\"title\">Steuersatz &#8211; <span style=\"color: #555555; font-size: 14.4px;\">ACROS AZF-1034, ICR (Integrated Cable Routing), Top Zero-Stack 1 1\/2&#8243; (ZS 56mm), Bottom Zero-Stack 1 1\/2&#8243; (ZS 56mm), X-Connect Interface<\/span><\/h4>\n<\/div>\n<\/div>\n<div class=\"table-row row g-0\">\n<div class=\"col-12 col-md-3 col-lg-2\">\n<h4 class=\"title\">Vorbau &#8211; <span style=\"color: #555555; font-size: 14.4px;\">CUBE Performance Stem E-MTB 35, FPI-Link<\/span><\/h4>\n<\/div>\n<\/div>\n<div class=\"table-row row g-0\">\n<div class=\"col-12 col-md-3 col-lg-2\">\n<h4 class=\"title\">Lenker &#8211; <span style=\"color: #555555; font-size: 14.4px;\">CUBE Rise Trail Bar 35<\/span><\/h4>\n<\/div>\n<\/div>\n<div class=\"table-row row g-0\">\n<div class=\"col-12 col-md-3 col-lg-2\">\n<h4 class=\"title\">Griffe &#8211; <span style=\"color: #555555; font-size: 14.4px;\">ACID Hybrid Perform<\/span><\/h4>\n<div class=\"table-row row g-0\">\n<div class=\"col-12 col-md-3 col-lg-2\">\n<h4 class=\"title\">Laufradsatz &#8211; <span style=\"color: #555555; font-size: 14.4px;\">ACID SLX 30, 32\/32 Spokes, 15x110mm\/12x148mm, Tubeless Ready<\/span><\/h4>\n<\/div>\n<\/div>\n<div class=\"table-row row g-0\">\n<div class=\"col-12 col-md-3 col-lg-2\">\n<h4 class=\"title\">Reifen &#8211; <span style=\"color: #555555; font-size: 14.4px;\">Schwalbe Smart Sam, Active, 2.6<\/span><\/h4>\n<div class=\"table-row row g-0\">\n<div class=\"col-12 col-md-3 col-lg-2\">\n<h4 class=\"title\">Sattel &#8211; <span style=\"color: #555555; font-size: 14.4px;\">ACID Sequence 160<\/span><\/h4>\n<\/div>\n<\/div>\n<div class=\"table-row row g-0\">\n<div class=\"col-12 col-md-3 col-lg-2\">\n<h4 class=\"title\">Sattelst\u00fctze &#8211; <span style=\"color: #555555; font-size: 14.4px;\">CUBE Dropper Post, Handlebar Lever, Internal Cable Routing, 31.6mm<\/span><\/h4>\n<\/div>\n<\/div>\n<div class=\"table-row row g-0\">\n<div class=\"col-12 col-md-3 col-lg-2\">\n<h4 class=\"title\">Pedale &#8211; <span style=\"color: #555555; font-size: 14.4px;\">ACID PP Trekking<\/span><\/h4>\n<div class=\"col-12 col-md-3 col-lg-2\">\n<h4 class=\"title\">Farbe &#8211; <span style=\"color: #555555; font-size: 14.4px;\">blackline<\/span><\/h4>\n<\/div>\n<\/div>\n<\/div>\n<\/div>\n<\/div>\n<\/div>\n<\/div>\n<\/div>\n<\/div>\n<\/div>\n<div class=\"card \">\n<div id=\"heading-5\" class=\"card-header\">\n<h3 class=\"d-grid\"><\/h3>\n<\/div>\n<\/div>\n<div class=\"card \">\n<div id=\"heading-6\" class=\"card-header\">\n<div class=\"d-grid\">\n<table width=\"414\">\n<tbody>\n<tr>\n<td width=\"186\" data-id=\"S\" data-sizekey=\"1500\">\n<h3 class=\"d-grid\" style=\"text-align: left;\"><span style=\"color: #008000;\">GEOMETRIE<\/span><\/h3>\n<\/td>\n<td style=\"text-align: center;\" width=\"60\" data-sizekey=\"30820\"><\/td>\n<td style=\"text-align: center;\" width=\"58\" data-sizekey=\"30840\"><\/td>\n<td style=\"text-align: left;\" width=\"55\" data-sizekey=\"30860\"><span style=\"color: #008000;\"><strong>L<\/strong><\/span><\/td>\n<td style=\"text-align: center;\" width=\"55\" data-sizekey=\"30880\"><\/td>\n<\/tr>\n<tr>\n<td width=\"186\">Sitzrohr<\/td>\n<td width=\"60\" data-id=\"A\" data-sizekey=\"30820\"><\/td>\n<td width=\"58\" data-id=\"A\" data-sizekey=\"30840\"><\/td>\n<td width=\"55\" data-id=\"A\" data-sizekey=\"30860\"><strong><span style=\"color: #008000;\">450<\/span><\/strong><\/td>\n<td width=\"55\" data-id=\"A\" data-sizekey=\"30880\"><\/td>\n<\/tr>\n<tr>\n<td width=\"186\">Oberrohr horizontal<\/td>\n<td width=\"60\" data-id=\"B\" data-sizekey=\"30820\"><\/td>\n<td width=\"58\" data-id=\"B\" data-sizekey=\"30840\"><\/td>\n<td width=\"55\" data-id=\"B\" data-sizekey=\"30860\"><span style=\"color: #008000;\"><strong>627<\/strong><\/span><\/td>\n<td width=\"55\" data-id=\"B\" data-sizekey=\"30880\"><\/td>\n<\/tr>\n<tr>\n<td width=\"186\">Sitzwinkel<\/td>\n<td width=\"60\" data-id=\"C\" data-sizekey=\"30820\"><\/td>\n<td width=\"58\" data-id=\"C\" data-sizekey=\"30840\"><\/td>\n<td width=\"55\" data-id=\"C\" data-sizekey=\"30860\"><span style=\"color: #008000;\"><strong>74\u00b0<\/strong><\/span><\/td>\n<td width=\"55\" data-id=\"C\" data-sizekey=\"30880\"><\/td>\n<\/tr>\n<tr>\n<td width=\"186\">Steuerrohrwinkel<\/td>\n<td width=\"60\" data-id=\"D\" data-sizekey=\"30820\"><\/td>\n<td width=\"58\" data-id=\"D\" data-sizekey=\"30840\"><\/td>\n<td width=\"55\" data-id=\"D\" data-sizekey=\"30860\"><span style=\"color: #008000;\"><strong>68\u00b0<\/strong><\/span><\/td>\n<td width=\"55\" data-id=\"D\" data-sizekey=\"30880\"><\/td>\n<\/tr>\n<tr>\n<td width=\"186\">Kettenstreben<\/td>\n<td width=\"60\" data-id=\"E\" data-sizekey=\"30820\"><\/td>\n<td width=\"58\" data-id=\"E\" data-sizekey=\"30840\"><\/td>\n<td width=\"55\" data-id=\"E\" data-sizekey=\"30860\"><span style=\"color: #008000;\"><strong>456<\/strong><\/span><\/td>\n<td width=\"55\" data-id=\"E\" data-sizekey=\"30880\"><\/td>\n<\/tr>\n<tr>\n<td width=\"186\">Steuerrohr<\/td>\n<td width=\"60\" data-id=\"F\" data-sizekey=\"30820\"><\/td>\n<td width=\"58\" data-id=\"F\" data-sizekey=\"30840\"><\/td>\n<td width=\"55\" data-id=\"F\" data-sizekey=\"30860\"><span style=\"color: #008000;\"><strong>179<\/strong><\/span><\/td>\n<td width=\"55\" data-id=\"F\" data-sizekey=\"30880\"><\/td>\n<\/tr>\n<tr>\n<td width=\"186\">Radstand<\/td>\n<td width=\"60\" data-id=\"G\" data-sizekey=\"30820\"><\/td>\n<td width=\"58\" data-id=\"G\" data-sizekey=\"30840\"><\/td>\n<td width=\"55\" data-id=\"G\" data-sizekey=\"30860\"><span style=\"color: #008000;\"><strong>1188<\/strong><\/span><\/td>\n<td width=\"55\" data-id=\"G\" data-sizekey=\"30880\"><\/td>\n<\/tr>\n<tr>\n<td width=\"186\">Tretlagerh\u00f6he zur Nabenachse<\/td>\n<td width=\"60\" data-id=\"H\" data-sizekey=\"30820\"><\/td>\n<td width=\"58\" data-id=\"H\" data-sizekey=\"30840\"><\/td>\n<td width=\"55\" data-id=\"H\" data-sizekey=\"30860\"><span style=\"color: #008000;\"><strong>46<\/strong><\/span><\/td>\n<td width=\"55\" data-id=\"H\" data-sizekey=\"30880\"><\/td>\n<\/tr>\n<tr>\n<td width=\"186\">Reach<\/td>\n<td width=\"60\" data-id=\"R\" data-sizekey=\"30820\"><\/td>\n<td width=\"58\" data-id=\"R\" data-sizekey=\"30840\"><\/td>\n<td width=\"55\" data-id=\"R\" data-sizekey=\"30860\"><span style=\"color: #008000;\"><strong>437<\/strong><\/span><\/td>\n<td width=\"55\" data-id=\"R\" data-sizekey=\"30880\"><\/td>\n<\/tr>\n<tr>\n<td width=\"186\">Stack<\/td>\n<td width=\"60\" data-id=\"S\" data-sizekey=\"30820\"><\/td>\n<td width=\"58\" data-id=\"S\" data-sizekey=\"30840\"><\/td>\n<td width=\"55\" data-id=\"S\" data-sizekey=\"30860\"><span style=\"color: #008000;\"><strong>664<\/strong><\/span><\/td>\n<td width=\"55\" data-id=\"S\" data-sizekey=\"30880\"><\/td>\n<\/tr>\n<\/tbody>\n<\/table>\n<\/div>\n<\/div>\n<\/div>\n<\/div>\n<\/div>\n<\/div>\n","protected":false},"excerpt":{"rendered":"<h3>Beschreibung<\/h3>\n<p>Unser Tiefeinsteiger-Rahmen macht seinem Namen wirklich alle Ehre, denn damit sind einfaches Auf- und Absteigen garantiert. Doch das Reaction Hybrid hat noch viel mehr zu bieten als geniales Handling und einen eleganten Look. Zum Beispiel einen 800 Wh starken PowerTube Akku von Bosch, der sich gemeinsam mit dem Bosch CX Motor sicher, sauber und formsch\u00f6n ins Design einf\u00fcgt. Zudem ist das Chassis PowerMore-ready, das hei\u00dft, es k\u00f6nnen bei Bedarf weitere 250 Wh mitfahren. Auch die integrierte Sattelklemmung und die nach innen verlegten Z\u00fcge spielen der cleanen Linienf\u00fchrung in die Karten. Was noch? Eine Aufnahme f\u00fcr die Kettenf\u00fchrung und die M\u00f6glichkeit, ACID Schutzbleche, einen Gep\u00e4cktr\u00e4ger und per X-Connect durch einfaches Aufstecken ein kompatibles ACID Vorderlicht nachzur\u00fcsten. Und mit verschiedenen Gr\u00f6\u00dfen im Angebot ist f\u00fcr alle die richtige Passform mit dabei. Fazit: Alles da, was wichtig ist \u2013 f\u00fcr maximalen Fahrspa\u00df!<\/p>\n<p>Das Reaction Hybrid kombiniert die Vielseitigkeit eines Mountainbikes mit dem Support durch einen E-Motor und dem cleveren Design von CUBE: Dank seinem geschmeidig arbeitenden, leistungsstarken Bosch CX Antrieb und 800 Wh starken Akku sind jede Menge Power und Reichweite garantiert, und zwar auf jeder Route, ob \u00fcber Asphalt oder im Gel\u00e4nde. Dabei macht die einfach bedienbare Shimano XT 12-fach Schaltung selbst steile Anstiege zum Kinderspiel. Bergab packen die hydraulischen 4-Kolben-Scheibenbremsen von Shimano kraftvoll zu und verz\u00f6gern die griffigen Schwalbe 2.6 Zoll Reifen zuverl\u00e4ssig und sicher. F\u00fcr eine Extraportion Fahrkomfort und Kontrolle auf ruppigeren Strecken haben wir eine Luftfedergabel mit 120 mm Federweg (100 mm bei kleinen Rahmengr\u00f6\u00dfen und allen Tiefeinsteiger-Modellen) und eine versenkbare Sattelst\u00fctze verbaut. Fazit: Das Bike steht bereit.<\/p>\n<p><img fetchpriority=\"high\" decoding=\"async\" class=\"alignnone size-full wp-image-8037\" src=\"https:\/\/shop.isarsilver.eu\/wp-content\/uploads\/2025\/09\/image-1-5.png\" alt=\"\" width=\"512\" height=\"512\" \/><\/p>\n","protected":false},"featured_media":14237,"comment_status":"open","ping_status":"closed","template":"","meta":[],"product_brand":[342],"product_cat":[341],"product_tag":[376,344,345],"class_list":{"0":"post-12350","1":"product","2":"type-product","3":"status-publish","4":"has-post-thumbnail","6":"product_brand-cube","7":"product_cat-fahrraeder","8":"product_tag-376","9":"product_tag-cube","10":"product_tag-fahrraeder","12":"first","13":"instock","14":"taxable","15":"shipping-taxable","16":"purchasable","17":"product-type-simple"},"_links":{"self":[{"href":"https:\/\/benimarkt.at\/index.php?rest_route=\/wp\/v2\/product\/12350","targetHints":{"allow":["GET"]}}],"collection":[{"href":"https:\/\/benimarkt.at\/index.php?rest_route=\/wp\/v2\/product"}],"about":[{"href":"https:\/\/benimarkt.at\/index.php?rest_route=\/wp\/v2\/types\/product"}],"replies":[{"embeddable":true,"href":"https:\/\/benimarkt.at\/index.php?rest_route=%2Fwp%2Fv2%2Fcomments&post=12350"}],"version-history":[{"count":3,"href":"https:\/\/benimarkt.at\/index.php?rest_route=\/wp\/v2\/product\/12350\/revisions"}],"predecessor-version":[{"id":12798,"href":"https:\/\/benimarkt.at\/index.php?rest_route=\/wp\/v2\/product\/12350\/revisions\/12798"}],"wp:featuredmedia":[{"embeddable":true,"href":"https:\/\/benimarkt.at\/index.php?rest_route=\/wp\/v2\/media\/14237"}],"wp:attachment":[{"href":"https:\/\/benimarkt.at\/index.php?rest_route=%2Fwp%2Fv2%2Fmedia&parent=12350"}],"wp:term":[{"taxonomy":"product_brand","embeddable":true,"href":"https:\/\/benimarkt.at\/index.php?rest_route=%2Fwp%2Fv2%2Fproduct_brand&post=12350"},{"taxonomy":"product_cat","embeddable":true,"href":"https:\/\/benimarkt.at\/index.php?rest_route=%2Fwp%2Fv2%2Fproduct_cat&post=12350"},{"taxonomy":"product_tag","embeddable":true,"href":"https:\/\/benimarkt.at\/index.php?rest_route=%2Fwp%2Fv2%2Fproduct_tag&post=12350"}],"curies":[{"name":"wp","href":"https:\/\/api.w.org\/{rel}","templated":true}]}}