{"id":12154,"date":"2025-09-08T07:20:06","date_gmt":"2025-09-08T07:20:06","guid":{"rendered":"https:\/\/benimarkt.at\/?post_type=product&#038;p=12154"},"modified":"2026-04-15T12:53:39","modified_gmt":"2026-04-15T12:53:39","slug":"cube-25-numove-120-rt-black-n-orange-12","status":"publish","type":"product","link":"https:\/\/benimarkt.at\/?product=cube-25-numove-120-rt-black-n-orange-12","title":{"rendered":"CUBE 25 Numove 120 RT black \u0301n \u0301orange -12&#8243;"},"content":{"rendered":"<h3>Technische Daten<\/h3>\n<div class=\"product--description\">\n<p><strong>Rahmen:<\/strong>\u00a0Aluminium Lite 6061<br \/>\n<strong>Gr\u00f6\u00dfe:<\/strong>\u00a012&#8243;<br \/>\n<strong>Gabel:<\/strong>\u00a0Aluminium Lite 6061<br \/>\n<strong>Steuersatz:<\/strong>\u00a0CUBE<br \/>\n<strong>Vorbau:<\/strong>\u00a0CUBE Aluminium Lite<br \/>\n<strong>Lenker:<\/strong>\u00a0CUBE KIDS 420mm, \u00d8 16mm<br \/>\n<strong>Griffe:<\/strong>\u00a0Natural Fit Kids 16.0<br \/>\n<strong>Bremsanlage:<\/strong>\u00a0Alloy V-Brake<br \/>\n<strong>Kurbelgarnitur:<\/strong>\u00a0ACID Numove 25T, 89mm, narrow Q-factor<br \/>\n<strong>Innenlager<\/strong>: Thun Shorty-ML Sl, Square, 68mm BB Width<br \/>\n<strong>Kette:<\/strong>\u00a0KMC HV500<br \/>\n<strong>Kettenf\u00fchrung:<\/strong>\u00a0Acid<br \/>\n<strong>Felgen:\u00a0<\/strong>CUBE C2000, 16H<br \/>\n<strong>Vorderrad<\/strong>\u00a0<strong>Nabe:<\/strong>\u00a0CUBE<br \/>\n<strong>Hinterrad<\/strong>\u00a0<strong>Nabe:<\/strong>\u00a0KT-305RB, 15T<br \/>\n<strong>Reifen:<\/strong>\u00a0Schwalbe Smart Sam, 12 x 1.4 Zoll<br \/>\n<strong>Sattel:<\/strong>\u00a0CUBE Kid incl. Seatpost<br \/>\n<strong>Gewicht:<\/strong>\u00a05.0 kg<br \/>\n<strong>Max. Systemgewicht<\/strong>: 30 kg<\/p>\n<\/div>\n<div class=\"product--properties panel has--border\">\n<table class=\"product--properties-table\">\n<tbody>\n<tr class=\"product--properties-row\">\n<td class=\"product--properties-label is--bold\">Farbe:<\/td>\n<td class=\"product--properties-value\">neon orange, schwarz<\/td>\n<\/tr>\n<tr class=\"product--properties-row\">\n<td class=\"product--properties-label is--bold\">Material:<\/td>\n<td class=\"product--properties-value\">Aluminium<\/td>\n<\/tr>\n<tr class=\"product--properties-row\">\n<td class=\"product--properties-label is--bold\">Radgr\u00f6\u00dfe:<\/td>\n<td class=\"product--properties-value\">12 Zoll<\/td>\n<\/tr>\n<tr class=\"product--properties-row\">\n<td class=\"product--properties-label is--bold\">Gabel:<\/td>\n<td class=\"product--properties-value\">Starrgabel<\/td>\n<\/tr>\n<tr class=\"product--properties-row\">\n<td class=\"product--properties-label is--bold\">Fahrradtyp:<\/td>\n<td class=\"product--properties-value\">Kinder Rad<\/td>\n<\/tr>\n<tr class=\"product--properties-row\">\n<td class=\"product--properties-label is--bold\">Schaltung:<\/td>\n<td class=\"product--properties-value\">Single Speed<\/td>\n<\/tr>\n<\/tbody>\n<\/table>\n<\/div>\n","protected":false},"excerpt":{"rendered":"<h3>Beschreibung<\/h3>\n<h4>Klein, aber oho: Das Numove 120 ist zwar ganz sch\u00f6n mini, aber mit unglaublich viel Liebe zum Detail konstruiert. <span style=\"font-size: 14.4px;\">Der Rahmen aus leichten Aluminiumrohrs\u00e4tzen wurde mit einem niedrigen Einstieg versehen. Au\u00dferdem haben wir vorsorglich alle kantigen Rohrabschl\u00fcsse abgerundet, um Verletzungen zu vermeiden. Selbstverst\u00e4ndlich gibt es das Bike in unterschiedlichen Farbstellungen \u2013 da ist f\u00fcr jeden Nachwuchsfahrer und Geschmack das richtige Design mit dabei. Jetzt fehlt nur noch die unb\u00e4ndige Leidenschaft f\u00fcrs Biken, aber die kommt mit dem Numove 120 ja wie von selbst!<\/span><\/h4>\n<h4>Wann der richtige Zeitpunkt ist, Kinder das erste Mal aufs Rad zu setzen? Eigentlich immer! Weil der Rahmen des Numove 120 so leicht ist, gelingt der Einstieg damit m\u00fchelos und die Kids tanken direkt Selbstvertrauen. Zudem haben wir das Bike mit sorgf\u00e4ltig ausgesuchten Komponenten best\u00fcckt, die sich selbst mit kleinen H\u00e4nden komfortabel und einfach bedienen lassen. So machen die ersten Radrunden einfach riesig Spa\u00df!<\/h4>\n<p><a href=\"https:\/\/benimarkt.at\/wp-content\/uploads\/2025\/09\/image-1-5.png\"><img fetchpriority=\"high\" decoding=\"async\" class=\"alignnone size-medium wp-image-12210\" src=\"https:\/\/benimarkt.at\/wp-content\/uploads\/2025\/09\/image-1-5-300x300.png\" alt=\"\" width=\"300\" height=\"300\" srcset=\"https:\/\/benimarkt.at\/wp-content\/uploads\/2025\/09\/image-1-5-300x300.png 300w, https:\/\/benimarkt.at\/wp-content\/uploads\/2025\/09\/image-1-5-150x150.png 150w, https:\/\/benimarkt.at\/wp-content\/uploads\/2025\/09\/image-1-5.png 512w\" sizes=\"(max-width: 300px) 100vw, 300px\" \/><\/a><\/p>\n","protected":false},"featured_media":14260,"comment_status":"open","ping_status":"closed","template":"","meta":[],"product_brand":[342],"product_cat":[341],"product_tag":[397,344,345],"class_list":{"0":"post-12154","1":"product","2":"type-product","3":"status-publish","4":"has-post-thumbnail","6":"product_brand-cube","7":"product_cat-fahrraeder","8":"product_tag-397","9":"product_tag-cube","10":"product_tag-fahrraeder","12":"first","13":"instock","14":"taxable","15":"shipping-taxable","16":"purchasable","17":"product-type-simple"},"_links":{"self":[{"href":"https:\/\/benimarkt.at\/index.php?rest_route=\/wp\/v2\/product\/12154","targetHints":{"allow":["GET"]}}],"collection":[{"href":"https:\/\/benimarkt.at\/index.php?rest_route=\/wp\/v2\/product"}],"about":[{"href":"https:\/\/benimarkt.at\/index.php?rest_route=\/wp\/v2\/types\/product"}],"replies":[{"embeddable":true,"href":"https:\/\/benimarkt.at\/index.php?rest_route=%2Fwp%2Fv2%2Fcomments&post=12154"}],"version-history":[{"count":3,"href":"https:\/\/benimarkt.at\/index.php?rest_route=\/wp\/v2\/product\/12154\/revisions"}],"predecessor-version":[{"id":12956,"href":"https:\/\/benimarkt.at\/index.php?rest_route=\/wp\/v2\/product\/12154\/revisions\/12956"}],"wp:featuredmedia":[{"embeddable":true,"href":"https:\/\/benimarkt.at\/index.php?rest_route=\/wp\/v2\/media\/14260"}],"wp:attachment":[{"href":"https:\/\/benimarkt.at\/index.php?rest_route=%2Fwp%2Fv2%2Fmedia&parent=12154"}],"wp:term":[{"taxonomy":"product_brand","embeddable":true,"href":"https:\/\/benimarkt.at\/index.php?rest_route=%2Fwp%2Fv2%2Fproduct_brand&post=12154"},{"taxonomy":"product_cat","embeddable":true,"href":"https:\/\/benimarkt.at\/index.php?rest_route=%2Fwp%2Fv2%2Fproduct_cat&post=12154"},{"taxonomy":"product_tag","embeddable":true,"href":"https:\/\/benimarkt.at\/index.php?rest_route=%2Fwp%2Fv2%2Fproduct_tag&post=12154"}],"curies":[{"name":"wp","href":"https:\/\/api.w.org\/{rel}","templated":true}]}}