{"id":12136,"date":"2025-09-06T07:42:33","date_gmt":"2025-09-06T07:42:33","guid":{"rendered":"https:\/\/benimarkt.at\/?post_type=product&#038;p=12136"},"modified":"2026-04-15T07:43:20","modified_gmt":"2026-04-15T07:43:20","slug":"cube-25-nature-one-allroad-amarone-n-lunar-54","status":"publish","type":"product","link":"https:\/\/benimarkt.at\/?product=cube-25-nature-one-allroad-amarone-n-lunar-54","title":{"rendered":"CUBE 25 Nature ONE Allroad amarone \u0301n \u0301lunar &#8211; 54"},"content":{"rendered":"<h3>Technische Daten<\/h3>\n<div class=\"table-row row g-0\">\n<div class=\" col-5 col-md-3 col-lg-2\">\n<h4 class=\"title\">Rahmen &#8211; <span style=\"color: #555555; font-size: 14.4px;\">Aluminium Superlite, Trekking Cross, Taper, Double Butted<\/span><\/h4>\n<\/div>\n<\/div>\n<div class=\"table-row row g-0\">\n<div class=\" col-5 col-md-3 col-lg-2\">\n<h4 class=\"title\">Gr\u00f6\u00dfe &#8211; <span style=\"color: #555555; font-size: 14.4px;\">Classic: XS \/ 46cm, S \/ 50cm, M \/ 54cm, L \/ 58cm, XL \/ 62cm<\/span><\/h4>\n<div class=\" col-5 col-md-3 col-lg-2\">\n<h4 class=\"title\">Federgabel &#8211; <span style=\"color: #555555; font-size: 14.4px;\">SR Suntour NEX HLO, 63mm, Lockout<\/span><\/h4>\n<div class=\"table-row row g-0\">\n<div class=\" col-5 col-md-3 col-lg-2\">\n<h4 class=\"title\">Bremsanlage &#8211; <span style=\"color: #555555; font-size: 14.4px;\">Shimano BR-MT200, Hydr. Disc Brake (160\/160)<\/span><\/h4>\n<\/div>\n<\/div>\n<div class=\"table-row row g-0\">\n<div class=\" col-5 col-md-3 col-lg-2\">\n<h4 class=\"title\">Schaltwerk &#8211; <span style=\"color: #555555; font-size: 14.4px;\">Shimano Essa RD-U2000-GS, 8-Speed<\/span><\/h4>\n<\/div>\n<\/div>\n<div class=\"table-row row g-0\">\n<div class=\" col-5 col-md-3 col-lg-2\">\n<h4 class=\"title\">Schalthebel &#8211; <span style=\"color: #555555; font-size: 14.4px;\">Shimano SL-M315, Rapidfire-Plus<\/span><\/h4>\n<\/div>\n<\/div>\n<div class=\"table-row row g-0\">\n<div class=\" col-5 col-md-3 col-lg-2\">\n<h4 class=\"title\">Innenlager &#8211; <span style=\"color: #555555; font-size: 14.4px;\">Thun Paso-ML, 68mm, BSA<\/span><\/h4>\n<\/div>\n<\/div>\n<div class=\"table-row row g-0\">\n<div class=\" col-5 col-md-3 col-lg-2\">\n<h4 class=\"title\">Kurbelgarnitur &#8211; <span style=\"color: #555555; font-size: 14.4px;\">Shimano Essa FC-U2000-1, 40T<\/span><\/h4>\n<\/div>\n<\/div>\n<div class=\"table-row row g-0\">\n<div class=\" col-5 col-md-3 col-lg-2\">\n<h4 class=\"title\">Kassette &#8211; <span style=\"color: #555555; font-size: 14.4px;\">Shimano CS-HG400, 11-45T<\/span><\/h4>\n<\/div>\n<\/div>\n<div class=\"table-row row g-0\">\n<div class=\" col-5 col-md-3 col-lg-2\">\n<h4 class=\"title\">Kette &#8211; <span style=\"color: #555555; font-size: 14.4px;\">KMC Z8<\/span><\/h4>\n<div class=\"table-row row g-0\">\n<div class=\" col-5 col-md-3 col-lg-2\">\n<h4 class=\"title\">Steuersatz &#8211; <span style=\"color: #555555; font-size: 14.4px;\">VP Integrated, Top 1 1\/8&#8243;, Bottom 1 1\/2&#8243;<\/span><\/h4>\n<\/div>\n<\/div>\n<div class=\"table-row row g-0\">\n<div class=\" col-5 col-md-3 col-lg-2\">\n<h4 class=\"title\">Vorbau &#8211; <span style=\"color: #555555; font-size: 14.4px;\">CUBE Performance Stem Pro, 31.8mm<\/span><\/h4>\n<\/div>\n<\/div>\n<div class=\"table-row row g-0\">\n<div class=\" col-5 col-md-3 col-lg-2\">\n<h4 class=\"title\">Lenker &#8211; <span style=\"color: #555555; font-size: 14.4px;\">CUBE Comfort Trail Bar, 700mm<\/span><\/h4>\n<\/div>\n<\/div>\n<div class=\"table-row row g-0\">\n<div class=\" col-5 col-md-3 col-lg-2\">\n<h4 class=\"title\">Griffe &#8211; <span style=\"color: #555555; font-size: 14.4px;\">ACID Travel Comfort<\/span><\/h4>\n<div class=\"table-row row g-0\">\n<div class=\" col-5 col-md-3 col-lg-2\">\n<h4 class=\"title\">Felgen &#8211; <span style=\"color: #555555; font-size: 14.4px;\">CUBE EX25, 32H, Disc<\/span><\/h4>\n<\/div>\n<\/div>\n<div class=\"table-row row g-0\">\n<div class=\" col-5 col-md-3 col-lg-2\">\n<h4 class=\"title\">Vorderrad Nabe &#8211; <span style=\"color: #555555; font-size: 14.4px;\">Shimano DH-3D37, Hub Dynamo, QR, Centerlock<\/span><\/h4>\n<\/div>\n<\/div>\n<div class=\"table-row row g-0\">\n<div class=\" col-5 col-md-3 col-lg-2\">\n<h4 class=\"title\">Hinterrad Nabe &#8211; <span style=\"color: #555555; font-size: 14.4px;\">Shimano FH-QC300-HM, QR, Centerlock<\/span><\/h4>\n<\/div>\n<\/div>\n<div class=\"table-row row g-0\">\n<div class=\" col-5 col-md-3 col-lg-2\">\n<h4 class=\"title\">Reifen &#8211; <span style=\"color: #555555; font-size: 14.4px;\">Schwalbe Land Cruiser, Active, 50-622<\/span><\/h4>\n<div class=\"table-row row g-0\">\n<div class=\" col-5 col-md-3 col-lg-2\">\n<h4 class=\"title\">Sattel &#8211; <span style=\"color: #555555; font-size: 14.4px;\">ACID Sequence Pro 160<\/span><\/h4>\n<\/div>\n<\/div>\n<div class=\"table-row row g-0\">\n<div class=\" col-5 col-md-3 col-lg-2\">\n<h4 class=\"title\">Sattelst\u00fctze &#8211; <span style=\"color: #555555; font-size: 14.4px;\">CUBE Performance Post, 27.2mm<\/span><\/h4>\n<\/div>\n<\/div>\n<div class=\"table-row row g-0\">\n<div class=\" col-5 col-md-3 col-lg-2\">\n<h4 class=\"title\">Pedale &#8211; <span style=\"color: #555555; font-size: 14.4px;\">CUBE PP MTB<\/span><\/h4>\n<\/div>\n<\/div>\n<div class=\"table-row row g-0\">\n<div class=\" col-5 col-md-3 col-lg-2\">\n<h4 class=\"title\">Scheinwerfer &#8211; <span style=\"color: #555555; font-size: 14.4px;\">CUBE Shiny 50<\/span><\/h4>\n<\/div>\n<\/div>\n<div class=\"table-row row g-0\">\n<div class=\" col-5 col-md-3 col-lg-2\">\n<h4 class=\"title\">R\u00fccklicht &#8211; <span style=\"color: #555555; font-size: 14.4px;\">ACID Mudguard Rear Light PRO-D, 6V, AC<\/span><\/h4>\n<\/div>\n<\/div>\n<div class=\"table-row row g-0\">\n<div class=\" col-5 col-md-3 col-lg-2\">\n<h4 class=\"title\">St\u00e4nder &#8211; <span style=\"color: #555555; font-size: 14.4px;\">CUBEstand Cmpt<\/span><\/h4>\n<\/div>\n<\/div>\n<div class=\"table-row row g-0\">\n<div class=\" col-5 col-md-3 col-lg-2\">\n<h4 class=\"title\">Schutzbleche &#8211; <span style=\"color: #555555; font-size: 14.4px;\">ACID 65 BB-Mount<\/span><\/h4>\n<\/div>\n<\/div>\n<div class=\"table-row row g-0\">\n<div class=\" col-5 col-md-3 col-lg-2\">\n<h4 class=\"title\">Glocke &#8211; <span style=\"color: #555555; font-size: 14.4px;\">Easy Bell<\/span><\/h4>\n<\/div>\n<\/div>\n<div class=\"table-row row g-0\">\n<div class=\" col-5 col-md-3 col-lg-2\">\n<h4 class=\"title\">Gep\u00e4cktr\u00e4ger &#8211; <span style=\"color: #555555; font-size: 14.4px;\">ACID Semi-Integrated Carrier, ACID RILink Adapter Compatible<\/span><\/h4>\n<p>GEOMETRIE<\/p>\n<table style=\"height: 437px;\" width=\"448\">\n<tbody>\n<tr>\n<td width=\"159\"><\/td>\n<td width=\"56\">46 cm<\/td>\n<td width=\"55\" data-sizekey=\"26500\">50 cm<\/td>\n<td width=\"53\" data-sizekey=\"27200\"><span style=\"color: #99cc00;\"><strong>54 cm<\/strong><\/span><\/td>\n<td width=\"51\" data-sizekey=\"27900\">58 cm<\/td>\n<td width=\"60\" data-sizekey=\"28700\">62 cm<\/td>\n<\/tr>\n<tr>\n<td width=\"159\">Sitzrohr<\/td>\n<td width=\"56\" data-id=\"A\" data-sizekey=\"25900\">440<\/td>\n<td width=\"55\" data-id=\"A\" data-sizekey=\"26500\">480<\/td>\n<td width=\"53\" data-id=\"A\" data-sizekey=\"27200\">520<\/td>\n<td width=\"51\" data-id=\"A\" data-sizekey=\"27900\">560<\/td>\n<td width=\"60\" data-id=\"A\" data-sizekey=\"28700\">600<\/td>\n<\/tr>\n<tr>\n<td width=\"159\">Oberrohr horizontal<\/td>\n<td width=\"56\" data-id=\"B\" data-sizekey=\"25900\">570<\/td>\n<td width=\"55\" data-id=\"B\" data-sizekey=\"26500\">585<\/td>\n<td width=\"53\" data-id=\"B\" data-sizekey=\"27200\">600<\/td>\n<td width=\"51\" data-id=\"B\" data-sizekey=\"27900\">615<\/td>\n<td width=\"60\" data-id=\"B\" data-sizekey=\"28700\">622<\/td>\n<\/tr>\n<tr>\n<td width=\"159\">Sitzwinkel<\/td>\n<td width=\"56\" data-id=\"C\" data-sizekey=\"25900\">74.5\u00b0<\/td>\n<td width=\"55\" data-id=\"C\" data-sizekey=\"26500\">73.5\u00b0<\/td>\n<td width=\"53\" data-id=\"C\" data-sizekey=\"27200\">73\u00b0<\/td>\n<td width=\"51\" data-id=\"C\" data-sizekey=\"27900\">73\u00b0<\/td>\n<td width=\"60\" data-id=\"C\" data-sizekey=\"28700\">73\u00b0<\/td>\n<\/tr>\n<tr>\n<td width=\"159\">Steuerrohrwinkel<\/td>\n<td width=\"56\" data-id=\"D\" data-sizekey=\"25900\">70.5\u00b0<\/td>\n<td width=\"55\" data-id=\"D\" data-sizekey=\"26500\">71\u00b0<\/td>\n<td width=\"53\" data-id=\"D\" data-sizekey=\"27200\">71\u00b0<\/td>\n<td width=\"51\" data-id=\"D\" data-sizekey=\"27900\">71\u00b0<\/td>\n<td width=\"60\" data-id=\"D\" data-sizekey=\"28700\">71\u00b0<\/td>\n<\/tr>\n<tr>\n<td width=\"159\">Kettenstreben<\/td>\n<td width=\"56\" data-id=\"E\" data-sizekey=\"25900\">470<\/td>\n<td width=\"55\" data-id=\"E\" data-sizekey=\"26500\">470<\/td>\n<td width=\"53\" data-id=\"E\" data-sizekey=\"27200\">470<\/td>\n<td width=\"51\" data-id=\"E\" data-sizekey=\"27900\">470<\/td>\n<td width=\"60\" data-id=\"E\" data-sizekey=\"28700\">470<\/td>\n<\/tr>\n<tr>\n<td width=\"159\">Steuerrohr<\/td>\n<td width=\"56\" data-id=\"F\" data-sizekey=\"25900\">105<\/td>\n<td width=\"55\" data-id=\"F\" data-sizekey=\"26500\">120<\/td>\n<td width=\"53\" data-id=\"F\" data-sizekey=\"27200\">140<\/td>\n<td width=\"51\" data-id=\"F\" data-sizekey=\"27900\">155<\/td>\n<td width=\"60\" data-id=\"F\" data-sizekey=\"28700\">170<\/td>\n<\/tr>\n<tr>\n<td width=\"159\">Radstand<\/td>\n<td width=\"56\" data-id=\"G\" data-sizekey=\"25900\">1105<\/td>\n<td width=\"55\" data-id=\"G\" data-sizekey=\"26500\">1104<\/td>\n<td width=\"53\" data-id=\"G\" data-sizekey=\"27200\">1114<\/td>\n<td width=\"51\" data-id=\"G\" data-sizekey=\"27900\">1130<\/td>\n<td width=\"60\" data-id=\"G\" data-sizekey=\"28700\">1137<\/td>\n<\/tr>\n<tr>\n<td width=\"159\">Tretlagerh\u00f6he zur Nabenachse<\/td>\n<td width=\"56\" data-id=\"H\" data-sizekey=\"25900\">60<\/td>\n<td width=\"55\" data-id=\"H\" data-sizekey=\"26500\">60<\/td>\n<td width=\"53\" data-id=\"H\" data-sizekey=\"27200\">60<\/td>\n<td width=\"51\" data-id=\"H\" data-sizekey=\"27900\">60<\/td>\n<td width=\"60\" data-id=\"H\" data-sizekey=\"28700\">60<\/td>\n<\/tr>\n<tr>\n<td width=\"159\">\u00dcberstandsh\u00f6he &#8211; 80mm<\/td>\n<td width=\"56\" data-id=\"T 80\" data-sizekey=\"25900\">772<\/td>\n<td width=\"55\" data-id=\"T 80\" data-sizekey=\"26500\">805<\/td>\n<td width=\"53\" data-id=\"T 80\" data-sizekey=\"27200\">838<\/td>\n<td width=\"51\" data-id=\"T 80\" data-sizekey=\"27900\">867<\/td>\n<td width=\"60\" data-id=\"T 80\" data-sizekey=\"28700\">897<\/td>\n<\/tr>\n<tr>\n<td width=\"159\">Reach<\/td>\n<td width=\"56\" data-id=\"R\" data-sizekey=\"25900\">405<\/td>\n<td width=\"55\" data-id=\"R\" data-sizekey=\"26500\">404<\/td>\n<td width=\"53\" data-id=\"R\" data-sizekey=\"27200\">407<\/td>\n<td width=\"51\" data-id=\"R\" data-sizekey=\"27900\">418<\/td>\n<td width=\"60\" data-id=\"R\" data-sizekey=\"28700\">421<\/td>\n<\/tr>\n<tr>\n<td width=\"159\">Stack<\/td>\n<td width=\"56\" data-id=\"S\" data-sizekey=\"25900\">595<\/td>\n<td width=\"55\" data-id=\"S\" data-sizekey=\"26500\">612<\/td>\n<td width=\"53\" data-id=\"S\" data-sizekey=\"27200\">630<\/td>\n<td width=\"51\" data-id=\"S\" data-sizekey=\"27900\">645<\/td>\n<td width=\"60\" data-id=\"S\" data-sizekey=\"28700\">659<\/td>\n<\/tr>\n<\/tbody>\n<\/table>\n<\/div>\n<\/div>\n<\/div>\n<\/div>\n<\/div>\n<\/div>\n<\/div>\n<\/div>\n<\/div>\n<\/div>\n<\/div>\n","protected":false},"excerpt":{"rendered":"<h3>Beschreibung<\/h3>\n<p>Das Herzst\u00fcck eines guten Fahrrads? Zweifellos sein Rahmen. Das gilt nat\u00fcrlich auch f\u00fcr das Nature Allroad mit seinem Chassis aus doppelt konifizierten Aluminiumrohrs\u00e4tzen f\u00fcr geringes Gewicht ohne Abstriche in Sachen Stabilit\u00e4t. Im Smooth Welding Verfahren gestaltete Verbindungspunkte an den Hauptrohren sorgen zudem f\u00fcr einen glatten, eleganten Look. Das Ergebnis ist eine leichte, agile und komfortable Konstruktion, die unsere strengen Sicherheitstests mit Bravour bestanden hat. On top gibt&#8217;s gen\u00fcgend Platz f\u00fcr breite Reifen sowie ein Zubeh\u00f6rset mit Lichtanlage, Schutzblechen, Gep\u00e4cktr\u00e4ger und Seitenst\u00e4nder. Damit bist du f\u00fcr alle Routen und Touren bestens ger\u00fcstet!<\/p>\n<p><a href=\"https:\/\/benimarkt.at\/wp-content\/uploads\/2025\/09\/image-1-5.png\"><img fetchpriority=\"high\" decoding=\"async\" class=\"alignnone size-medium wp-image-12210\" src=\"https:\/\/benimarkt.at\/wp-content\/uploads\/2025\/09\/image-1-5-300x300.png\" alt=\"\" width=\"300\" height=\"300\" srcset=\"https:\/\/benimarkt.at\/wp-content\/uploads\/2025\/09\/image-1-5-300x300.png 300w, https:\/\/benimarkt.at\/wp-content\/uploads\/2025\/09\/image-1-5-150x150.png 150w, https:\/\/benimarkt.at\/wp-content\/uploads\/2025\/09\/image-1-5.png 512w\" sizes=\"(max-width: 300px) 100vw, 300px\" \/><\/a><\/p>\n","protected":false},"featured_media":14258,"comment_status":"open","ping_status":"closed","template":"","meta":[],"product_brand":[342],"product_cat":[341],"product_tag":[402,344,345],"class_list":{"0":"post-12136","1":"product","2":"type-product","3":"status-publish","4":"has-post-thumbnail","6":"product_brand-cube","7":"product_cat-fahrraeder","8":"product_tag-402","9":"product_tag-cube","10":"product_tag-fahrraeder","12":"first","13":"outofstock","14":"taxable","15":"shipping-taxable","16":"purchasable","17":"product-type-simple"},"_links":{"self":[{"href":"https:\/\/benimarkt.at\/index.php?rest_route=\/wp\/v2\/product\/12136","targetHints":{"allow":["GET"]}}],"collection":[{"href":"https:\/\/benimarkt.at\/index.php?rest_route=\/wp\/v2\/product"}],"about":[{"href":"https:\/\/benimarkt.at\/index.php?rest_route=\/wp\/v2\/types\/product"}],"replies":[{"embeddable":true,"href":"https:\/\/benimarkt.at\/index.php?rest_route=%2Fwp%2Fv2%2Fcomments&post=12136"}],"version-history":[{"count":4,"href":"https:\/\/benimarkt.at\/index.php?rest_route=\/wp\/v2\/product\/12136\/revisions"}],"predecessor-version":[{"id":12959,"href":"https:\/\/benimarkt.at\/index.php?rest_route=\/wp\/v2\/product\/12136\/revisions\/12959"}],"wp:featuredmedia":[{"embeddable":true,"href":"https:\/\/benimarkt.at\/index.php?rest_route=\/wp\/v2\/media\/14258"}],"wp:attachment":[{"href":"https:\/\/benimarkt.at\/index.php?rest_route=%2Fwp%2Fv2%2Fmedia&parent=12136"}],"wp:term":[{"taxonomy":"product_brand","embeddable":true,"href":"https:\/\/benimarkt.at\/index.php?rest_route=%2Fwp%2Fv2%2Fproduct_brand&post=12136"},{"taxonomy":"product_cat","embeddable":true,"href":"https:\/\/benimarkt.at\/index.php?rest_route=%2Fwp%2Fv2%2Fproduct_cat&post=12136"},{"taxonomy":"product_tag","embeddable":true,"href":"https:\/\/benimarkt.at\/index.php?rest_route=%2Fwp%2Fv2%2Fproduct_tag&post=12136"}],"curies":[{"name":"wp","href":"https:\/\/api.w.org\/{rel}","templated":true}]}}