{"id":12057,"date":"2025-08-28T12:37:39","date_gmt":"2025-08-28T12:37:39","guid":{"rendered":"https:\/\/benimarkt.at\/?post_type=product&#038;p=12057"},"modified":"2026-04-15T12:56:11","modified_gmt":"2026-04-15T12:56:11","slug":"cube-25-nature-exc-seasaltnpyrite-54-cm","status":"publish","type":"product","link":"https:\/\/benimarkt.at\/?product=cube-25-nature-exc-seasaltnpyrite-54-cm","title":{"rendered":"CUBE 25 Nature EXC seasalt\u00b4n\u00b4pyrite &#8211; 54 cm"},"content":{"rendered":"<h3>Technische Daten<\/h3>\n<ul>\n<li>\n<h5><strong>RAHMEN<\/strong>: Aluminium Superlite, Trekking Cross, Taper, Double Butted<\/h5>\n<\/li>\n<li>\n<h5><strong>GABEL<\/strong>: SR Suntour NCX E RL Air T, 63mm, Remote Lockout<\/h5>\n<\/li>\n<li>\n<h5><strong>STEUERSATZ<\/strong>: VP Integrated, Top 1 1\/8&#8243;, Bottom 1 1\/2&#8243;<\/h5>\n<\/li>\n<li>\n<h5><strong>VORBAU<\/strong>: CUBE Performance Stem Pro, 31.8mm<\/h5>\n<\/li>\n<li>\n<h5><strong>LENKER<\/strong>: CUBE Comfort Trail Bar, 700mm<\/h5>\n<\/li>\n<li>\n<h5><strong>GRIFFE<\/strong>: ACID Travel Comfort<\/h5>\n<\/li>\n<li>\n<h5><strong>SCHALTWERK<\/strong>: Shimano Cues RD-U8020-SGS, 11-Speed<\/h5>\n<\/li>\n<li>\n<h5><strong>UMWERFER<\/strong>: Shimano Cues FD-U6010, Top-Swing, 31.8mm<\/h5>\n<\/li>\n<li>\n<h5><strong>SCHALTHEBEL<\/strong>: Shimano Cues SL-U6000, Rapidfire-Plus<\/h5>\n<\/li>\n<li>\n<h5><strong>BREMSE<\/strong>: Shimano BR-MT200, Hydr. Disc Brake (160\/180)<\/h5>\n<\/li>\n<li>\n<h5><strong>INNENLAGER<\/strong>: Shimano BB-MT501, 68mm BSA<\/h5>\n<\/li>\n<li>\n<h5><strong>KURBELGARNITUR<\/strong>: Shimano Cues FC-U6010, Hollowtech ll, 46x32T, Chainguard<\/h5>\n<\/li>\n<li>\n<h5><strong>KASSETTE<\/strong>: Shimano Cues CS-LG400, 11-45T<\/h5>\n<\/li>\n<li>\n<h5><strong>FELGEN<\/strong>: CUBE EX25, 32H, Disc, Tubeless Ready<\/h5>\n<\/li>\n<li>\n<h5><strong>NABE VORN<\/strong>: Shimano HB-QC300, QR, Centerlock<\/h5>\n<\/li>\n<li>\n<h5><strong>NABE HINTEN<\/strong>: Shimano FH-QC300-HM, QR, Centerlock<\/h5>\n<\/li>\n<li>\n<h5><strong>REIFEN<\/strong>: Schwalbe Land Cruiser, Active, 50-622<\/h5>\n<\/li>\n<li>\n<h5><strong>PEDALE<\/strong>: CUBE PP MTB<\/h5>\n<\/li>\n<li>\n<h5><strong>SATTEL<\/strong>: ACID Sequence Pro 160<\/h5>\n<\/li>\n<li>\n<h5><strong>SATTELST\u00dcTZE<\/strong>: CUBE Performance Post, 27.2mm<\/h5>\n<\/li>\n<li>\n<h5><strong>SATTELKLEMME<\/strong>: CUBE Varioclose, 31.8mm<\/h5>\n<\/li>\n<li>\n<h5><strong>GEWICHT<\/strong>: 14,2 kg<\/h5>\n<\/li>\n<li>\n<h5><strong>MAX. SYSTEMGEWICHT<\/strong>: 140 kg<\/h5>\n<\/li>\n<\/ul>\n","protected":false},"excerpt":{"rendered":"<h3>Beschreibung<\/h3>\n<ul>\n<li>Je leichter ein Bike, desto besser sein Fahrverhalten \u2013 deshalb besteht der Nature Rahmen auch aus doppelt konifizierten Aluminiumrohren. Der Vorteil: wenig Gewicht ohne Abstriche in Sachen Stabilit\u00e4t und Langlebigkeit. Au\u00dferdem l\u00e4sst er gen\u00fcgend Platz f\u00fcr bis zu 50 mm breite Reifen f\u00fcr noch h\u00f6heren Fahrkomfort und hat ein konisches Steuerrohr f\u00fcr 1a-Lenkpr\u00e4zision. Zus\u00e4tzlich zu den im Smooth Welding Verfahren gestalteten Rohrverbindungen unterstreichen elegante Verschraubungspunkte f\u00fcr Gep\u00e4cktr\u00e4ger und Schutzbleche den anmutigen Look und erlauben die einfache Umr\u00fcstung und Anpassung an individuelle Bed\u00fcrfnisse. Damit bist du noch entspannter \u2013 und l\u00e4nger \u2013 unterwegs!<\/li>\n<\/ul>\n","protected":false},"featured_media":14254,"comment_status":"open","ping_status":"closed","template":"","meta":[],"product_brand":[342],"product_cat":[341],"product_tag":[413,344,345],"class_list":{"0":"post-12057","1":"product","2":"type-product","3":"status-publish","4":"has-post-thumbnail","6":"product_brand-cube","7":"product_cat-fahrraeder","8":"product_tag-413","9":"product_tag-cube","10":"product_tag-fahrraeder","12":"first","13":"instock","14":"taxable","15":"shipping-taxable","16":"purchasable","17":"product-type-simple"},"_links":{"self":[{"href":"https:\/\/benimarkt.at\/index.php?rest_route=\/wp\/v2\/product\/12057","targetHints":{"allow":["GET"]}}],"collection":[{"href":"https:\/\/benimarkt.at\/index.php?rest_route=\/wp\/v2\/product"}],"about":[{"href":"https:\/\/benimarkt.at\/index.php?rest_route=\/wp\/v2\/types\/product"}],"replies":[{"embeddable":true,"href":"https:\/\/benimarkt.at\/index.php?rest_route=%2Fwp%2Fv2%2Fcomments&post=12057"}],"version-history":[{"count":1,"href":"https:\/\/benimarkt.at\/index.php?rest_route=\/wp\/v2\/product\/12057\/revisions"}],"predecessor-version":[{"id":12061,"href":"https:\/\/benimarkt.at\/index.php?rest_route=\/wp\/v2\/product\/12057\/revisions\/12061"}],"wp:featuredmedia":[{"embeddable":true,"href":"https:\/\/benimarkt.at\/index.php?rest_route=\/wp\/v2\/media\/14254"}],"wp:attachment":[{"href":"https:\/\/benimarkt.at\/index.php?rest_route=%2Fwp%2Fv2%2Fmedia&parent=12057"}],"wp:term":[{"taxonomy":"product_brand","embeddable":true,"href":"https:\/\/benimarkt.at\/index.php?rest_route=%2Fwp%2Fv2%2Fproduct_brand&post=12057"},{"taxonomy":"product_cat","embeddable":true,"href":"https:\/\/benimarkt.at\/index.php?rest_route=%2Fwp%2Fv2%2Fproduct_cat&post=12057"},{"taxonomy":"product_tag","embeddable":true,"href":"https:\/\/benimarkt.at\/index.php?rest_route=%2Fwp%2Fv2%2Fproduct_tag&post=12057"}],"curies":[{"name":"wp","href":"https:\/\/api.w.org\/{rel}","templated":true}]}}